{"id":255,"date":"2019-07-16T12:38:40","date_gmt":"2019-07-16T12:38:40","guid":{"rendered":"https:\/\/livewp.site\/wp\/md\/sirona\/?page_id=255"},"modified":"2025-02-14T16:46:59","modified_gmt":"2025-02-14T16:46:59","slug":"contacts","status":"publish","type":"page","link":"https:\/\/www.cliniqueorl.com\/en\/contacts\/","title":{"rendered":"Contact us"},"content":{"rendered":"\t\t<div data-elementor-type=\"wp-post\" data-elementor-id=\"255\" class=\"elementor elementor-255\" data-elementor-post-type=\"page\">\n\t\t\t\t\t\t<section class=\"elementor-section elementor-top-section elementor-element elementor-element-130c9cd6 elementor-section-stretched elementor-section-full_width elementor-section-height-default elementor-section-height-default\" data-id=\"130c9cd6\" data-element_type=\"section\" data-e-type=\"section\" data-settings=\"{&quot;stretch_section&quot;:&quot;section-stretched&quot;}\">\n\t\t\t\t\t\t<div class=\"elementor-container elementor-column-gap-no\">\n\t\t\t\t\t<div class=\"elementor-column elementor-col-100 elementor-top-column elementor-element elementor-element-277b0e23\" data-id=\"277b0e23\" data-element_type=\"column\" data-e-type=\"column\">\n\t\t\t<div class=\"elementor-widget-wrap elementor-element-populated\">\n\t\t\t\t\t\t<div class=\"elementor-element elementor-element-4fb48af1 elementor-widget elementor-widget-gt3-core-googlemap\" data-id=\"4fb48af1\" data-element_type=\"widget\" data-e-type=\"widget\" data-widget_type=\"gt3-core-googlemap.default\">\n\t\t\t\t<div class=\"elementor-widget-container\">\n\t\t\t\t\t\t<div class=\"gt3_core_elementor_map \">\r\n\t\t<div class=\"map-core-canvas map-id-b085b431\"><\/div>\r\n\t\t\t\t<script>\r\n\t\t\tfunction gt3_core_initialize_map_b085b431() {\r\n\t\t\t\t\t\t\t\t\tvar styleArray = [{\"featureType\":\"water\",\"elementType\":\"geometry\",\"stylers\":[{\"color\":\"#e9e9e9\"},{\"lightness\":17}]},{\"featureType\":\"landscape\",\"elementType\":\"geometry\",\"stylers\":[{\"color\":\"#f5f5f5\"},{\"lightness\":20}]},{\"featureType\":\"road.highway\",\"elementType\":\"geometry.fill\",\"stylers\":[{\"color\":\"#ffffff\"},{\"lightness\":17}]},{\"featureType\":\"road.highway\",\"elementType\":\"geometry.stroke\",\"stylers\":[{\"color\":\"#ffffff\"},{\"lightness\":29},{\"weight\":0.200000000000000011102230246251565404236316680908203125}]},{\"featureType\":\"road.arterial\",\"elementType\":\"geometry\",\"stylers\":[{\"color\":\"#ffffff\"},{\"lightness\":18}]},{\"featureType\":\"road.local\",\"elementType\":\"geometry\",\"stylers\":[{\"color\":\"#ffffff\"},{\"lightness\":16}]},{\"featureType\":\"poi\",\"elementType\":\"geometry\",\"stylers\":[{\"color\":\"#f5f5f5\"},{\"lightness\":21}]},{\"featureType\":\"poi.park\",\"elementType\":\"geometry\",\"stylers\":[{\"color\":\"#dedede\"},{\"lightness\":21}]},{\"elementType\":\"labels.text.stroke\",\"stylers\":[{\"visibility\":\"on\"},{\"color\":\"#ffffff\"},{\"lightness\":16}]},{\"elementType\":\"labels.text.fill\",\"stylers\":[{\"saturation\":36},{\"color\":\"#333333\"},{\"lightness\":40}]},{\"elementType\":\"labels.icon\",\"stylers\":[{\"visibility\":\"off\"}]},{\"featureType\":\"transit\",\"elementType\":\"geometry\",\"stylers\":[{\"color\":\"#f2f2f2\"},{\"lightness\":19}]},{\"featureType\":\"administrative\",\"elementType\":\"geometry.fill\",\"stylers\":[{\"color\":\"#fefefe\"},{\"lightness\":20}]},{\"featureType\":\"administrative\",\"elementType\":\"geometry.stroke\",\"stylers\":[{\"color\":\"#fefefe\"},{\"lightness\":17},{\"weight\":1.1999999999999999555910790149937383830547332763671875}]}];\r\n\t\t\t\t\r\n\t\t\t\tdefinePopupClass();\r\n\r\n\t\t\t\tvar myLatlng = new google.maps.LatLng(45.522849, -73.622335);\r\n\r\n\t\t\t\tvar mapOptions = {\r\n\t\t\t\t\tzoom: 10,\r\n\t\t\t\t\tscrollwheel: false,\r\n\t\t\t\t\tcenter: myLatlng,\r\n\t\t\t\t\tmapTypeId: google.maps.MapTypeId.ROADMAP,\r\n\t\t\t\t\tstyles: styleArray\r\n\t\t\t\t};\r\n\r\n\t\t\t\tvar map = new google.maps.Map(document.getElementsByClassName('map-id-b085b431')[0], mapOptions);\r\n\r\n\t\t\t\tvar marker = new google.maps.Marker({\r\n\t\t\t\t\t position: myLatlng,\r\n\t\t\t\t\t map: map,\r\n\t\t\t\t\t icon: 'https:\/\/gt3themes.s3.amazonaws.com\/gmap\/sirona.png'\r\n\t\t\t\t});\r\n\r\n\t\t\t\t\r\n\t\t\t}\r\n\r\n\t\t\tfunction definePopupClass() {\r\n\t\t\t\tPopup = function(position, content) {\r\n\t\t\t\t\tthis.position = position;\r\n\r\n\t\t\t\t\tcontent.classList.add('popup-bubble-content');\r\n\r\n\t\t\t\t\tvar pixelOffset = document.createElement('div');\r\n\t\t\t\t\tpixelOffset.classList.add('popup-bubble-anchor');\r\n\t\t\t\t\tpixelOffset.appendChild(content);\r\n\r\n\t\t\t\t\tthis.anchor = document.createElement('div');\r\n\t\t\t\t\tthis.anchor.classList.add('popup-tip-anchor');\r\n\t\t\t\t\tthis.anchor.appendChild(pixelOffset);\r\n\r\n\t\t\t\t\tthis.stopEventPropagation();\r\n\t\t\t\t};\r\n\t\t\t\tPopup.prototype = Object.create(google.maps.OverlayView.prototype);\r\n\r\n\t\t\t\tPopup.prototype.onAdd = function() {\r\n\t\t\t\t\tthis.getPanes().floatPane.appendChild(this.anchor);\r\n\t\t\t\t};\r\n\r\n\t\t\t\tPopup.prototype.onRemove = function() {\r\n\t\t\t\t\tif (this.anchor.parentElement) {\r\n\t\t\t\t\t\tthis.anchor.parentElement.removeChild(this.anchor);\r\n\t\t\t\t\t}\r\n\t\t\t\t};\r\n\r\n\t\t\t\tPopup.prototype.draw = function() {\r\n\t\t\t\t\tvar divPosition = this.getProjection().fromLatLngToDivPixel(this.position);\r\n\t\t\t\t\tvar display =\r\n\t\t\t\t\t\tMath.abs(divPosition.x) < 4000 && Math.abs(divPosition.y) < 4000 ?\r\n                                    'block' :\r\n                                    'none';\r\n\r\n\t\t\t\t\tif (display === 'block') {\r\n\t\t\t\t\tthis.anchor.style.left = divPosition.x + 'px';\r\n\t\t\t\t\tthis.anchor.style.top = divPosition.y + 'px';\r\n\t\t\t\t}\r\n\t\t\t\tif (this.anchor.style.display !== display) {\r\n\t\t\t\t\tthis.anchor.style.display = display;\r\n\t\t\t\t}\r\n\t\t\t};\r\n\r\n\t\t\tPopup.prototype.stopEventPropagation = function() {\r\n\t\t\t\tvar anchor = this.anchor;\r\n\t\t\t\tanchor.style.cursor = 'auto';\r\n\t\t\t\t\t['click', 'dblclick', 'contextmenu', 'wheel', 'mousedown', 'touchstart', 'pointerdown'].forEach(function(event) {\r\n\t\t\t\t\t\tanchor.addEventListener(event, function(e) {\r\n\t\t\t\t\t\t\te.stopPropagation();\r\n\t\t\t\t\t\t});\r\n\t\t\t\t\t});\r\n\t\t\t};\r\n\t\t\t}\r\n\t\t\tjQuery(document).ready(function(){\r\n\t\t\t\tif ('google' in window) {\r\n\t\t\t\t\tgt3_core_initialize_map_b085b431();\r\n\t\t\t\t} else {\r\n\t\t\t\t\tsetTimeout(function () {\r\n\t\t\t\t\t\tif ('google' in window) {\r\n\t\t\t\t\t\t\tgt3_core_initialize_map_b085b431();\r\n\t\t\t\t\t\t}\r\n\t\t\t\t\t}, 3000);\r\n\t\t\t\t}\r\n\t\t\t});\r\n\t\t<\/script>\r\n\t<\/div>\r\n\t\t\t\t<\/div>\n\t\t\t\t<\/div>\n\t\t\t\t\t<\/div>\n\t\t<\/div>\n\t\t\t\t\t<\/div>\n\t\t<\/section>\n\t\t\t\t<section class=\"elementor-section elementor-top-section elementor-element elementor-element-24bae5f3 elementor-section-content-middle elementor-section-boxed elementor-section-height-default elementor-section-height-default\" data-id=\"24bae5f3\" data-element_type=\"section\" data-e-type=\"section\" data-settings=\"{&quot;background_background&quot;:&quot;classic&quot;}\">\n\t\t\t\t\t\t<div class=\"elementor-container elementor-column-gap-default\">\n\t\t\t\t\t<div class=\"elementor-column elementor-col-33 elementor-top-column elementor-element elementor-element-4ef5e02c\" data-id=\"4ef5e02c\" data-element_type=\"column\" data-e-type=\"column\">\n\t\t\t<div class=\"elementor-widget-wrap elementor-element-populated\">\n\t\t\t\t\t\t<div class=\"elementor-element elementor-element-3a77535 elementor-widget elementor-widget-spacer\" data-id=\"3a77535\" data-element_type=\"widget\" data-e-type=\"widget\" data-widget_type=\"spacer.default\">\n\t\t\t\t<div class=\"elementor-widget-container\">\n\t\t\t\t\t\t\t<div class=\"elementor-spacer\">\n\t\t\t<div class=\"elementor-spacer-inner\"><\/div>\n\t\t<\/div>\n\t\t\t\t\t\t<\/div>\n\t\t\t\t<\/div>\n\t\t\t\t<div class=\"elementor-element elementor-element-368768d elementor-position-left elementor-vertical-align-top elementor-widget elementor-widget-gt3-core-imagebox\" data-id=\"368768d\" data-element_type=\"widget\" data-e-type=\"widget\" data-widget_type=\"gt3-core-imagebox.default\">\n\t\t\t\t<div class=\"elementor-widget-container\">\n\t\t\t\t\t<div class=\"gt3-core-imagebox-wrapper elementor-image_icon-position-default\"><figure class=\"gt3-core-imagebox-img\"><img decoding=\"async\" src=\"https:\/\/www.cliniqueorl.com\/wp-content\/uploads\/elementor\/thumbs\/icon-11-pjiknb37pa1i3d5q9g8psbjh311f99q7u1nlfhgy5c.png\" title=\"icon-11\" alt=\"icon-11\" loading=\"lazy\" \/><\/figure><div class=\"gt3-core-imagebox-content\"><div class=\"gt3-core-imagebox-title\"><p class=\"gt3-core-imagebox-title\">514 <b>375-6018<\/b><\/p><\/div><p class=\"gt3-core-imagebox-description\">INFORMATION<\/p><\/div><\/div>\t\t\t\t<\/div>\n\t\t\t\t<\/div>\n\t\t\t\t<div class=\"elementor-element elementor-element-36249a21 elementor-widget elementor-widget-spacer\" data-id=\"36249a21\" data-element_type=\"widget\" data-e-type=\"widget\" data-widget_type=\"spacer.default\">\n\t\t\t\t<div class=\"elementor-widget-container\">\n\t\t\t\t\t\t\t<div class=\"elementor-spacer\">\n\t\t\t<div class=\"elementor-spacer-inner\"><\/div>\n\t\t<\/div>\n\t\t\t\t\t\t<\/div>\n\t\t\t\t<\/div>\n\t\t\t\t\t<\/div>\n\t\t<\/div>\n\t\t\t\t<div class=\"elementor-column elementor-col-33 elementor-top-column elementor-element elementor-element-5d07580\" data-id=\"5d07580\" data-element_type=\"column\" data-e-type=\"column\">\n\t\t\t<div class=\"elementor-widget-wrap elementor-element-populated\">\n\t\t\t\t\t\t<div class=\"elementor-element elementor-element-5a33cd8e elementor-hidden-phone elementor-widget elementor-widget-spacer\" data-id=\"5a33cd8e\" data-element_type=\"widget\" data-e-type=\"widget\" data-widget_type=\"spacer.default\">\n\t\t\t\t<div class=\"elementor-widget-container\">\n\t\t\t\t\t\t\t<div class=\"elementor-spacer\">\n\t\t\t<div class=\"elementor-spacer-inner\"><\/div>\n\t\t<\/div>\n\t\t\t\t\t\t<\/div>\n\t\t\t\t<\/div>\n\t\t\t\t<div class=\"elementor-element elementor-element-fe3cfb6 elementor-position-left elementor-vertical-align-top elementor-widget elementor-widget-gt3-core-imagebox\" data-id=\"fe3cfb6\" data-element_type=\"widget\" data-e-type=\"widget\" data-widget_type=\"gt3-core-imagebox.default\">\n\t\t\t\t<div class=\"elementor-widget-container\">\n\t\t\t\t\t<div class=\"gt3-core-imagebox-wrapper elementor-image_icon-position-default\"><figure class=\"gt3-core-imagebox-img\"><img decoding=\"async\" src=\"https:\/\/www.cliniqueorl.com\/wp-content\/uploads\/elementor\/thumbs\/icon-13-pjiknb37sck0h2be2g70xqy9bvfxz2wxnxe3x2qwpa.png\" title=\"icon-13\" alt=\"icon-13\" loading=\"lazy\" \/><\/figure><div class=\"gt3-core-imagebox-content\"><div class=\"gt3-core-imagebox-title\"><p class=\"gt3-core-imagebox-title\">514 <b>819 8975<\/b><\/p><\/div><p class=\"gt3-core-imagebox-description\">T\u00c9L\u00c9COPIEUR<\/p><\/div><\/div>\t\t\t\t<\/div>\n\t\t\t\t<\/div>\n\t\t\t\t<div class=\"elementor-element elementor-element-becb952 elementor-hidden-phone elementor-widget elementor-widget-spacer\" data-id=\"becb952\" data-element_type=\"widget\" data-e-type=\"widget\" data-widget_type=\"spacer.default\">\n\t\t\t\t<div class=\"elementor-widget-container\">\n\t\t\t\t\t\t\t<div class=\"elementor-spacer\">\n\t\t\t<div class=\"elementor-spacer-inner\"><\/div>\n\t\t<\/div>\n\t\t\t\t\t\t<\/div>\n\t\t\t\t<\/div>\n\t\t\t\t\t<\/div>\n\t\t<\/div>\n\t\t\t\t<div class=\"elementor-column elementor-col-33 elementor-top-column elementor-element elementor-element-3886f6f1\" data-id=\"3886f6f1\" data-element_type=\"column\" data-e-type=\"column\">\n\t\t\t<div class=\"elementor-widget-wrap elementor-element-populated\">\n\t\t\t\t\t\t<div class=\"elementor-element elementor-element-69c7212 elementor-widget elementor-widget-spacer\" data-id=\"69c7212\" data-element_type=\"widget\" data-e-type=\"widget\" data-widget_type=\"spacer.default\">\n\t\t\t\t<div class=\"elementor-widget-container\">\n\t\t\t\t\t\t\t<div class=\"elementor-spacer\">\n\t\t\t<div class=\"elementor-spacer-inner\"><\/div>\n\t\t<\/div>\n\t\t\t\t\t\t<\/div>\n\t\t\t\t<\/div>\n\t\t\t\t<div class=\"elementor-element elementor-element-38970c0 elementor-position-left elementor-vertical-align-top elementor-widget elementor-widget-gt3-core-imagebox\" data-id=\"38970c0\" data-element_type=\"widget\" data-e-type=\"widget\" data-widget_type=\"gt3-core-imagebox.default\">\n\t\t\t\t<div class=\"elementor-widget-container\">\n\t\t\t\t\t<div class=\"gt3-core-imagebox-wrapper elementor-image_icon-position-default\"><figure class=\"gt3-core-imagebox-img\"><img decoding=\"async\" src=\"https:\/\/www.cliniqueorl.com\/wp-content\/uploads\/elementor\/thumbs\/icon-14-pjiknb37zsy3ywjzvqd7g2nvn2f7fh83tn1ctif3au.png\" title=\"icon-14\" alt=\"icon-14\" loading=\"lazy\" \/><\/figure><div class=\"gt3-core-imagebox-content\"><div class=\"gt3-core-imagebox-title\"><p class=\"gt3-core-imagebox-title\">info@cliniqueorl.com<\/p><\/div><p class=\"gt3-core-imagebox-description\">COURRIEL<\/p><\/div><\/div>\t\t\t\t<\/div>\n\t\t\t\t<\/div>\n\t\t\t\t<div class=\"elementor-element elementor-element-445094e elementor-widget elementor-widget-spacer\" data-id=\"445094e\" data-element_type=\"widget\" data-e-type=\"widget\" data-widget_type=\"spacer.default\">\n\t\t\t\t<div class=\"elementor-widget-container\">\n\t\t\t\t\t\t\t<div class=\"elementor-spacer\">\n\t\t\t<div class=\"elementor-spacer-inner\"><\/div>\n\t\t<\/div>\n\t\t\t\t\t\t<\/div>\n\t\t\t\t<\/div>\n\t\t\t\t\t<\/div>\n\t\t<\/div>\n\t\t\t\t\t<\/div>\n\t\t<\/section>\n\t\t\t\t<section class=\"elementor-section elementor-top-section elementor-element elementor-element-15705add elementor-section-boxed elementor-section-height-default elementor-section-height-default\" data-id=\"15705add\" data-element_type=\"section\" data-e-type=\"section\">\n\t\t\t\t\t\t<div class=\"elementor-container elementor-column-gap-default\">\n\t\t\t\t\t<div class=\"elementor-column elementor-col-50 elementor-top-column elementor-element elementor-element-76e330e7\" data-id=\"76e330e7\" data-element_type=\"column\" data-e-type=\"column\">\n\t\t\t<div class=\"elementor-widget-wrap elementor-element-populated\">\n\t\t\t\t\t\t<div class=\"elementor-element elementor-element-5fd6f04d elementor-widget elementor-widget-spacer\" data-id=\"5fd6f04d\" data-element_type=\"widget\" data-e-type=\"widget\" data-widget_type=\"spacer.default\">\n\t\t\t\t<div class=\"elementor-widget-container\">\n\t\t\t\t\t\t\t<div class=\"elementor-spacer\">\n\t\t\t<div class=\"elementor-spacer-inner\"><\/div>\n\t\t<\/div>\n\t\t\t\t\t\t<\/div>\n\t\t\t\t<\/div>\n\t\t\t\t<div class=\"elementor-element-custom_font_size elementor-element-custom_line_height elementor-element-custom_font_weight elementor-element elementor-element-b2ff3c elementor-widget elementor-widget-text-editor\" data-id=\"b2ff3c\" data-element_type=\"widget\" data-e-type=\"widget\" data-widget_type=\"text-editor.default\">\n\t\t\t\t<div class=\"elementor-widget-container\">\n\t\t\t\t\t\t\t\t\t<p style=\"text-align: center;\"><b>Avant de nous appeler, avez-vous essay\u00e9 la prise de rendez-vous en ligne ?<\/b><\/p>\t\t\t\t\t\t\t\t<\/div>\n\t\t\t\t<\/div>\n\t\t\t\t<div class=\"elementor-element elementor-element-bd06ffa elementor-button-warning elementor-align-center elementor-widget elementor-widget-button\" data-id=\"bd06ffa\" data-element_type=\"widget\" data-e-type=\"widget\" data-widget_type=\"button.default\">\n\t\t\t\t<div class=\"elementor-widget-container\">\n\t\t\t\t\t\t\t\t\t<div class=\"elementor-button-wrapper\">\n\t\t\t\t\t<a class=\"elementor-button elementor-button-link elementor-size-xl\" href=\"https:\/\/prisederendez-vousenligne.medikazam.com\/medical\/#1129\/clinicInformation\" target=\"_blank\" rel=\"noopener\">\n\t\t\t\t\t\t<span class=\"elementor-button-content-wrapper\">\n\t\t\t\t\t\t\t\t\t<span class=\"elementor-button-text\">RENDEZ-VOUS EN LIGNE<\/span>\n\t\t\t\t\t<\/span>\n\t\t\t\t\t<\/a>\n\t\t\t\t<\/div>\n\t\t\t\t\t\t\t\t<\/div>\n\t\t\t\t<\/div>\n\t\t\t\t<div class=\"elementor-element-custom_font_size elementor-element-custom_line_height elementor-element-custom_font_weight elementor-element elementor-element-a9b103f elementor-widget elementor-widget-text-editor\" data-id=\"a9b103f\" data-element_type=\"widget\" data-e-type=\"widget\" data-widget_type=\"text-editor.default\">\n\t\t\t\t<div class=\"elementor-widget-container\">\n\t\t\t\t\t\t\t\t\t<ul><li>Nos valeurs: disponibilit\u00e9, efficacit\u00e9, comp\u00e9tence, gentillesse<\/li><li>Clinique situ\u00e9e en plein centre de l&rsquo;\u00efle de Montr\u00e9al.<\/li><li>Syst\u00e8me de rendez-vous en ligne compl\u00e8tement \u00e9lectronique<\/li><\/ul>\t\t\t\t\t\t\t\t<\/div>\n\t\t\t\t<\/div>\n\t\t\t\t<div class=\"elementor-element elementor-element-6c348d64 elementor-widget elementor-widget-spacer\" data-id=\"6c348d64\" data-element_type=\"widget\" data-e-type=\"widget\" data-widget_type=\"spacer.default\">\n\t\t\t\t<div class=\"elementor-widget-container\">\n\t\t\t\t\t\t\t<div class=\"elementor-spacer\">\n\t\t\t<div class=\"elementor-spacer-inner\"><\/div>\n\t\t<\/div>\n\t\t\t\t\t\t<\/div>\n\t\t\t\t<\/div>\n\t\t\t\t<div class=\"elementor-element elementor-element-1e32abc1 elementor-widget elementor-widget-spacer\" data-id=\"1e32abc1\" data-element_type=\"widget\" data-e-type=\"widget\" data-widget_type=\"spacer.default\">\n\t\t\t\t<div class=\"elementor-widget-container\">\n\t\t\t\t\t\t\t<div class=\"elementor-spacer\">\n\t\t\t<div class=\"elementor-spacer-inner\"><\/div>\n\t\t<\/div>\n\t\t\t\t\t\t<\/div>\n\t\t\t\t<\/div>\n\t\t\t\t\t<\/div>\n\t\t<\/div>\n\t\t\t\t<div class=\"elementor-column elementor-col-50 elementor-top-column elementor-element elementor-element-7e6263a7\" data-id=\"7e6263a7\" data-element_type=\"column\" data-e-type=\"column\">\n\t\t\t<div class=\"elementor-widget-wrap elementor-element-populated\">\n\t\t\t\t\t\t<div class=\"elementor-element elementor-element-7b00ecc8 elementor-widget elementor-widget-spacer\" data-id=\"7b00ecc8\" data-element_type=\"widget\" data-e-type=\"widget\" data-widget_type=\"spacer.default\">\n\t\t\t\t<div class=\"elementor-widget-container\">\n\t\t\t\t\t\t\t<div class=\"elementor-spacer\">\n\t\t\t<div class=\"elementor-spacer-inner\"><\/div>\n\t\t<\/div>\n\t\t\t\t\t\t<\/div>\n\t\t\t\t<\/div>\n\t\t\t\t<div class=\"elementor-element-custom_font_size elementor-element-custom_line_height elementor-element elementor-element-260a2545 elementor-widget elementor-widget-text-editor\" data-id=\"260a2545\" data-element_type=\"widget\" data-e-type=\"widget\" data-widget_type=\"text-editor.default\">\n\t\t\t\t<div class=\"elementor-widget-container\">\n\t\t\t\t\t\t\t\t\t<h4>ADRESSE<\/h4>\t\t\t\t\t\t\t\t<\/div>\n\t\t\t\t<\/div>\n\t\t\t\t<div class=\"elementor-element elementor-element-152c759b elementor-widget elementor-widget-spacer\" data-id=\"152c759b\" data-element_type=\"widget\" data-e-type=\"widget\" data-widget_type=\"spacer.default\">\n\t\t\t\t<div class=\"elementor-widget-container\">\n\t\t\t\t\t\t\t<div class=\"elementor-spacer\">\n\t\t\t<div class=\"elementor-spacer-inner\"><\/div>\n\t\t<\/div>\n\t\t\t\t\t\t<\/div>\n\t\t\t\t<\/div>\n\t\t\t\t<div class=\"elementor-element-custom_font_size elementor-element-custom_line_height elementor-element-custom_font_weight elementor-element elementor-element-210eaf14 elementor-widget elementor-widget-text-editor\" data-id=\"210eaf14\" data-element_type=\"widget\" data-e-type=\"widget\" data-widget_type=\"text-editor.default\">\n\t\t\t\t<div class=\"elementor-widget-container\">\n\t\t\t\t\t\t\t\t\t<p>1130 av. Beaumont Suite 110<br \/>Mont-Royal QC H3P3E5<\/p>\t\t\t\t\t\t\t\t<\/div>\n\t\t\t\t<\/div>\n\t\t\t\t<div class=\"elementor-element elementor-element-2f047481 elementor-widget elementor-widget-spacer\" data-id=\"2f047481\" data-element_type=\"widget\" data-e-type=\"widget\" data-widget_type=\"spacer.default\">\n\t\t\t\t<div class=\"elementor-widget-container\">\n\t\t\t\t\t\t\t<div class=\"elementor-spacer\">\n\t\t\t<div class=\"elementor-spacer-inner\"><\/div>\n\t\t<\/div>\n\t\t\t\t\t\t<\/div>\n\t\t\t\t<\/div>\n\t\t\t\t<div class=\"elementor-element-custom_font_size elementor-element-custom_line_height elementor-element elementor-element-7375de5d elementor-widget elementor-widget-text-editor\" data-id=\"7375de5d\" data-element_type=\"widget\" data-e-type=\"widget\" data-widget_type=\"text-editor.default\">\n\t\t\t\t<div class=\"elementor-widget-container\">\n\t\t\t\t\t\t\t\t\t<h4>postes disponibles<\/h4>\t\t\t\t\t\t\t\t<\/div>\n\t\t\t\t<\/div>\n\t\t\t\t<div class=\"elementor-element elementor-element-7ab2ce6e elementor-widget elementor-widget-spacer\" data-id=\"7ab2ce6e\" data-element_type=\"widget\" data-e-type=\"widget\" data-widget_type=\"spacer.default\">\n\t\t\t\t<div class=\"elementor-widget-container\">\n\t\t\t\t\t\t\t<div class=\"elementor-spacer\">\n\t\t\t<div class=\"elementor-spacer-inner\"><\/div>\n\t\t<\/div>\n\t\t\t\t\t\t<\/div>\n\t\t\t\t<\/div>\n\t\t\t\t<div class=\"elementor-element-custom_font_size elementor-element-custom_line_height elementor-element-custom_font_weight elementor-element elementor-element-7282c561 elementor-widget elementor-widget-text-editor\" data-id=\"7282c561\" data-element_type=\"widget\" data-e-type=\"widget\" data-widget_type=\"text-editor.default\">\n\t\t\t\t<div class=\"elementor-widget-container\">\n\t\t\t\t\t\t\t\t\t<p>&#8211; ORL<br>&#8211; R\u00e9ceptionniste<br>&#8211; Infirmi\u00e8re<\/p>\t\t\t\t\t\t\t\t<\/div>\n\t\t\t\t<\/div>\n\t\t\t\t<div class=\"elementor-element elementor-element-7cece4ad elementor-widget elementor-widget-spacer\" data-id=\"7cece4ad\" data-element_type=\"widget\" data-e-type=\"widget\" data-widget_type=\"spacer.default\">\n\t\t\t\t<div class=\"elementor-widget-container\">\n\t\t\t\t\t\t\t<div class=\"elementor-spacer\">\n\t\t\t<div class=\"elementor-spacer-inner\"><\/div>\n\t\t<\/div>\n\t\t\t\t\t\t<\/div>\n\t\t\t\t<\/div>\n\t\t\t\t<div class=\"elementor-element elementor-element-4502dc33 elementor-widget elementor-widget-spacer\" data-id=\"4502dc33\" data-element_type=\"widget\" data-e-type=\"widget\" data-widget_type=\"spacer.default\">\n\t\t\t\t<div class=\"elementor-widget-container\">\n\t\t\t\t\t\t\t<div class=\"elementor-spacer\">\n\t\t\t<div class=\"elementor-spacer-inner\"><\/div>\n\t\t<\/div>\n\t\t\t\t\t\t<\/div>\n\t\t\t\t<\/div>\n\t\t\t\t<div class=\"elementor-element elementor-element-3fe8ea44 elementor-widget elementor-widget-spacer\" data-id=\"3fe8ea44\" data-element_type=\"widget\" data-e-type=\"widget\" data-widget_type=\"spacer.default\">\n\t\t\t\t<div class=\"elementor-widget-container\">\n\t\t\t\t\t\t\t<div class=\"elementor-spacer\">\n\t\t\t<div class=\"elementor-spacer-inner\"><\/div>\n\t\t<\/div>\n\t\t\t\t\t\t<\/div>\n\t\t\t\t<\/div>\n\t\t\t\t\t<\/div>\n\t\t<\/div>\n\t\t\t\t\t<\/div>\n\t\t<\/section>\n\t\t\t\t<\/div>\n\t\t","protected":false},"excerpt":{"rendered":"<p>514 375-6018 INFORMATION 514 819 8975 T\u00c9L\u00c9COPIEUR info@cliniqueorl.com COURRIEL Avant de nous appeler, avez-vous essay\u00e9 la prise de rendez-vous en ligne ? RENDEZ-VOUS EN LIGNE Nos valeurs: disponibilit\u00e9, efficacit\u00e9, comp\u00e9tence, gentillesse Clinique situ\u00e9e en plein centre de l&rsquo;\u00efle de Montr\u00e9al. Syst\u00e8me de rendez-vous en ligne compl\u00e8tement \u00e9lectronique ADRESSE 1130 av. Beaumont Suite 110 Mont-Royal QC [&hellip;]<\/p>\n","protected":false},"author":9,"featured_media":0,"parent":0,"menu_order":0,"comment_status":"closed","ping_status":"closed","template":"elementor_header_footer","meta":{"footnotes":""},"class_list":["post-255","page","type-page","status-publish","hentry"],"_links":{"self":[{"href":"https:\/\/www.cliniqueorl.com\/en\/wp-json\/wp\/v2\/pages\/255","targetHints":{"allow":["GET"]}}],"collection":[{"href":"https:\/\/www.cliniqueorl.com\/en\/wp-json\/wp\/v2\/pages"}],"about":[{"href":"https:\/\/www.cliniqueorl.com\/en\/wp-json\/wp\/v2\/types\/page"}],"author":[{"embeddable":true,"href":"https:\/\/www.cliniqueorl.com\/en\/wp-json\/wp\/v2\/users\/9"}],"replies":[{"embeddable":true,"href":"https:\/\/www.cliniqueorl.com\/en\/wp-json\/wp\/v2\/comments?post=255"}],"version-history":[{"count":12,"href":"https:\/\/www.cliniqueorl.com\/en\/wp-json\/wp\/v2\/pages\/255\/revisions"}],"predecessor-version":[{"id":3631,"href":"https:\/\/www.cliniqueorl.com\/en\/wp-json\/wp\/v2\/pages\/255\/revisions\/3631"}],"wp:attachment":[{"href":"https:\/\/www.cliniqueorl.com\/en\/wp-json\/wp\/v2\/media?parent=255"}],"curies":[{"name":"wp","href":"https:\/\/api.w.org\/{rel}","templated":true}]}}