{"id":2524,"date":"2024-03-05T18:16:12","date_gmt":"2024-03-05T18:16:12","guid":{"rendered":"https:\/\/www.cliniqueorl.com\/?page_id=2524"},"modified":"2025-03-10T23:24:04","modified_gmt":"2025-03-10T23:24:04","slug":"rendez-vous-en-ligne-orl-adulte","status":"publish","type":"page","link":"https:\/\/www.cliniqueorl.com\/en\/rendez-vous-en-ligne-orl-adulte\/","title":{"rendered":"Rendez-Vous En Ligne ORL Adulte"},"content":{"rendered":"\t\t<div data-elementor-type=\"wp-page\" data-elementor-id=\"2524\" class=\"elementor elementor-2524\" data-elementor-post-type=\"page\">\n\t\t\t\t<div class=\"elementor-element elementor-element-cfc2d44 e-flex e-con-boxed e-con e-parent\" data-id=\"cfc2d44\" data-element_type=\"container\" data-e-type=\"container\">\n\t\t\t\t\t<div class=\"e-con-inner\">\n\t\t<div class=\"elementor-element elementor-element-11e994f e-con-full e-flex e-con e-child\" data-id=\"11e994f\" data-element_type=\"container\" data-e-type=\"container\">\n\t\t\t\t<div class=\"elementor-element elementor-element-b4962ed elementor-widget elementor-widget-heading\" data-id=\"b4962ed\" data-element_type=\"widget\" data-e-type=\"widget\" data-widget_type=\"heading.default\">\n\t\t\t\t<div class=\"elementor-widget-container\">\n\t\t\t\t\t<h2 class=\"elementor-heading-title elementor-size-default\">Nouveau Patient en ORL Adulte<\/h2>\t\t\t\t<\/div>\n\t\t\t\t<\/div>\n\t\t\t\t<div class=\"elementor-element-custom_font_size_mobile elementor-element-custom_font_family elementor-element-custom_font_weight elementor-element-custom_color elementor-element elementor-element-5c36c1f elementor-widget elementor-widget-text-editor\" data-id=\"5c36c1f\" data-element_type=\"widget\" data-e-type=\"widget\" data-widget_type=\"text-editor.default\">\n\t\t\t\t<div class=\"elementor-widget-container\">\n\t\t\t\t\t\t\t\t\t<p>L&rsquo;otorhinolaryngologie se sp\u00e9cialise dans le traitement des probl\u00e8mes auditifs, nasaux et de la gorge chez les adultes.<\/p><p><strong>*NB: L&rsquo;ORL p\u00e9diatrique est maintenant d\u00e9m\u00e9nager \u00e0 la clinique m\u00e9dicale Bloom<\/strong><\/p><p>**Pour organiser un rendez-vous de suivi, les patients doivent nous contacter au <strong>(514)-375-6018<\/strong> ou cliquer ici pour \u00eatre rediriger vers la page d&rsquo;information sur les suivis en ORL Adulte.<\/p><p>***Nous sommes \u00e9galement ouverts aux r\u00e9fugi\u00e9s (avec Papier Brun ou RPCD).<\/p><p>Si vous avez <strong>une r\u00e9f\u00e9rence d&rsquo;un audiologiste<\/strong>, veuillez apporter <strong>votre test auditif et rapport audiologique complet lors de votre visite.<\/strong> Nous vous prions cordialement d&rsquo;apporter \u00e0 la fois la recommandation et le rapport d&rsquo;audiologie pour une meilleure gestion des soins.<\/p>\t\t\t\t\t\t\t\t<\/div>\n\t\t\t\t<\/div>\n\t\t\t\t<div class=\"elementor-element elementor-element-4bfa734 elementor-align-center elementor-widget elementor-widget-button\" data-id=\"4bfa734\" data-element_type=\"widget\" data-e-type=\"widget\" data-widget_type=\"button.default\">\n\t\t\t\t<div class=\"elementor-widget-container\">\n\t\t\t\t\t\t\t\t\t<div class=\"elementor-button-wrapper\">\n\t\t\t\t\t<a class=\"elementor-button elementor-button-link elementor-size-sm\" href=\"#\">\n\t\t\t\t\t\t<span class=\"elementor-button-content-wrapper\">\n\t\t\t\t\t\t\t\t\t<span class=\"elementor-button-text\">R\u00c9F\u00c9RENCE M\u00c9DICALE OBLIGATOIRE<\/span>\n\t\t\t\t\t<\/span>\n\t\t\t\t\t<\/a>\n\t\t\t\t<\/div>\n\t\t\t\t\t\t\t\t<\/div>\n\t\t\t\t<\/div>\n\t\t\t\t<div class=\"elementor-element elementor-element-c2395bf elementor-button-align-center elementor-tablet-button-align-center elementor-widget elementor-widget-form\" data-id=\"c2395bf\" data-element_type=\"widget\" data-e-type=\"widget\" data-settings=\"{&quot;step_next_label&quot;:&quot;Suivant&quot;,&quot;step_previous_label&quot;:&quot;Pr\\u00e9c\\u00e9dent&quot;,&quot;button_width&quot;:&quot;100&quot;,&quot;step_type&quot;:&quot;number_text&quot;,&quot;step_icon_shape&quot;:&quot;circle&quot;}\" data-widget_type=\"form.default\">\n\t\t\t\t<div class=\"elementor-widget-container\">\n\t\t\t\t\t\t\t<form class=\"elementor-form\" method=\"post\" name=\"Get Quote Form\" aria-label=\"Get Quote Form\">\n\t\t\t<input type=\"hidden\" name=\"post_id\" value=\"2524\"\/>\n\t\t\t<input type=\"hidden\" name=\"form_id\" value=\"c2395bf\"\/>\n\t\t\t<input type=\"hidden\" name=\"referer_title\" value=\"Rendez-Vous En Ligne ORL Adulte - Clinique ORL de Montr\u00e9al\" \/>\n\n\t\t\t\t\t\t\t<input type=\"hidden\" name=\"queried_id\" value=\"2524\"\/>\n\t\t\t\n\t\t\t<div class=\"elementor-form-fields-wrapper elementor-labels-above\">\n\t\t\t\t\t\t\t\t<div class=\"elementor-field-type-step elementor-field-group elementor-column elementor-field-group-field_affedfb elementor-col-100\">\n\t\t\t\t\t\t\t<div class=\"e-field-step elementor-hidden\" data-label=\"\" data-previousButton=\"\" data-nextButton=\"\" data-iconUrl=\"\" data-iconLibrary=\"fas fa-star\" data-icon=\"\" ><\/div>\n\n\t\t\t\t\t\t<\/div>\n\t\t\t\t\t\t\t\t<div class=\"elementor-field-type-text elementor-field-group elementor-column elementor-field-group-name elementor-col-100 elementor-field-required elementor-mark-required\">\n\t\t\t\t\t\t\t\t\t\t\t\t\t<input size=\"1\" type=\"text\" name=\"form_fields[name]\" id=\"form-field-name\" class=\"elementor-field elementor-size-lg  elementor-field-textual\" placeholder=\"Pr\u00e9nom &amp; Nom de Famille\" required=\"required\">\n\t\t\t\t\t\t\t\t\t\t\t<\/div>\n\t\t\t\t\t\t\t\t<div class=\"elementor-field-type-email elementor-field-group elementor-column elementor-field-group-email elementor-col-100 elementor-field-required elementor-mark-required\">\n\t\t\t\t\t\t\t\t\t\t\t\t\t<input size=\"1\" type=\"email\" name=\"form_fields[email]\" id=\"form-field-email\" class=\"elementor-field elementor-size-lg  elementor-field-textual\" placeholder=\"Courriel*\" required=\"required\">\n\t\t\t\t\t\t\t\t\t\t\t<\/div>\n\t\t\t\t\t\t\t\t<div class=\"elementor-field-type-tel elementor-field-group elementor-column elementor-field-group-field_6c180a9 elementor-col-100 elementor-field-required elementor-mark-required\">\n\t\t\t\t\t\t\t<input size=\"1\" type=\"tel\" name=\"form_fields[field_6c180a9]\" id=\"form-field-field_6c180a9\" class=\"elementor-field elementor-size-lg  elementor-field-textual\" placeholder=\"T\u00e9l\u00e9phone*\" required=\"required\" pattern=\"[0-9()#&amp;+*-=.]+\" title=\"Seuls les caract\u00e8res de num\u00e9ros de t\u00e9l\u00e9phone (#, -, *, etc.) sont accept\u00e9s.\">\n\n\t\t\t\t\t\t<\/div>\n\t\t\t\t\t\t\t\t<div class=\"elementor-field-type-text elementor-field-group elementor-column elementor-field-group-field_aa9e699 elementor-col-100 elementor-field-required elementor-mark-required\">\n\t\t\t\t\t\t\t\t\t\t\t\t\t<input size=\"1\" type=\"text\" name=\"form_fields[field_aa9e699]\" id=\"form-field-field_aa9e699\" class=\"elementor-field elementor-size-lg  elementor-field-textual\" placeholder=\"#Assurance Maladie\" required=\"required\">\n\t\t\t\t\t\t\t\t\t\t\t<\/div>\n\t\t\t\t\t\t\t\t<div class=\"elementor-field-type-date elementor-field-group elementor-column elementor-field-group-field_e5b2bd1 elementor-col-100 elementor-field-required elementor-mark-required\">\n\t\t\t\t\t\n\t\t<input type=\"date\" name=\"form_fields[field_e5b2bd1]\" id=\"form-field-field_e5b2bd1\" class=\"elementor-field elementor-size-lg  elementor-field-textual elementor-date-field\" placeholder=\"Expiration*\" required=\"required\" pattern=\"[0-9]{4}-[0-9]{2}-[0-9]{2}\">\n\t\t\t\t\t\t<\/div>\n\t\t\t\t\t\t\t\t<div class=\"elementor-field-type-step elementor-field-group elementor-column elementor-field-group-field_8ecabc7 elementor-col-100\">\n\t\t\t\t\t\t\t<div class=\"e-field-step elementor-hidden\" data-label=\"\" data-previousButton=\"\" data-nextButton=\"\" data-iconUrl=\"\" data-iconLibrary=\"fas fa-star\" data-icon=\"\" ><\/div>\n\n\t\t\t\t\t\t<\/div>\n\t\t\t\t\t\t\t\t<div class=\"elementor-field-type-select elementor-field-group elementor-column elementor-field-group-field_955b7c5 elementor-col-100 elementor-field-required elementor-mark-required\">\n\t\t\t\t\t\t\t\t\t\t\t\t<label for=\"form-field-field_955b7c5\" class=\"elementor-field-label\">\n\t\t\t\t\t\t\t\tSexe\t\t\t\t\t\t\t<\/label>\n\t\t\t\t\t\t\t\t<div class=\"elementor-field elementor-select-wrapper remove-before \">\n\t\t\t<div class=\"select-caret-down-wrapper\">\n\t\t\t\t<i aria-hidden=\"true\" class=\"eicon-caret-down\"><\/i>\t\t\t<\/div>\n\t\t\t<select name=\"form_fields[field_955b7c5]\" id=\"form-field-field_955b7c5\" class=\"elementor-field-textual elementor-size-lg\" required=\"required\">\n\t\t\t\t\t\t\t\t\t<option value=\"homme\">Homme<\/option>\n\t\t\t\t\t\t\t\t\t<option value=\"femme\">Femme<\/option>\n\t\t\t\t\t\t\t<\/select>\n\t\t<\/div>\n\t\t\t\t\t\t<\/div>\n\t\t\t\t\t\t\t\t<div class=\"elementor-field-type-date elementor-field-group elementor-column elementor-field-group-field_a113bf5 elementor-col-100 elementor-field-required elementor-mark-required\">\n\t\t\t\t\t\n\t\t<input type=\"date\" name=\"form_fields[field_a113bf5]\" id=\"form-field-field_a113bf5\" class=\"elementor-field elementor-size-lg  elementor-field-textual elementor-date-field\" placeholder=\"Date de naissance\" required=\"required\" pattern=\"[0-9]{4}-[0-9]{2}-[0-9]{2}\">\n\t\t\t\t\t\t<\/div>\n\t\t\t\t\t\t\t\t<div class=\"elementor-field-type-text elementor-field-group elementor-column elementor-field-group-field_9a5631f elementor-col-100\">\n\t\t\t\t\t\t\t\t\t\t\t\t\t<input size=\"1\" type=\"text\" name=\"form_fields[field_9a5631f]\" id=\"form-field-field_9a5631f\" class=\"elementor-field elementor-size-lg  elementor-field-textual\" placeholder=\"Adresse\">\n\t\t\t\t\t\t\t\t\t\t\t<\/div>\n\t\t\t\t\t\t\t\t<div class=\"elementor-field-type-text elementor-field-group elementor-column elementor-field-group-field_9264b06 elementor-col-100\">\n\t\t\t\t\t\t\t\t\t\t\t\t\t<input size=\"1\" type=\"text\" name=\"form_fields[field_9264b06]\" id=\"form-field-field_9264b06\" class=\"elementor-field elementor-size-lg  elementor-field-textual\" placeholder=\"Ville\">\n\t\t\t\t\t\t\t\t\t\t\t<\/div>\n\t\t\t\t\t\t\t\t<div class=\"elementor-field-type-text elementor-field-group elementor-column elementor-field-group-field_f2896dd elementor-col-100\">\n\t\t\t\t\t\t\t\t\t\t\t\t\t<input size=\"1\" type=\"text\" name=\"form_fields[field_f2896dd]\" id=\"form-field-field_f2896dd\" class=\"elementor-field elementor-size-lg  elementor-field-textual\" placeholder=\"Code Postal\">\n\t\t\t\t\t\t\t\t\t\t\t<\/div>\n\t\t\t\t\t\t\t\t<div class=\"elementor-field-type-step elementor-field-group elementor-column elementor-field-group-field_dffc53b elementor-col-100\">\n\t\t\t\t\t\t\t<div class=\"e-field-step elementor-hidden\" data-label=\"\" data-previousButton=\"\" data-nextButton=\"\" data-iconUrl=\"\" data-iconLibrary=\"fas fa-star\" data-icon=\"\" ><\/div>\n\n\t\t\t\t\t\t<\/div>\n\t\t\t\t\t\t\t\t<div class=\"elementor-field-type-select elementor-field-group elementor-column elementor-field-group-field_8c39d73 elementor-col-100 elementor-field-required elementor-mark-required\">\n\t\t\t\t\t\t\t\t\t\t\t\t<label for=\"form-field-field_8c39d73\" class=\"elementor-field-label\">\n\t\t\t\t\t\t\t\tLangue de pr\u00e9f\u00e9rence\t\t\t\t\t\t\t<\/label>\n\t\t\t\t\t\t\t\t<div class=\"elementor-field elementor-select-wrapper remove-before \">\n\t\t\t<div class=\"select-caret-down-wrapper\">\n\t\t\t\t<i aria-hidden=\"true\" class=\"eicon-caret-down\"><\/i>\t\t\t<\/div>\n\t\t\t<select name=\"form_fields[field_8c39d73]\" id=\"form-field-field_8c39d73\" class=\"elementor-field-textual elementor-size-lg\" required=\"required\">\n\t\t\t\t\t\t\t\t\t<option value=\"Fran\u00e7ais\">Fran\u00e7ais<\/option>\n\t\t\t\t\t\t\t\t\t<option value=\"Anglais\">Anglais<\/option>\n\t\t\t\t\t\t\t<\/select>\n\t\t<\/div>\n\t\t\t\t\t\t<\/div>\n\t\t\t\t\t\t\t\t<div class=\"elementor-field-type-upload elementor-field-group elementor-column elementor-field-group-field_3d682f6 elementor-col-100 elementor-field-required elementor-mark-required\">\n\t\t\t\t\t\t\t\t\t\t\t\t<label for=\"form-field-field_3d682f6\" class=\"elementor-field-label\">\n\t\t\t\t\t\t\t\tR\u00e9f\u00e9rence m\u00e9dicale\t\t\t\t\t\t\t<\/label>\n\t\t\t\t\t\t\t\t<input type=\"file\" name=\"form_fields[field_3d682f6][]\" id=\"form-field-field_3d682f6\" class=\"elementor-field elementor-size-lg  elementor-upload-field\" required=\"required\" multiple=\"multiple\" data-maxsize=\"2\" data-maxsize-message=\"Ce fichier d\u00e9passe la taille maximale autoris\u00e9e.\">\n\n\t\t\t\t\t\t<\/div>\n\t\t\t\t\t\t\t\t<div class=\"elementor-field-type-textarea elementor-field-group elementor-column elementor-field-group-field_ed7e2f2 elementor-col-100\">\n\t\t\t\t\t\t\t\t\t\t\t\t<label for=\"form-field-field_ed7e2f2\" class=\"elementor-field-label\">\n\t\t\t\t\t\t\t\tInformations suppl\u00e9mentaires\t\t\t\t\t\t\t<\/label>\n\t\t\t\t\t\t<textarea class=\"elementor-field-textual elementor-field  elementor-size-lg\" name=\"form_fields[field_ed7e2f2]\" id=\"form-field-field_ed7e2f2\" rows=\"4\" placeholder=\"Informations suppl\u00e9mentaires\"><\/textarea>\t\t\t\t<\/div>\n\t\t\t\t\t\t\t\t<div class=\"elementor-field-group elementor-column elementor-field-type-submit elementor-col-100 e-form__buttons\">\n\t\t\t\t\t<button class=\"elementor-button elementor-size-sm\" type=\"submit\">\n\t\t\t\t\t\t<span class=\"elementor-button-content-wrapper\">\n\t\t\t\t\t\t\t\t\t\t\t\t\t\t\t\t\t\t\t\t\t\t<span class=\"elementor-button-text\">Envoyer<\/span>\n\t\t\t\t\t\t\t\t\t\t\t\t\t<\/span>\n\t\t\t\t\t<\/button>\n\t\t\t\t<\/div>\n\t\t\t<\/div>\n\t\t<\/form>\n\t\t\t\t\t\t<\/div>\n\t\t\t\t<\/div>\n\t\t<div class=\"elementor-element elementor-element-ed3d3e4 e-con-full e-flex e-con e-child\" data-id=\"ed3d3e4\" data-element_type=\"container\" data-e-type=\"container\">\n\t\t<div class=\"elementor-element elementor-element-2b73e80 e-con-full e-flex e-con e-child\" data-id=\"2b73e80\" data-element_type=\"container\" data-e-type=\"container\">\n\t\t\t\t<div class=\"elementor-element-custom_font_size elementor-element-custom_font_size_mobile elementor-element-custom_line_height_mobile elementor-element-custom_font_weight elementor-element-custom_color elementor-element elementor-element-cde67a1 elementor-widget elementor-widget-text-editor\" data-id=\"cde67a1\" data-element_type=\"widget\" data-e-type=\"widget\" data-widget_type=\"text-editor.default\">\n\t\t\t\t<div class=\"elementor-widget-container\">\n\t\t\t\t\t\t\t\t\t<ul class=\"gt3_styled_list\"><li><i class=\"gt3_list__icon fa fa-check\"><\/i>Une r\u00e9f\u00e9rence m\u00e9dicale est requise pour un rendez-vous\u00a0<\/li><li><i class=\"gt3_list__icon fa fa-check\"><\/i>Nous acceptons aucune violence verbale envers notre personnel<\/li><li><i class=\"gt3_list__icon fa fa-check\"><\/i>50$ de frais d&rsquo;annulation ou de non-pr\u00e9sence \u00e0 un rdv ORL<\/li><li><i class=\"gt3_list__icon fa fa-check\"><\/i>le stationnement est payant 2$ de l&rsquo;heure<\/li><\/ul>\t\t\t\t\t\t\t\t<\/div>\n\t\t\t\t<\/div>\n\t\t\t\t<\/div>\n\t\t<div class=\"elementor-element elementor-element-8ca922d e-con-full e-flex e-con e-child\" data-id=\"8ca922d\" data-element_type=\"container\" data-e-type=\"container\">\n\t\t\t\t<div class=\"elementor-element-custom_font_size elementor-element-custom_font_size_mobile elementor-element-custom_line_height_mobile elementor-element-custom_font_weight elementor-element-custom_color elementor-element elementor-element-da13813 elementor-widget elementor-widget-text-editor\" data-id=\"da13813\" data-element_type=\"widget\" data-e-type=\"widget\" data-widget_type=\"text-editor.default\">\n\t\t\t\t<div class=\"elementor-widget-container\">\n\t\t\t\t\t\t\t\t\t<ul class=\"gt3_styled_list\"><li><i class=\"gt3_list__icon fa fa-check\"><\/i>nous r\u00e9pondons aux messages vocaux 2x par jour<\/li><li><i class=\"gt3_list__icon fa fa-check\"><\/i>nous r\u00e9pondons aux courriels en 48 heures ouvrables<\/li><li><i class=\"gt3_list__icon fa fa-check\"><\/i>les ORL p\u00e9diatriques sont maintenant chez Bloom m\u00e9dical<\/li><li><i class=\"gt3_list__icon fa fa-check\"><\/i>merci de nous faire confiance pour vos soins en ORL<\/li><\/ul>\t\t\t\t\t\t\t\t<\/div>\n\t\t\t\t<\/div>\n\t\t\t\t<\/div>\n\t\t\t\t<\/div>\n\t\t\t\t<div class=\"elementor-element-custom_font_size elementor-element-custom_font_size_mobile elementor-element-custom_color elementor-element elementor-element-307e3a6 elementor-widget elementor-widget-text-editor\" data-id=\"307e3a6\" data-element_type=\"widget\" data-e-type=\"widget\" data-widget_type=\"text-editor.default\">\n\t\t\t\t<div class=\"elementor-widget-container\">\n\t\t\t\t\t\t\t\t\t<h3>QUESTIONS FR\u00c9QUEMMENT POS\u00c9ES<\/h3>\t\t\t\t\t\t\t\t<\/div>\n\t\t\t\t<\/div>\n\t\t\t\t<div class=\"elementor-element elementor-element-40efa02 elementor-widget elementor-widget-gt3-core-accordion\" data-id=\"40efa02\" data-element_type=\"widget\" data-e-type=\"widget\" data-widget_type=\"gt3-core-accordion.default\">\n\t\t\t\t<div class=\"elementor-widget-container\">\n\t\t\t\t\t\t<div class=\"accordion_wrapper\" data-settings=\"{&quot;collapsible&quot;:false,&quot;active&quot;:0}\">\r\n\t<div class=\"item_title\">Vos services ORL sont-ils publics ou priv\u00e9s ?<\/div><div class=\"item_content\"><p><span>Nos services ORL sont publics et donc couverts par la RAMQ. Veuillez avoir votre num\u00e9ro d'assurance maladie \u00e0 disposition lors de la prise de rendez-vous avec nos oto-rhino-laryngologistes.<\/span><\/p><\/div><div class=\"item_title\">Quel est le d\u00e9lai d&#039;attente pour consulter un sp\u00e9cialiste ORL ?<\/div><div class=\"item_content\"><p><span>Le d\u00e9lai pour consulter un sp\u00e9cialiste ORL dans notre clinique varie de 3 \u00e0 6 mois, selon le m\u00e9decin et sa sp\u00e9cialit\u00e9. Dans certains cas, l'attente peut \u00eatre plus courte ou plus longue. Nous vous encourageons \u00e0 contacter notre \u00e9quipe pour obtenir des informations sp\u00e9cifiques.<\/span><\/p><\/div><div class=\"item_title\">Proposez-vous des rendez-vous d&#039;urgence ?<\/div><div class=\"item_content\"><p><span>Nous n'offrons pas de rendez-vous d'urgence dans notre clinique publique. Cependant, notre <a href=\"https:\/\/orlprive.com\" target=\"_blank\" rel=\"noopener\">ORL priv\u00e9<\/a> ind\u00e9pendant peut accueillir les patients rapidement, avec des temps d'attente minimaux. Les cas urgents, comme une perte auditive soudaine, sont prioris\u00e9s pour garantir une prise en charge en temps utile et maximiser le succ\u00e8s du traitement.<\/span><\/p><\/div><div class=\"item_title\">Ai-je besoin d&#039;une r\u00e9f\u00e9rence m\u00e9dicale pour consulter un ORL ?<\/div><div class=\"item_content\"><p><span>Oui, une r\u00e9f\u00e9rence m\u00e9dicale d'un m\u00e9decin ou d'un professionnel de la sant\u00e9 auditive est toujours n\u00e9cessaire pour une consultation avec nos services ORL publics.<\/span><\/p><\/div><div class=\"item_title\">Existe-t-il un service ORL priv\u00e9 sans r\u00e9f\u00e9rence et sans temps d&#039;attente ?<\/div><div class=\"item_content\"><p><span>Oui, nous disposons d'un praticien ORL priv\u00e9 dans le m\u00eame b\u00e2timent qui peut voir les patients sans r\u00e9f\u00e9rence et avec peu ou pas de temps d'attente. Pour plus d'informations, vous pouvez visiter le site web de notre m\u00e9decin <a href=\"https:\/\/orlprive.com\" target=\"_blank\" rel=\"noopener\">ORL priv\u00e9<\/a> ind\u00e9pendant.<\/span><\/p><\/div><\/div><script type=\"application\/json\" id=\"settings--40efa02\">{\"collapsible\":false,\"active\":0}<\/script>\t\t\t\t<\/div>\n\t\t\t\t<\/div>\n\t\t\t\t<\/div>\n\t\t\t\t\t<\/div>\n\t\t\t\t<\/div>\n\t\t\t\t<section class=\"elementor-section elementor-top-section elementor-element elementor-element-698cce2b elementor-section-content-middle elementor-section-stretched elementor-section-boxed elementor-section-height-default elementor-section-height-default\" data-id=\"698cce2b\" data-element_type=\"section\" data-e-type=\"section\" data-settings=\"{&quot;background_background&quot;:&quot;classic&quot;,&quot;stretch_section&quot;:&quot;section-stretched&quot;}\">\n\t\t\t\t\t\t<div class=\"elementor-container elementor-column-gap-no\">\n\t\t\t\t\t<div class=\"elementor-column elementor-col-50 elementor-top-column elementor-element elementor-element-5584bab8\" data-id=\"5584bab8\" data-element_type=\"column\" data-e-type=\"column\">\n\t\t\t<div class=\"elementor-widget-wrap elementor-element-populated\">\n\t\t\t\t\t\t<div class=\"elementor-element elementor-element-327bc7fa elementor-widget elementor-widget-spacer\" data-id=\"327bc7fa\" data-element_type=\"widget\" data-e-type=\"widget\" data-widget_type=\"spacer.default\">\n\t\t\t\t<div class=\"elementor-widget-container\">\n\t\t\t\t\t\t\t<div class=\"elementor-spacer\">\n\t\t\t<div class=\"elementor-spacer-inner\"><\/div>\n\t\t<\/div>\n\t\t\t\t\t\t<\/div>\n\t\t\t\t<\/div>\n\t\t\t\t<div class=\"elementor-element-custom_font_family elementor-element-custom_font_weight elementor-element-custom_color elementor-element elementor-element-4e69baca elementor-widget elementor-widget-text-editor\" data-id=\"4e69baca\" data-element_type=\"widget\" data-e-type=\"widget\" data-widget_type=\"text-editor.default\">\n\t\t\t\t<div class=\"elementor-widget-container\">\n\t\t\t\t\t\t\t\t\t<h1>M\u00e9decins sursp\u00e9cialistes en m\u00e9decine ORL!<\/h1>\t\t\t\t\t\t\t\t<\/div>\n\t\t\t\t<\/div>\n\t\t\t\t<div class=\"elementor-element elementor-element-74804139 elementor-widget elementor-widget-spacer\" data-id=\"74804139\" data-element_type=\"widget\" data-e-type=\"widget\" data-widget_type=\"spacer.default\">\n\t\t\t\t<div class=\"elementor-widget-container\">\n\t\t\t\t\t\t\t<div class=\"elementor-spacer\">\n\t\t\t<div class=\"elementor-spacer-inner\"><\/div>\n\t\t<\/div>\n\t\t\t\t\t\t<\/div>\n\t\t\t\t<\/div>\n\t\t\t\t\t<\/div>\n\t\t<\/div>\n\t\t\t\t<div class=\"elementor-column elementor-col-50 elementor-top-column elementor-element elementor-element-273d753a min_width-500px\" data-id=\"273d753a\" data-element_type=\"column\" data-e-type=\"column\">\n\t\t\t<div class=\"elementor-widget-wrap elementor-element-populated\">\n\t\t\t\t\t\t<div class=\"elementor-element-custom_color elementor-element elementor-element-fcb9f44 elementor-widget elementor-widget-text-editor\" data-id=\"fcb9f44\" data-element_type=\"widget\" data-e-type=\"widget\" data-widget_type=\"text-editor.default\">\n\t\t\t\t<div class=\"elementor-widget-container\">\n\t\t\t\t\t\t\t\t\t<p><img decoding=\"async\" class=\"size-full wp-image-556 alignnone\" style=\"margin-right: 13px\" src=\"https:\/\/livewp.site\/wp\/md\/sirona\/wp-content\/uploads\/sites\/62\/2019\/07\/icon-23.png\" alt=\"\" width=\"100\" height=\"100\" \/> <img decoding=\"async\" class=\"alignnone size-medium wp-image-555\" style=\"margin-right: 13px\" src=\"https:\/\/livewp.site\/wp\/md\/sirona\/wp-content\/uploads\/sites\/62\/2019\/07\/icon-22.png\" alt=\"\" width=\"100\" height=\"100\" \/> <img decoding=\"async\" class=\"alignnone size-full wp-image-554\" src=\"https:\/\/livewp.site\/wp\/md\/sirona\/wp-content\/uploads\/sites\/62\/2019\/07\/icon-21.png\" alt=\"\" width=\"100\" height=\"100\" \/><\/p>\t\t\t\t\t\t\t\t<\/div>\n\t\t\t\t<\/div>\n\t\t\t\t<div class=\"elementor-element elementor-element-30947793 elementor-hidden-desktop elementor-widget elementor-widget-spacer\" data-id=\"30947793\" data-element_type=\"widget\" data-e-type=\"widget\" data-widget_type=\"spacer.default\">\n\t\t\t\t<div class=\"elementor-widget-container\">\n\t\t\t\t\t\t\t<div class=\"elementor-spacer\">\n\t\t\t<div class=\"elementor-spacer-inner\"><\/div>\n\t\t<\/div>\n\t\t\t\t\t\t<\/div>\n\t\t\t\t<\/div>\n\t\t\t\t<div class=\"elementor-element elementor-element-2562c84f elementor-widget elementor-widget-spacer\" data-id=\"2562c84f\" data-element_type=\"widget\" data-e-type=\"widget\" data-widget_type=\"spacer.default\">\n\t\t\t\t<div class=\"elementor-widget-container\">\n\t\t\t\t\t\t\t<div class=\"elementor-spacer\">\n\t\t\t<div class=\"elementor-spacer-inner\"><\/div>\n\t\t<\/div>\n\t\t\t\t\t\t<\/div>\n\t\t\t\t<\/div>\n\t\t\t\t\t<\/div>\n\t\t<\/div>\n\t\t\t\t\t<\/div>\n\t\t<\/section>\n\t\t\t\t<\/div>\n\t\t","protected":false},"excerpt":{"rendered":"<p>Nouveau Patient en ORL Adulte L&rsquo;otorhinolaryngologie se sp\u00e9cialise dans le traitement des probl\u00e8mes auditifs, nasaux et de la gorge chez les adultes. *NB: L&rsquo;ORL p\u00e9diatrique est maintenant d\u00e9m\u00e9nager \u00e0 la clinique m\u00e9dicale Bloom **Pour organiser un rendez-vous de suivi, les patients doivent nous contacter au (514)-375-6018 ou cliquer ici pour \u00eatre rediriger vers la page [&hellip;]<\/p>\n","protected":false},"author":8,"featured_media":0,"parent":0,"menu_order":0,"comment_status":"closed","ping_status":"closed","template":"","meta":{"footnotes":""},"class_list":["post-2524","page","type-page","status-publish","hentry"],"_links":{"self":[{"href":"https:\/\/www.cliniqueorl.com\/en\/wp-json\/wp\/v2\/pages\/2524","targetHints":{"allow":["GET"]}}],"collection":[{"href":"https:\/\/www.cliniqueorl.com\/en\/wp-json\/wp\/v2\/pages"}],"about":[{"href":"https:\/\/www.cliniqueorl.com\/en\/wp-json\/wp\/v2\/types\/page"}],"author":[{"embeddable":true,"href":"https:\/\/www.cliniqueorl.com\/en\/wp-json\/wp\/v2\/users\/8"}],"replies":[{"embeddable":true,"href":"https:\/\/www.cliniqueorl.com\/en\/wp-json\/wp\/v2\/comments?post=2524"}],"version-history":[{"count":100,"href":"https:\/\/www.cliniqueorl.com\/en\/wp-json\/wp\/v2\/pages\/2524\/revisions"}],"predecessor-version":[{"id":3664,"href":"https:\/\/www.cliniqueorl.com\/en\/wp-json\/wp\/v2\/pages\/2524\/revisions\/3664"}],"wp:attachment":[{"href":"https:\/\/www.cliniqueorl.com\/en\/wp-json\/wp\/v2\/media?parent=2524"}],"curies":[{"name":"wp","href":"https:\/\/api.w.org\/{rel}","templated":true}]}}