{"id":2364,"date":"2020-08-12T01:49:10","date_gmt":"2020-08-12T01:49:10","guid":{"rendered":"https:\/\/www.cliniqueorl.com\/?page_id=2364"},"modified":"2023-11-30T19:23:16","modified_gmt":"2023-11-30T19:23:16","slug":"test-dapnee-du-sommeil-sans-frais","status":"publish","type":"page","link":"https:\/\/www.cliniqueorl.com\/en\/tests-en-clinique\/sleep-apnea-testing-no-cost\/","title":{"rendered":"Test d&rsquo;apn\u00e9e du sommeil"},"content":{"rendered":"<div data-elementor-type=\"wp-page\" data-elementor-id=\"2364\" class=\"elementor elementor-2364\" data-elementor-post-type=\"page\">\n\t\t\t\t\t\t<section class=\"elementor-section elementor-top-section elementor-element elementor-element-1dafeb9 elementor-section-boxed elementor-section-height-default elementor-section-height-default\" data-id=\"1dafeb9\" data-element_type=\"section\" data-e-type=\"section\">\n\t\t\t\t\t\t<div class=\"elementor-container elementor-column-gap-default\">\n\t\t\t\t\t<div class=\"elementor-column elementor-col-100 elementor-top-column elementor-element elementor-element-af3c1a9\" data-id=\"af3c1a9\" data-element_type=\"column\" data-e-type=\"column\">\n\t\t\t<div class=\"elementor-widget-wrap elementor-element-populated\">\n\t\t\t\t\t\t<div class=\"elementor-element elementor-element-d8f8f6d elementor-widget elementor-widget-heading\" data-id=\"d8f8f6d\" data-element_type=\"widget\" data-e-type=\"widget\" data-widget_type=\"heading.default\">\n\t\t\t\t<div class=\"elementor-widget-container\">\n\t\t\t\t\t<h2 class=\"elementor-heading-title elementor-size-default\">Test d'apn\u00e9e du sommeil <\/h2>\t\t\t\t<\/div>\n\t\t\t\t<\/div>\n\t\t\t\t\t<\/div>\n\t\t<\/div>\n\t\t\t\t\t<\/div>\n\t\t<\/section>\n\t\t\t\t<section class=\"elementor-section elementor-top-section elementor-element elementor-element-a0fc234 elementor-section-boxed elementor-section-height-default elementor-section-height-default\" data-id=\"a0fc234\" data-element_type=\"section\" data-e-type=\"section\">\n\t\t\t\t\t\t<div class=\"elementor-container elementor-column-gap-default\">\n\t\t\t\t\t<div class=\"elementor-column elementor-col-100 elementor-top-column elementor-element elementor-element-3dccfaa\" data-id=\"3dccfaa\" data-element_type=\"column\" data-e-type=\"column\">\n\t\t\t<div class=\"elementor-widget-wrap elementor-element-populated\">\n\t\t\t\t\t\t<div class=\"elementor-element elementor-element-48ec7da elementor-widget elementor-widget-text-editor\" data-id=\"48ec7da\" data-element_type=\"widget\" data-e-type=\"widget\" data-widget_type=\"text-editor.default\">\n\t\t\t\t<div class=\"elementor-widget-container\">\n\t\t\t\t\t\t\t\t\t<p>Il existe plusieurs types de tests pour l&rsquo;apn\u00e9e du sommeil. Chez les patients chez qui l&rsquo;ORL suspecte une apn\u00e9e obstructive du sommeil, c&rsquo;est-\u00e0-dire une obstruction des voies respiratoires pendant le sommeil, nous sugg\u00e9rons souvent un test nomm\u00e9 Polygraphie cardiorespiratoire (PCRS). Ce test implique une rencontre avec une inhaloth\u00e9rapeute qui remet au patient un dispositif que le patient am\u00e8ne \u00e0 la maison et branche \u00e0 son corps pendant le sommeil. La machine est retourn\u00e9e \u00e0 la clinique, et le trac\u00e9 est interpr\u00e9t\u00e9 par un pneumologue certifi\u00e9. Ceci permet de d\u00e9pister l&rsquo;apn\u00e9e obstructive du sommeil. L&rsquo;ORL est ensuite mieux plac\u00e9 pour offrir les traitements possibles aux patients, incluant les machines de type CPAP ou des chirurgies. L&rsquo;apn\u00e9e du sommeil non trait\u00e9e m\u00e8ne \u00e0 une fatigue, une diminution de la qualit\u00e9 de vie, et m\u00eame des complications cardiovasculaires pr\u00e9coces.<\/p><p>Un partenariat avec <a href=\"https:\/\/laboiteacpap.ca\/\" target=\"_blank\" rel=\"noopener\">La Bo\u00eete \u00e0 CPAP<\/a> permet \u00e0 la Clinique ORL de Montr\u00e9al d&rsquo;offrir les tests d&rsquo;apn\u00e9e du sommeil de type PCRS de qualit\u00e9 approuver et sugg\u00e9r\u00e9 par nos sp\u00e9cialistes ORL pour nos patients.<\/p>\t\t\t\t\t\t\t\t<\/div>\n\t\t\t\t<\/div>\n\t\t\t\t\t<\/div>\n\t\t<\/div>\n\t\t\t\t\t<\/div>\n\t\t<\/section>\n\t\t\t\t<\/div>","protected":false},"excerpt":{"rendered":"<p>Test d&rsquo;apn\u00e9e du sommeil Il existe plusieurs types de tests pour l&rsquo;apn\u00e9e du sommeil. Chez les patients chez qui l&rsquo;ORL suspecte une apn\u00e9e obstructive du sommeil, c&rsquo;est-\u00e0-dire une obstruction des voies respiratoires pendant le sommeil, nous sugg\u00e9rons souvent un test nomm\u00e9 Polygraphie cardiorespiratoire (PCRS). Ce test implique une rencontre avec une inhaloth\u00e9rapeute qui remet au [&hellip;]<\/p>\n","protected":false},"author":2,"featured_media":0,"parent":1928,"menu_order":0,"comment_status":"closed","ping_status":"closed","template":"","meta":{"footnotes":""},"class_list":["post-2364","page","type-page","status-publish","hentry"],"_links":{"self":[{"href":"https:\/\/www.cliniqueorl.com\/en\/wp-json\/wp\/v2\/pages\/2364","targetHints":{"allow":["GET"]}}],"collection":[{"href":"https:\/\/www.cliniqueorl.com\/en\/wp-json\/wp\/v2\/pages"}],"about":[{"href":"https:\/\/www.cliniqueorl.com\/en\/wp-json\/wp\/v2\/types\/page"}],"author":[{"embeddable":true,"href":"https:\/\/www.cliniqueorl.com\/en\/wp-json\/wp\/v2\/users\/2"}],"replies":[{"embeddable":true,"href":"https:\/\/www.cliniqueorl.com\/en\/wp-json\/wp\/v2\/comments?post=2364"}],"version-history":[{"count":7,"href":"https:\/\/www.cliniqueorl.com\/en\/wp-json\/wp\/v2\/pages\/2364\/revisions"}],"predecessor-version":[{"id":2469,"href":"https:\/\/www.cliniqueorl.com\/en\/wp-json\/wp\/v2\/pages\/2364\/revisions\/2469"}],"up":[{"embeddable":true,"href":"https:\/\/www.cliniqueorl.com\/en\/wp-json\/wp\/v2\/pages\/1928"}],"wp:attachment":[{"href":"https:\/\/www.cliniqueorl.com\/en\/wp-json\/wp\/v2\/media?parent=2364"}],"curies":[{"name":"wp","href":"https:\/\/api.w.org\/{rel}","templated":true}]}}