{"id":2167,"date":"2020-05-09T14:52:51","date_gmt":"2020-05-09T14:52:51","guid":{"rendered":"https:\/\/www.cliniqueorl.com\/?page_id=2167"},"modified":"2020-05-09T15:02:10","modified_gmt":"2020-05-09T15:02:10","slug":"avantages-de-la-visite-virtuelle","status":"publish","type":"page","link":"https:\/\/www.cliniqueorl.com\/en\/visites-virtuelles\/avantages-de-la-visite-virtuelle\/","title":{"rendered":"Benefits of virtual visits"},"content":{"rendered":"<div data-elementor-type=\"wp-page\" data-elementor-id=\"2167\" class=\"elementor elementor-2167\" data-elementor-post-type=\"page\">\n\t\t\t\t\t\t<section class=\"elementor-section elementor-top-section elementor-element elementor-element-fd6d16f elementor-section-boxed elementor-section-height-default elementor-section-height-default\" data-id=\"fd6d16f\" data-element_type=\"section\" data-e-type=\"section\">\n\t\t\t\t\t\t<div class=\"elementor-container elementor-column-gap-default\">\n\t\t\t\t\t<div class=\"elementor-column elementor-col-100 elementor-top-column elementor-element elementor-element-dcc55f0\" data-id=\"dcc55f0\" data-element_type=\"column\" data-e-type=\"column\">\n\t\t\t<div class=\"elementor-widget-wrap elementor-element-populated\">\n\t\t\t\t\t\t<div class=\"elementor-element elementor-element-2cb5a21 elementor-widget elementor-widget-heading\" data-id=\"2cb5a21\" data-element_type=\"widget\" data-e-type=\"widget\" data-widget_type=\"heading.default\">\n\t\t\t\t<div class=\"elementor-widget-container\">\n\t\t\t\t\t<h2 class=\"elementor-heading-title elementor-size-default\">There are multiple advantages of a virtual visit with an ENT using telemedicine<\/h2>\t\t\t\t<\/div>\n\t\t\t\t<\/div>\n\t\t\t\t\t<\/div>\n\t\t<\/div>\n\t\t\t\t\t<\/div>\n\t\t<\/section>\n\t\t\t\t<section class=\"elementor-section elementor-top-section elementor-element elementor-element-5236954 elementor-section-boxed elementor-section-height-default elementor-section-height-default\" data-id=\"5236954\" data-element_type=\"section\" data-e-type=\"section\">\n\t\t\t\t\t\t<div class=\"elementor-container elementor-column-gap-default\">\n\t\t\t\t\t<div class=\"elementor-column elementor-col-100 elementor-top-column elementor-element elementor-element-ec91b32\" data-id=\"ec91b32\" data-element_type=\"column\" data-e-type=\"column\">\n\t\t\t<div class=\"elementor-widget-wrap elementor-element-populated\">\n\t\t\t\t\t\t<div class=\"elementor-element elementor-element-ad2ca62 elementor-widget elementor-widget-text-editor\" data-id=\"ad2ca62\" data-element_type=\"widget\" data-e-type=\"widget\" data-widget_type=\"text-editor.default\">\n\t\t\t\t<div class=\"elementor-widget-container\">\n\t\t\t\t\t\t\t\t\t<ol><li>It\u00a0<strong>avoids useless trips<\/strong>, minimizing the risks of contracting contagious diseases such as COVID-19<br \/><br \/><\/li><li>You will\u00a0<strong>avoid hours of transportation<\/strong>\u00a0in public transit or in traffic<br \/><br \/><\/li><li>You will\u00a0<strong>avoid waiting hours on end in a waiting room<\/strong>, by being simply available when the doctor calls you.<br \/><br \/><\/li><li>You can\u00a0<strong>keep doing what you're doing<\/strong>\u00a0during the day, but by being close to your phone when it is your turn for the virtual visit.<br \/><br \/><\/li><li>You can\u00a0<strong>accelerate the diagnostic and therapeutic process<\/strong>\u00a0by having some tests ordered or some medication prescribed after your virtual visit<\/li><\/ol>\t\t\t\t\t\t\t\t<\/div>\n\t\t\t\t<\/div>\n\t\t\t\t\t<\/div>\n\t\t<\/div>\n\t\t\t\t\t<\/div>\n\t\t<\/section>\n\t\t\t\t<\/div>","protected":false},"excerpt":{"rendered":"<p>Les avantages de la visite virtuelle en ORL sont multiples Elle vous&nbsp;\u00e9vite des d\u00e9placements inutiles, minimisant ainsi les risques d&rsquo;attraper des maladies transmissibles comme la COVID-19 Vous&nbsp;\u00e9pargnez des heures de transport&nbsp;dans les transports en commun ou dans le traffic. Vous&nbsp;\u00e9pargnez un temps d&rsquo;attente dans une salle d&rsquo;attente, en \u00e9tant simplement disponibles lorsque le m\u00e9decine vous [&hellip;]<\/p>\n","protected":false},"author":2,"featured_media":0,"parent":2161,"menu_order":0,"comment_status":"closed","ping_status":"closed","template":"","meta":{"footnotes":""},"class_list":["post-2167","page","type-page","status-publish","hentry"],"_links":{"self":[{"href":"https:\/\/www.cliniqueorl.com\/en\/wp-json\/wp\/v2\/pages\/2167","targetHints":{"allow":["GET"]}}],"collection":[{"href":"https:\/\/www.cliniqueorl.com\/en\/wp-json\/wp\/v2\/pages"}],"about":[{"href":"https:\/\/www.cliniqueorl.com\/en\/wp-json\/wp\/v2\/types\/page"}],"author":[{"embeddable":true,"href":"https:\/\/www.cliniqueorl.com\/en\/wp-json\/wp\/v2\/users\/2"}],"replies":[{"embeddable":true,"href":"https:\/\/www.cliniqueorl.com\/en\/wp-json\/wp\/v2\/comments?post=2167"}],"version-history":[{"count":3,"href":"https:\/\/www.cliniqueorl.com\/en\/wp-json\/wp\/v2\/pages\/2167\/revisions"}],"predecessor-version":[{"id":2178,"href":"https:\/\/www.cliniqueorl.com\/en\/wp-json\/wp\/v2\/pages\/2167\/revisions\/2178"}],"up":[{"embeddable":true,"href":"https:\/\/www.cliniqueorl.com\/en\/wp-json\/wp\/v2\/pages\/2161"}],"wp:attachment":[{"href":"https:\/\/www.cliniqueorl.com\/en\/wp-json\/wp\/v2\/media?parent=2167"}],"curies":[{"name":"wp","href":"https:\/\/api.w.org\/{rel}","templated":true}]}}