{"id":2161,"date":"2020-05-09T14:38:05","date_gmt":"2020-05-09T14:38:05","guid":{"rendered":"https:\/\/www.cliniqueorl.com\/?page_id=2161"},"modified":"2020-05-09T15:56:49","modified_gmt":"2020-05-09T15:56:49","slug":"visites-virtuelles","status":"publish","type":"page","link":"https:\/\/www.cliniqueorl.com\/en\/visites-virtuelles\/","title":{"rendered":"Virtual visits"},"content":{"rendered":"<div data-elementor-type=\"wp-page\" data-elementor-id=\"2161\" class=\"elementor elementor-2161\" data-elementor-post-type=\"page\">\n\t\t\t\t\t\t<section class=\"elementor-section elementor-top-section elementor-element elementor-element-f5bd8ce elementor-section-boxed elementor-section-height-default elementor-section-height-default\" data-id=\"f5bd8ce\" data-element_type=\"section\" data-e-type=\"section\">\n\t\t\t\t\t\t<div class=\"elementor-container elementor-column-gap-default\">\n\t\t\t\t\t<div class=\"elementor-column elementor-col-100 elementor-top-column elementor-element elementor-element-f692418\" data-id=\"f692418\" data-element_type=\"column\" data-e-type=\"column\">\n\t\t\t<div class=\"elementor-widget-wrap elementor-element-populated\">\n\t\t\t\t\t\t<div class=\"elementor-element elementor-element-482b749 elementor-widget elementor-widget-heading\" data-id=\"482b749\" data-element_type=\"widget\" data-e-type=\"widget\" data-widget_type=\"heading.default\">\n\t\t\t\t<div class=\"elementor-widget-container\">\n\t\t\t\t\t<h2 class=\"elementor-heading-title elementor-size-default\">What is a virtual visit with an ENT doctor?<\/h2>\t\t\t\t<\/div>\n\t\t\t\t<\/div>\n\t\t\t\t\t<\/div>\n\t\t<\/div>\n\t\t\t\t\t<\/div>\n\t\t<\/section>\n\t\t\t\t<section class=\"elementor-section elementor-top-section elementor-element elementor-element-1b85774 elementor-section-boxed elementor-section-height-default elementor-section-height-default\" data-id=\"1b85774\" data-element_type=\"section\" data-e-type=\"section\">\n\t\t\t\t\t\t<div class=\"elementor-container elementor-column-gap-default\">\n\t\t\t\t\t<div class=\"elementor-column elementor-col-100 elementor-top-column elementor-element elementor-element-324622c\" data-id=\"324622c\" data-element_type=\"column\" data-e-type=\"column\">\n\t\t\t<div class=\"elementor-widget-wrap elementor-element-populated\">\n\t\t\t\t\t\t<div class=\"elementor-element elementor-element-cfb209c elementor-widget elementor-widget-text-editor\" data-id=\"cfb209c\" data-element_type=\"widget\" data-e-type=\"widget\" data-widget_type=\"text-editor.default\">\n\t\t\t\t<div class=\"elementor-widget-container\">\n\t\t\t\t\t\t\t\t\t<p>A virtual visit uses telemedicine. Telemedicine is a medical visit using telecommunications, without a physical encounter. It was initially developed for the army and native populations in distant regions. During COVID-19, telemedicine is an option to meet with an ENT doctor in the comfort of your own home.<\/p><p>\u00a0<\/p>\t\t\t\t\t\t\t\t<\/div>\n\t\t\t\t<\/div>\n\t\t\t\t\t<\/div>\n\t\t<\/div>\n\t\t\t\t\t<\/div>\n\t\t<\/section>\n\t\t\t\t<section class=\"elementor-section elementor-top-section elementor-element elementor-element-896203d elementor-section-boxed elementor-section-height-default elementor-section-height-default\" data-id=\"896203d\" data-element_type=\"section\" data-e-type=\"section\">\n\t\t\t\t\t\t<div class=\"elementor-container elementor-column-gap-default\">\n\t\t\t\t\t<div class=\"elementor-column elementor-col-100 elementor-top-column elementor-element elementor-element-b6f6750\" data-id=\"b6f6750\" data-element_type=\"column\" data-e-type=\"column\">\n\t\t\t<div class=\"elementor-widget-wrap elementor-element-populated\">\n\t\t\t\t\t\t<div class=\"elementor-element elementor-element-420566f elementor-widget elementor-widget-heading\" data-id=\"420566f\" data-element_type=\"widget\" data-e-type=\"widget\" data-widget_type=\"heading.default\">\n\t\t\t\t<div class=\"elementor-widget-container\">\n\t\t\t\t\t<h2 class=\"elementor-heading-title elementor-size-default\">How can the doctor examine me from home?<\/h2>\t\t\t\t<\/div>\n\t\t\t\t<\/div>\n\t\t\t\t\t<\/div>\n\t\t<\/div>\n\t\t\t\t\t<\/div>\n\t\t<\/section>\n\t\t\t\t<section class=\"elementor-section elementor-top-section elementor-element elementor-element-1e930bd elementor-section-boxed elementor-section-height-default elementor-section-height-default\" data-id=\"1e930bd\" data-element_type=\"section\" data-e-type=\"section\">\n\t\t\t\t\t\t<div class=\"elementor-container elementor-column-gap-default\">\n\t\t\t\t\t<div class=\"elementor-column elementor-col-100 elementor-top-column elementor-element elementor-element-fdbdd74\" data-id=\"fdbdd74\" data-element_type=\"column\" data-e-type=\"column\">\n\t\t\t<div class=\"elementor-widget-wrap elementor-element-populated\">\n\t\t\t\t\t\t<div class=\"elementor-element elementor-element-eaf9ae1 elementor-widget elementor-widget-text-editor\" data-id=\"eaf9ae1\" data-element_type=\"widget\" data-e-type=\"widget\" data-widget_type=\"text-editor.default\">\n\t\t\t\t<div class=\"elementor-widget-container\">\n\t\t\t\t\t\t\t\t\t<p>A physical examination is not always necessary. Here are multiple ways to be examined remotely:<\/p>\n<ol>\n<li>An evaluation of the <strong>ears<\/strong> from a distance is possible using a small camera (sold separately), hearing tests, or CT scanning\/MRI of the ears.<\/li>\n<li>An evaluation of the <strong>nose<\/strong> from a distance is possible with photos of the external nose, allergy tests, and CT scans of the nose and sinuses<\/li>\n<li>An evaluation of the <strong>throat<\/strong> from a distance is possible with pictures of the throat, throat cultures, and specialized imaging (CT scan, MRI)<\/li>\n<li>An evaluation of the <strong>neck<\/strong> from a distance is possible with specialized imaging (ultrasound, CT scan, MRI) and fine needle aspiration biopsies done by a radiologist<\/li>\n<li>An evaluation of the <strong>face<\/strong> from a distance is possible with photos of the face<\/li>\n<\/ol>\t\t\t\t\t\t\t\t<\/div>\n\t\t\t\t<\/div>\n\t\t\t\t\t<\/div>\n\t\t<\/div>\n\t\t\t\t\t<\/div>\n\t\t<\/section>\n\t\t\t\t<section class=\"elementor-section elementor-top-section elementor-element elementor-element-25a4a44 elementor-section-boxed elementor-section-height-default elementor-section-height-default\" data-id=\"25a4a44\" data-element_type=\"section\" data-e-type=\"section\">\n\t\t\t\t\t\t<div class=\"elementor-container elementor-column-gap-default\">\n\t\t\t\t\t<div class=\"elementor-column elementor-col-100 elementor-top-column elementor-element elementor-element-ca78bdf\" data-id=\"ca78bdf\" data-element_type=\"column\" data-e-type=\"column\">\n\t\t\t<div class=\"elementor-widget-wrap elementor-element-populated\">\n\t\t\t\t\t\t<div class=\"elementor-element elementor-element-129fa51 elementor-widget elementor-widget-heading\" data-id=\"129fa51\" data-element_type=\"widget\" data-e-type=\"widget\" data-widget_type=\"heading.default\">\n\t\t\t\t<div class=\"elementor-widget-container\">\n\t\t\t\t\t<h2 class=\"elementor-heading-title elementor-size-default\">Does a virtual visit prevent a future physical encounter?<\/h2>\t\t\t\t<\/div>\n\t\t\t\t<\/div>\n\t\t\t\t\t<\/div>\n\t\t<\/div>\n\t\t\t\t\t<\/div>\n\t\t<\/section>\n\t\t\t\t<section class=\"elementor-section elementor-top-section elementor-element elementor-element-3d1663a elementor-section-boxed elementor-section-height-default elementor-section-height-default\" data-id=\"3d1663a\" data-element_type=\"section\" data-e-type=\"section\">\n\t\t\t\t\t\t<div class=\"elementor-container elementor-column-gap-default\">\n\t\t\t\t\t<div class=\"elementor-column elementor-col-100 elementor-top-column elementor-element elementor-element-a282d2a\" data-id=\"a282d2a\" data-element_type=\"column\" data-e-type=\"column\">\n\t\t\t<div class=\"elementor-widget-wrap elementor-element-populated\">\n\t\t\t\t\t\t<div class=\"elementor-element elementor-element-1d9d595 elementor-widget elementor-widget-text-editor\" data-id=\"1d9d595\" data-element_type=\"widget\" data-e-type=\"widget\" data-widget_type=\"text-editor.default\">\n\t\t\t\t<div class=\"elementor-widget-container\">\n\t\t\t\t\t\t\t\t\t<p>A visit in person is called a <i>presential visit<\/i>. <b>A virtual visit never prevents an eventual presential visit.<\/b>\u00a0<\/p><p>\u00a0<\/p><p>On the contrary, the virtual visit before a visit in person facilitates and accelerates the process during a presential visit. The doctor will be able to focus on the parts of the visit that are absolutely necessary to establish a diagnosis or start treatment (biopsy, laryngoscopy, surgery, for instance).<\/p><p>\u00a0<\/p>\t\t\t\t\t\t\t\t<\/div>\n\t\t\t\t<\/div>\n\t\t\t\t\t<\/div>\n\t\t<\/div>\n\t\t\t\t\t<\/div>\n\t\t<\/section>\n\t\t\t\t<section class=\"elementor-section elementor-top-section elementor-element elementor-element-6fcb652 elementor-section-boxed elementor-section-height-default elementor-section-height-default\" data-id=\"6fcb652\" data-element_type=\"section\" data-e-type=\"section\">\n\t\t\t\t\t\t<div class=\"elementor-container elementor-column-gap-default\">\n\t\t\t\t\t<div class=\"elementor-column elementor-col-100 elementor-top-column elementor-element elementor-element-4eb79bd\" data-id=\"4eb79bd\" data-element_type=\"column\" data-e-type=\"column\">\n\t\t\t<div class=\"elementor-widget-wrap elementor-element-populated\">\n\t\t\t\t\t\t<div class=\"elementor-element elementor-element-4d27398 elementor-widget elementor-widget-heading\" data-id=\"4d27398\" data-element_type=\"widget\" data-e-type=\"widget\" data-widget_type=\"heading.default\">\n\t\t\t\t<div class=\"elementor-widget-container\">\n\t\t\t\t\t<h2 class=\"elementor-heading-title elementor-size-default\">What are the benefits of a virtual visit?<\/h2>\t\t\t\t<\/div>\n\t\t\t\t<\/div>\n\t\t\t\t\t<\/div>\n\t\t<\/div>\n\t\t\t\t\t<\/div>\n\t\t<\/section>\n\t\t\t\t<section class=\"elementor-section elementor-top-section elementor-element elementor-element-c9f65fd elementor-section-boxed elementor-section-height-default elementor-section-height-default\" data-id=\"c9f65fd\" data-element_type=\"section\" data-e-type=\"section\">\n\t\t\t\t\t\t<div class=\"elementor-container elementor-column-gap-default\">\n\t\t\t\t\t<div class=\"elementor-column elementor-col-100 elementor-top-column elementor-element elementor-element-3825bd7\" data-id=\"3825bd7\" data-element_type=\"column\" data-e-type=\"column\">\n\t\t\t<div class=\"elementor-widget-wrap elementor-element-populated\">\n\t\t\t\t\t\t<div class=\"elementor-element elementor-element-b3f1748 elementor-widget elementor-widget-text-editor\" data-id=\"b3f1748\" data-element_type=\"widget\" data-e-type=\"widget\" data-widget_type=\"text-editor.default\">\n\t\t\t\t<div class=\"elementor-widget-container\">\n\t\t\t\t\t\t\t\t\t<p>There are many benefits to a virtual visit:<\/p><ol><li>It <strong>avoids useless trips<\/strong>, minimizing the risks of contracting contagious diseases such as COVID-19<\/li><li>You will <strong>avoid hours of transportation<\/strong> in public transit or in traffic<\/li><li>You will <strong>avoid waiting hours on end in a waiting room<\/strong>, by being simply available when the doctor calls you.<\/li><li>You can <strong>keep doing what you're doing<\/strong> during the day, but by being close to your phone when it is your turn for the virtual visit.<\/li><li>You can <strong>accelerate the diagnostic and therapeutic process<\/strong> by having some tests ordered or some medication prescribed after your virtual visit<\/li><\/ol>\t\t\t\t\t\t\t\t<\/div>\n\t\t\t\t<\/div>\n\t\t\t\t\t<\/div>\n\t\t<\/div>\n\t\t\t\t\t<\/div>\n\t\t<\/section>\n\t\t\t\t<\/div>","protected":false},"excerpt":{"rendered":"<p>Qu\u2019est-ce qu\u2019une visite virtuelle avec un m\u00e9decin ORL? Une visite virtuelle utilise la t\u00e9l\u00e9m\u00e9decine. La t\u00e9l\u00e9m\u00e9decine est une visite m\u00e9dicale en utilisant les t\u00e9l\u00e9communications, sans rencontre physique. Elle a initialement \u00e9t\u00e9 d\u00e9velopp\u00e9e pour l\u2019arm\u00e9e et les populations autochtones en r\u00e9gions \u00e9loign\u00e9es. En ce moment, dans le contexte de la COVID-19, la t\u00e9l\u00e9m\u00e9decine est une option [&hellip;]<\/p>\n","protected":false},"author":2,"featured_media":0,"parent":0,"menu_order":0,"comment_status":"closed","ping_status":"closed","template":"","meta":{"footnotes":""},"class_list":["post-2161","page","type-page","status-publish","hentry"],"_links":{"self":[{"href":"https:\/\/www.cliniqueorl.com\/en\/wp-json\/wp\/v2\/pages\/2161","targetHints":{"allow":["GET"]}}],"collection":[{"href":"https:\/\/www.cliniqueorl.com\/en\/wp-json\/wp\/v2\/pages"}],"about":[{"href":"https:\/\/www.cliniqueorl.com\/en\/wp-json\/wp\/v2\/types\/page"}],"author":[{"embeddable":true,"href":"https:\/\/www.cliniqueorl.com\/en\/wp-json\/wp\/v2\/users\/2"}],"replies":[{"embeddable":true,"href":"https:\/\/www.cliniqueorl.com\/en\/wp-json\/wp\/v2\/comments?post=2161"}],"version-history":[{"count":8,"href":"https:\/\/www.cliniqueorl.com\/en\/wp-json\/wp\/v2\/pages\/2161\/revisions"}],"predecessor-version":[{"id":2211,"href":"https:\/\/www.cliniqueorl.com\/en\/wp-json\/wp\/v2\/pages\/2161\/revisions\/2211"}],"wp:attachment":[{"href":"https:\/\/www.cliniqueorl.com\/en\/wp-json\/wp\/v2\/media?parent=2161"}],"curies":[{"name":"wp","href":"https:\/\/api.w.org\/{rel}","templated":true}]}}