{"id":1966,"date":"2020-05-08T15:07:48","date_gmt":"2020-05-08T15:07:48","guid":{"rendered":"https:\/\/www.cliniqueorl.com\/?page_id=1966"},"modified":"2020-05-13T18:38:11","modified_gmt":"2020-05-13T18:38:11","slug":"appareils-auditifs","status":"publish","type":"page","link":"https:\/\/www.cliniqueorl.com\/en\/surdite-et-vertiges\/appareils-auditifs\/","title":{"rendered":"Hearing aids"},"content":{"rendered":"<div data-elementor-type=\"wp-page\" data-elementor-id=\"1966\" class=\"elementor elementor-1966\" data-elementor-post-type=\"page\">\n\t\t\t\t\t\t<section class=\"elementor-section elementor-top-section elementor-element elementor-element-c269321 elementor-section-boxed elementor-section-height-default elementor-section-height-default\" data-id=\"c269321\" data-element_type=\"section\" data-e-type=\"section\">\n\t\t\t\t\t\t<div class=\"elementor-container elementor-column-gap-default\">\n\t\t\t\t\t<div class=\"elementor-column elementor-col-100 elementor-top-column elementor-element elementor-element-974a5ef\" data-id=\"974a5ef\" data-element_type=\"column\" data-e-type=\"column\">\n\t\t\t<div class=\"elementor-widget-wrap elementor-element-populated\">\n\t\t\t\t\t\t<div class=\"elementor-element elementor-element-07042ca elementor-widget elementor-widget-heading\" data-id=\"07042ca\" data-element_type=\"widget\" data-e-type=\"widget\" data-widget_type=\"heading.default\">\n\t\t\t\t<div class=\"elementor-widget-container\">\n\t\t\t\t\t<h1 class=\"elementor-heading-title elementor-size-default\">Appareils Auditifs \u00e0 notre clinique de Mont-Royal<\/h1>\t\t\t\t<\/div>\n\t\t\t\t<\/div>\n\t\t\t\t<div class=\"elementor-element-custom_font_size elementor-element-custom_color elementor-element elementor-element-3d4def2 elementor-widget elementor-widget-text-editor\" data-id=\"3d4def2\" data-element_type=\"widget\" data-e-type=\"widget\" data-widget_type=\"text-editor.default\">\n\t\t\t\t<div class=\"elementor-widget-container\">\n\t\t\t\t\t\t\t\t\t<p>L&rsquo;\u00e9troite collaboration entre nos audiologistes et les m\u00e9decins ORL et les audioproth\u00e9sistes nous permet de reconna\u00eetre et de traiter les probl\u00e8mes plus rapidement et plus compl\u00e8tement, et ce sous un m\u00eame toit !<\/p><p>Environ 5 \u00e0 10 % des probl\u00e8mes auditifs chez les adultes peuvent \u00eatre trait\u00e9s m\u00e9dicalement ou chirurgicalement. Ce pourcentage est plus \u00e9lev\u00e9 chez les enfants, surtout en cas de maladie de l&rsquo;oreille moyenne, comme les infections de l&rsquo;oreille, par exemple. Nos m\u00e9decins ORL et nos sursp\u00e9cialistes de l&rsquo;oreille sont comp\u00e9tents dans le traitement m\u00e9dical et chirurgical de diverses causes de perte auditive, notamment<\/p>\t\t\t\t\t\t\t\t<\/div>\n\t\t\t\t<\/div>\n\t\t\t\t<div class=\"elementor-element elementor-element-4ffac63 elementor-widget elementor-widget-spacer\" data-id=\"4ffac63\" data-element_type=\"widget\" data-e-type=\"widget\" data-widget_type=\"spacer.default\">\n\t\t\t\t<div class=\"elementor-widget-container\">\n\t\t\t\t\t\t\t<div class=\"elementor-spacer\">\n\t\t\t<div class=\"elementor-spacer-inner\"><\/div>\n\t\t<\/div>\n\t\t\t\t\t\t<\/div>\n\t\t\t\t<\/div>\n\t\t\t\t\t<\/div>\n\t\t<\/div>\n\t\t\t\t\t<\/div>\n\t\t<\/section>\n\t\t\t\t<section class=\"elementor-section elementor-top-section elementor-element elementor-element-dc08528 elementor-section-height-min-height elementor-section-boxed elementor-section-height-default elementor-section-items-middle\" data-id=\"dc08528\" data-element_type=\"section\" data-e-type=\"section\" data-settings=\"{&quot;background_background&quot;:&quot;classic&quot;}\">\n\t\t\t\t\t\t<div class=\"elementor-container elementor-column-gap-default\">\n\t\t\t\t\t<div class=\"elementor-column elementor-col-50 elementor-top-column elementor-element elementor-element-422e4e7\" data-id=\"422e4e7\" data-element_type=\"column\" data-e-type=\"column\">\n\t\t\t<div class=\"elementor-widget-wrap elementor-element-populated\">\n\t\t\t\t\t\t<div class=\"elementor-element elementor-element-a00393b elementor-widget elementor-widget-heading\" data-id=\"a00393b\" data-element_type=\"widget\" data-e-type=\"widget\" data-widget_type=\"heading.default\">\n\t\t\t\t<div class=\"elementor-widget-container\">\n\t\t\t\t\t<h2 class=\"elementor-heading-title elementor-size-default\">Nos Audioproth\u00e9sistes \u00e0 Montr\u00e9al<\/h2>\t\t\t\t<\/div>\n\t\t\t\t<\/div>\n\t\t\t\t<div class=\"elementor-element-custom_font_size elementor-element-custom_font_weight elementor-element-custom_color elementor-element elementor-element-e768f77 elementor-widget elementor-widget-text-editor\" data-id=\"e768f77\" data-element_type=\"widget\" data-e-type=\"widget\" data-widget_type=\"text-editor.default\">\n\t\t\t\t<div class=\"elementor-widget-container\">\n\t\t\t\t\t\t\t\t\t<p style=\"text-align: left;\">La Clinique ORL de Montr\u00e9al est en \u00e9troite collaboration avec <a href=\"https:\/\/www.vosoreilles.com\/\" target=\"_blank\" rel=\"noopener\">le R\u00e9seau Vos Oreilles Audioproth\u00e9sistes<\/a>. Leurs audioproth\u00e9sistes, membre de l&rsquo;ordre des audioproth\u00e9sistes du Qu\u00e9bec, sont en mesure de vendre, poser, ajuster, renouveler et r\u00e9parer vos appareils auditifs.<\/p>\t\t\t\t\t\t\t\t<\/div>\n\t\t\t\t<\/div>\n\t\t\t\t<div class=\"elementor-element elementor-element-9ce935b elementor-widget elementor-widget-spacer\" data-id=\"9ce935b\" data-element_type=\"widget\" data-e-type=\"widget\" data-widget_type=\"spacer.default\">\n\t\t\t\t<div class=\"elementor-widget-container\">\n\t\t\t\t\t\t\t<div class=\"elementor-spacer\">\n\t\t\t<div class=\"elementor-spacer-inner\"><\/div>\n\t\t<\/div>\n\t\t\t\t\t\t<\/div>\n\t\t\t\t<\/div>\n\t\t\t\t\t<\/div>\n\t\t<\/div>\n\t\t\t\t<div class=\"elementor-column elementor-col-50 elementor-top-column elementor-element elementor-element-db2db48\" data-id=\"db2db48\" data-element_type=\"column\" data-e-type=\"column\">\n\t\t\t<div class=\"elementor-widget-wrap elementor-element-populated\">\n\t\t\t\t\t\t<div class=\"elementor-element elementor-element-7773835 elementor-widget elementor-widget-image\" data-id=\"7773835\" data-element_type=\"widget\" data-e-type=\"widget\" data-widget_type=\"image.default\">\n\t\t\t\t<div class=\"elementor-widget-container\">\n\t\t\t\t\t\t\t\t\t\t\t\t\t\t\t<img decoding=\"async\" width=\"300\" height=\"118\" src=\"https:\/\/www.cliniqueorl.com\/wp-content\/uploads\/2020\/05\/logo-vosoreilles-rev2017-HR-1024x402-1-300x118.png\" class=\"attachment-medium size-medium wp-image-2270\" alt=\"audioproth\u00e9sistes du r\u00e9seau vos oreilles\" srcset=\"https:\/\/www.cliniqueorl.com\/wp-content\/uploads\/2020\/05\/logo-vosoreilles-rev2017-HR-1024x402-1-300x118.png 300w, https:\/\/www.cliniqueorl.com\/wp-content\/uploads\/2020\/05\/logo-vosoreilles-rev2017-HR-1024x402-1-768x302.png 768w, https:\/\/www.cliniqueorl.com\/wp-content\/uploads\/2020\/05\/logo-vosoreilles-rev2017-HR-1024x402-1.png 1024w\" sizes=\"(max-width: 300px) 100vw, 300px\" title=\"le r\u00e9seau vos oreilles audioproth\u00e9sistes\" \/>\t\t\t\t\t\t\t\t\t\t\t\t\t\t\t<\/div>\n\t\t\t\t<\/div>\n\t\t\t\t\t<\/div>\n\t\t<\/div>\n\t\t\t\t\t<\/div>\n\t\t<\/section>\n\t\t\t\t<section class=\"elementor-section elementor-top-section elementor-element elementor-element-2892a50 elementor-section-boxed elementor-section-height-default elementor-section-height-default\" data-id=\"2892a50\" data-element_type=\"section\" data-e-type=\"section\" data-settings=\"{&quot;background_background&quot;:&quot;classic&quot;}\">\n\t\t\t\t\t\t<div class=\"elementor-container elementor-column-gap-default\">\n\t\t\t\t\t<div class=\"elementor-column elementor-col-33 elementor-top-column elementor-element elementor-element-613add5\" data-id=\"613add5\" data-element_type=\"column\" data-e-type=\"column\">\n\t\t\t<div class=\"elementor-widget-wrap elementor-element-populated\">\n\t\t\t\t\t\t<div class=\"elementor-element elementor-element-9e81999 elementor-widget elementor-widget-spacer\" data-id=\"9e81999\" data-element_type=\"widget\" data-e-type=\"widget\" data-widget_type=\"spacer.default\">\n\t\t\t\t<div class=\"elementor-widget-container\">\n\t\t\t\t\t\t\t<div class=\"elementor-spacer\">\n\t\t\t<div class=\"elementor-spacer-inner\"><\/div>\n\t\t<\/div>\n\t\t\t\t\t\t<\/div>\n\t\t\t\t<\/div>\n\t\t\t\t<div class=\"elementor-element elementor-element-3735451 elementor-widget elementor-widget-heading\" data-id=\"3735451\" data-element_type=\"widget\" data-e-type=\"widget\" data-widget_type=\"heading.default\">\n\t\t\t\t<div class=\"elementor-widget-container\">\n\t\t\t\t\t<h2 class=\"elementor-heading-title elementor-size-default\">Appareils auditifs Rechargeables<\/h2>\t\t\t\t<\/div>\n\t\t\t\t<\/div>\n\t\t\t\t<div class=\"elementor-element-custom_font_size elementor-element-custom_color elementor-element elementor-element-cdcde37 elementor-widget elementor-widget-text-editor\" data-id=\"cdcde37\" data-element_type=\"widget\" data-e-type=\"widget\" data-widget_type=\"text-editor.default\">\n\t\t\t\t<div class=\"elementor-widget-container\">\n\t\t\t\t\t\t\t\t\t<p>Les aides auditives rechargeables sont id\u00e9als pour tous les types de patients.<\/p><ul><li>termin\u00e9 avec les batteries<\/li><li>tr\u00e8s peu visible<\/li><li>Bluetooth<\/li><\/ul>\t\t\t\t\t\t\t\t<\/div>\n\t\t\t\t<\/div>\n\t\t\t\t<div class=\"elementor-element elementor-element-6a122da elementor-widget elementor-widget-spacer\" data-id=\"6a122da\" data-element_type=\"widget\" data-e-type=\"widget\" data-widget_type=\"spacer.default\">\n\t\t\t\t<div class=\"elementor-widget-container\">\n\t\t\t\t\t\t\t<div class=\"elementor-spacer\">\n\t\t\t<div class=\"elementor-spacer-inner\"><\/div>\n\t\t<\/div>\n\t\t\t\t\t\t<\/div>\n\t\t\t\t<\/div>\n\t\t\t\t\t<\/div>\n\t\t<\/div>\n\t\t\t\t<div class=\"elementor-column elementor-col-33 elementor-top-column elementor-element elementor-element-f9a2c96\" data-id=\"f9a2c96\" data-element_type=\"column\" data-e-type=\"column\">\n\t\t\t<div class=\"elementor-widget-wrap elementor-element-populated\">\n\t\t\t\t\t\t<div class=\"elementor-element elementor-element-55c5565 elementor-widget elementor-widget-spacer\" data-id=\"55c5565\" data-element_type=\"widget\" data-e-type=\"widget\" data-widget_type=\"spacer.default\">\n\t\t\t\t<div class=\"elementor-widget-container\">\n\t\t\t\t\t\t\t<div class=\"elementor-spacer\">\n\t\t\t<div class=\"elementor-spacer-inner\"><\/div>\n\t\t<\/div>\n\t\t\t\t\t\t<\/div>\n\t\t\t\t<\/div>\n\t\t\t\t<div class=\"elementor-element elementor-element-42e62fb elementor-widget elementor-widget-image\" data-id=\"42e62fb\" data-element_type=\"widget\" data-e-type=\"widget\" data-widget_type=\"image.default\">\n\t\t\t\t<div class=\"elementor-widget-container\">\n\t\t\t\t\t\t\t\t\t\t\t\t\t\t\t<img fetchpriority=\"high\" decoding=\"async\" width=\"600\" height=\"600\" src=\"https:\/\/www.cliniqueorl.com\/wp-content\/uploads\/2020\/05\/phonak-charing-station-prod.png\" class=\"attachment-large size-large wp-image-2271\" alt=\"\" srcset=\"https:\/\/www.cliniqueorl.com\/wp-content\/uploads\/2020\/05\/phonak-charing-station-prod.png 600w, https:\/\/www.cliniqueorl.com\/wp-content\/uploads\/2020\/05\/phonak-charing-station-prod-300x300.png 300w, https:\/\/www.cliniqueorl.com\/wp-content\/uploads\/2020\/05\/phonak-charing-station-prod-150x150.png 150w\" sizes=\"(max-width: 600px) 100vw, 600px\" title=\"phonak-charing-station-prod\" \/>\t\t\t\t\t\t\t\t\t\t\t\t\t\t\t<\/div>\n\t\t\t\t<\/div>\n\t\t\t\t<div class=\"elementor-element elementor-element-6d15a36 elementor-widget elementor-widget-spacer\" data-id=\"6d15a36\" data-element_type=\"widget\" data-e-type=\"widget\" data-widget_type=\"spacer.default\">\n\t\t\t\t<div class=\"elementor-widget-container\">\n\t\t\t\t\t\t\t<div class=\"elementor-spacer\">\n\t\t\t<div class=\"elementor-spacer-inner\"><\/div>\n\t\t<\/div>\n\t\t\t\t\t\t<\/div>\n\t\t\t\t<\/div>\n\t\t\t\t\t<\/div>\n\t\t<\/div>\n\t\t\t\t<div class=\"elementor-column elementor-col-33 elementor-top-column elementor-element elementor-element-3c097c7\" data-id=\"3c097c7\" data-element_type=\"column\" data-e-type=\"column\">\n\t\t\t<div class=\"elementor-widget-wrap elementor-element-populated\">\n\t\t\t\t\t\t<div class=\"elementor-element elementor-element-9df49aa elementor-widget elementor-widget-spacer\" data-id=\"9df49aa\" data-element_type=\"widget\" data-e-type=\"widget\" data-widget_type=\"spacer.default\">\n\t\t\t\t<div class=\"elementor-widget-container\">\n\t\t\t\t\t\t\t<div class=\"elementor-spacer\">\n\t\t\t<div class=\"elementor-spacer-inner\"><\/div>\n\t\t<\/div>\n\t\t\t\t\t\t<\/div>\n\t\t\t\t<\/div>\n\t\t\t\t<div class=\"elementor-element elementor-element-1468546 elementor-widget elementor-widget-image\" data-id=\"1468546\" data-element_type=\"widget\" data-e-type=\"widget\" data-widget_type=\"image.default\">\n\t\t\t\t<div class=\"elementor-widget-container\">\n\t\t\t\t\t\t\t\t\t\t\t\t\t\t\t<img decoding=\"async\" width=\"382\" height=\"382\" src=\"https:\/\/www.cliniqueorl.com\/wp-content\/uploads\/2020\/05\/xwhich-type-ha-bte.jpg_qh_382_ala_en-CA_aw_382_ahash_4B6B22AEAD68E9DE1C9A8AA2378783A0.pagespeed.ic_1.jpg\" class=\"attachment-large size-large wp-image-2273\" alt=\"\" srcset=\"https:\/\/www.cliniqueorl.com\/wp-content\/uploads\/2020\/05\/xwhich-type-ha-bte.jpg_qh_382_ala_en-CA_aw_382_ahash_4B6B22AEAD68E9DE1C9A8AA2378783A0.pagespeed.ic_1.jpg 382w, https:\/\/www.cliniqueorl.com\/wp-content\/uploads\/2020\/05\/xwhich-type-ha-bte.jpg_qh_382_ala_en-CA_aw_382_ahash_4B6B22AEAD68E9DE1C9A8AA2378783A0.pagespeed.ic_1-300x300.jpg 300w, https:\/\/www.cliniqueorl.com\/wp-content\/uploads\/2020\/05\/xwhich-type-ha-bte.jpg_qh_382_ala_en-CA_aw_382_ahash_4B6B22AEAD68E9DE1C9A8AA2378783A0.pagespeed.ic_1-150x150.jpg 150w\" sizes=\"(max-width: 382px) 100vw, 382px\" title=\"xwhich-type-ha-bte.jpg_qh_382_ala_en-CA_aw_382_ahash_4B6B22AEAD68E9DE1C9A8AA2378783A0.pagespeed.ic_1\" \/>\t\t\t\t\t\t\t\t\t\t\t\t\t\t\t<\/div>\n\t\t\t\t<\/div>\n\t\t\t\t\t<\/div>\n\t\t<\/div>\n\t\t\t\t\t<\/div>\n\t\t<\/section>\n\t\t\t\t<section class=\"elementor-section elementor-top-section elementor-element elementor-element-0541a3f elementor-section-boxed elementor-section-height-default elementor-section-height-default\" data-id=\"0541a3f\" data-element_type=\"section\" data-e-type=\"section\">\n\t\t\t\t\t\t<div class=\"elementor-container elementor-column-gap-default\">\n\t\t\t\t\t<div class=\"elementor-column elementor-col-33 elementor-top-column elementor-element elementor-element-62b4695\" data-id=\"62b4695\" data-element_type=\"column\" data-e-type=\"column\">\n\t\t\t<div class=\"elementor-widget-wrap elementor-element-populated\">\n\t\t\t\t\t\t<div class=\"elementor-element elementor-element-31eb270 elementor-widget elementor-widget-image\" data-id=\"31eb270\" data-element_type=\"widget\" data-e-type=\"widget\" data-widget_type=\"image.default\">\n\t\t\t\t<div class=\"elementor-widget-container\">\n\t\t\t\t\t\t\t\t\t\t\t\t\t\t\t<img loading=\"lazy\" decoding=\"async\" width=\"382\" height=\"382\" src=\"https:\/\/www.cliniqueorl.com\/wp-content\/uploads\/2020\/05\/xwhich-type-ha-ite-1.jpg_qh_382_ala_en-CA_aw_382_ahash_5C19BCCD4A31F4D3E3C7857844AD2B14.pagespeed.ic_-1.jpg\" class=\"attachment-large size-large wp-image-2276\" alt=\"\" srcset=\"https:\/\/www.cliniqueorl.com\/wp-content\/uploads\/2020\/05\/xwhich-type-ha-ite-1.jpg_qh_382_ala_en-CA_aw_382_ahash_5C19BCCD4A31F4D3E3C7857844AD2B14.pagespeed.ic_-1.jpg 382w, https:\/\/www.cliniqueorl.com\/wp-content\/uploads\/2020\/05\/xwhich-type-ha-ite-1.jpg_qh_382_ala_en-CA_aw_382_ahash_5C19BCCD4A31F4D3E3C7857844AD2B14.pagespeed.ic_-1-300x300.jpg 300w, https:\/\/www.cliniqueorl.com\/wp-content\/uploads\/2020\/05\/xwhich-type-ha-ite-1.jpg_qh_382_ala_en-CA_aw_382_ahash_5C19BCCD4A31F4D3E3C7857844AD2B14.pagespeed.ic_-1-150x150.jpg 150w\" sizes=\"(max-width: 382px) 100vw, 382px\" title=\"xwhich-type-ha-ite.jpg_qh_382_ala_en-CA_aw_382_ahash_5C19BCCD4A31F4D3E3C7857844AD2B14.pagespeed.ic\" \/>\t\t\t\t\t\t\t\t\t\t\t\t\t\t\t<\/div>\n\t\t\t\t<\/div>\n\t\t\t\t\t<\/div>\n\t\t<\/div>\n\t\t\t\t<div class=\"elementor-column elementor-col-33 elementor-top-column elementor-element elementor-element-5ea7e10\" data-id=\"5ea7e10\" data-element_type=\"column\" data-e-type=\"column\">\n\t\t\t<div class=\"elementor-widget-wrap elementor-element-populated\">\n\t\t\t\t\t\t<div class=\"elementor-element elementor-element-1f1d6e8 elementor-widget elementor-widget-image\" data-id=\"1f1d6e8\" data-element_type=\"widget\" data-e-type=\"widget\" data-widget_type=\"image.default\">\n\t\t\t\t<div class=\"elementor-widget-container\">\n\t\t\t\t\t\t\t\t\t\t\t\t\t\t\t<img loading=\"lazy\" decoding=\"async\" width=\"500\" height=\"500\" src=\"https:\/\/www.cliniqueorl.com\/wp-content\/uploads\/2020\/05\/iic_black_transparent_blue_500x.png\" class=\"attachment-large size-large wp-image-2275\" alt=\"\" srcset=\"https:\/\/www.cliniqueorl.com\/wp-content\/uploads\/2020\/05\/iic_black_transparent_blue_500x.png 500w, https:\/\/www.cliniqueorl.com\/wp-content\/uploads\/2020\/05\/iic_black_transparent_blue_500x-300x300.png 300w, https:\/\/www.cliniqueorl.com\/wp-content\/uploads\/2020\/05\/iic_black_transparent_blue_500x-150x150.png 150w\" sizes=\"(max-width: 500px) 100vw, 500px\" title=\"iic_black_transparent_blue_500x\" \/>\t\t\t\t\t\t\t\t\t\t\t\t\t\t\t<\/div>\n\t\t\t\t<\/div>\n\t\t\t\t\t<\/div>\n\t\t<\/div>\n\t\t\t\t<div class=\"elementor-column elementor-col-33 elementor-top-column elementor-element elementor-element-de06537\" data-id=\"de06537\" data-element_type=\"column\" data-e-type=\"column\">\n\t\t\t<div class=\"elementor-widget-wrap elementor-element-populated\">\n\t\t\t\t\t\t<div class=\"elementor-element elementor-element-9b60331 elementor-widget elementor-widget-heading\" data-id=\"9b60331\" data-element_type=\"widget\" data-e-type=\"widget\" data-widget_type=\"heading.default\">\n\t\t\t\t<div class=\"elementor-widget-container\">\n\t\t\t\t\t<h2 class=\"elementor-heading-title elementor-size-default\">Appareils Auditifs Invisibles<\/h2>\t\t\t\t<\/div>\n\t\t\t\t<\/div>\n\t\t\t\t<div class=\"elementor-element-custom_font_size elementor-element-custom_color elementor-element elementor-element-711db1b elementor-widget elementor-widget-text-editor\" data-id=\"711db1b\" data-element_type=\"widget\" data-e-type=\"widget\" data-widget_type=\"text-editor.default\">\n\t\t\t\t<div class=\"elementor-widget-container\">\n\t\t\t\t\t\t\t\t\tLes proth\u00e8ses auditives invisibles sont tr\u00e8s esth\u00e9tiques et entrent compl\u00e8tement dans le conduit auditif.\n<ul>\n \t<li>tr\u00e8s discr\u00e8te<\/li>\n \t<li>manipulation simple<\/li>\n \t<li>sans-fil<\/li>\n<\/ul>\t\t\t\t\t\t\t\t<\/div>\n\t\t\t\t<\/div>\n\t\t\t\t<div class=\"elementor-element elementor-element-8e9bc09 elementor-widget elementor-widget-spacer\" data-id=\"8e9bc09\" data-element_type=\"widget\" data-e-type=\"widget\" data-widget_type=\"spacer.default\">\n\t\t\t\t<div class=\"elementor-widget-container\">\n\t\t\t\t\t\t\t<div class=\"elementor-spacer\">\n\t\t\t<div class=\"elementor-spacer-inner\"><\/div>\n\t\t<\/div>\n\t\t\t\t\t\t<\/div>\n\t\t\t\t<\/div>\n\t\t\t\t\t<\/div>\n\t\t<\/div>\n\t\t\t\t\t<\/div>\n\t\t<\/section>\n\t\t\t\t<section class=\"elementor-section elementor-top-section elementor-element elementor-element-58f51bc elementor-section-boxed elementor-section-height-default elementor-section-height-default\" data-id=\"58f51bc\" data-element_type=\"section\" data-e-type=\"section\">\n\t\t\t\t\t\t<div class=\"elementor-container elementor-column-gap-default\">\n\t\t\t\t\t<div class=\"elementor-column elementor-col-33 elementor-top-column elementor-element elementor-element-97bc882\" data-id=\"97bc882\" data-element_type=\"column\" data-e-type=\"column\">\n\t\t\t<div class=\"elementor-widget-wrap elementor-element-populated\">\n\t\t\t\t\t\t<div class=\"elementor-element elementor-element-d8378e6 elementor-widget elementor-widget-heading\" data-id=\"d8378e6\" data-element_type=\"widget\" data-e-type=\"widget\" data-widget_type=\"heading.default\">\n\t\t\t\t<div class=\"elementor-widget-container\">\n\t\t\t\t\t<h2 class=\"elementor-heading-title elementor-size-default\">Appareils auditifs Performantes<\/h2>\t\t\t\t<\/div>\n\t\t\t\t<\/div>\n\t\t\t\t<div class=\"elementor-element-custom_font_size elementor-element-custom_color elementor-element elementor-element-7078cfb elementor-widget elementor-widget-text-editor\" data-id=\"7078cfb\" data-element_type=\"widget\" data-e-type=\"widget\" data-widget_type=\"text-editor.default\">\n\t\t\t\t<div class=\"elementor-widget-container\">\n\t\t\t\t\t\t\t\t\tLes aides auditives performantes pour les pertes auditive s\u00e9v\u00e8res.\n<ul>\n \t<li>longue autonomie<\/li>\n \t<li>puissante<\/li>\n \t<li>Bluetooth<\/li>\n<\/ul>\t\t\t\t\t\t\t\t<\/div>\n\t\t\t\t<\/div>\n\t\t\t\t<div class=\"elementor-element elementor-element-33e3f98 elementor-widget elementor-widget-spacer\" data-id=\"33e3f98\" data-element_type=\"widget\" data-e-type=\"widget\" data-widget_type=\"spacer.default\">\n\t\t\t\t<div class=\"elementor-widget-container\">\n\t\t\t\t\t\t\t<div class=\"elementor-spacer\">\n\t\t\t<div class=\"elementor-spacer-inner\"><\/div>\n\t\t<\/div>\n\t\t\t\t\t\t<\/div>\n\t\t\t\t<\/div>\n\t\t\t\t\t<\/div>\n\t\t<\/div>\n\t\t\t\t<div class=\"elementor-column elementor-col-33 elementor-top-column elementor-element elementor-element-238dc3d\" data-id=\"238dc3d\" data-element_type=\"column\" data-e-type=\"column\">\n\t\t\t<div class=\"elementor-widget-wrap elementor-element-populated\">\n\t\t\t\t\t\t<div class=\"elementor-element elementor-element-df2886d elementor-widget elementor-widget-image\" data-id=\"df2886d\" data-element_type=\"widget\" data-e-type=\"widget\" data-widget_type=\"image.default\">\n\t\t\t\t<div class=\"elementor-widget-container\">\n\t\t\t\t\t\t\t\t\t\t\t\t\t\t\t<img loading=\"lazy\" decoding=\"async\" width=\"560\" height=\"560\" src=\"https:\/\/www.cliniqueorl.com\/wp-content\/uploads\/2020\/05\/Oticon_Xceed_3_Full_Style_Range.jpg\" class=\"attachment-large size-large wp-image-2277\" alt=\"\" srcset=\"https:\/\/www.cliniqueorl.com\/wp-content\/uploads\/2020\/05\/Oticon_Xceed_3_Full_Style_Range.jpg 560w, https:\/\/www.cliniqueorl.com\/wp-content\/uploads\/2020\/05\/Oticon_Xceed_3_Full_Style_Range-300x300.jpg 300w, https:\/\/www.cliniqueorl.com\/wp-content\/uploads\/2020\/05\/Oticon_Xceed_3_Full_Style_Range-150x150.jpg 150w\" sizes=\"(max-width: 560px) 100vw, 560px\" title=\"Oticon_Xceed_3_Full_Style_Range\" \/>\t\t\t\t\t\t\t\t\t\t\t\t\t\t\t<\/div>\n\t\t\t\t<\/div>\n\t\t\t\t\t<\/div>\n\t\t<\/div>\n\t\t\t\t<div class=\"elementor-column elementor-col-33 elementor-top-column elementor-element elementor-element-4b8507f\" data-id=\"4b8507f\" data-element_type=\"column\" data-e-type=\"column\">\n\t\t\t<div class=\"elementor-widget-wrap elementor-element-populated\">\n\t\t\t\t\t\t<div class=\"elementor-element elementor-element-b1a1c09 elementor-widget elementor-widget-image\" data-id=\"b1a1c09\" data-element_type=\"widget\" data-e-type=\"widget\" data-widget_type=\"image.default\">\n\t\t\t\t<div class=\"elementor-widget-container\">\n\t\t\t\t\t\t\t\t\t\t\t\t\t\t\t<img loading=\"lazy\" decoding=\"async\" width=\"500\" height=\"500\" src=\"https:\/\/www.cliniqueorl.com\/wp-content\/uploads\/2020\/05\/5d780b58c9c7a52aaf636227_bte-hearing-aid-1.png\" class=\"attachment-large size-large wp-image-2278\" alt=\"\" srcset=\"https:\/\/www.cliniqueorl.com\/wp-content\/uploads\/2020\/05\/5d780b58c9c7a52aaf636227_bte-hearing-aid-1.png 500w, https:\/\/www.cliniqueorl.com\/wp-content\/uploads\/2020\/05\/5d780b58c9c7a52aaf636227_bte-hearing-aid-1-300x300.png 300w, https:\/\/www.cliniqueorl.com\/wp-content\/uploads\/2020\/05\/5d780b58c9c7a52aaf636227_bte-hearing-aid-1-150x150.png 150w\" sizes=\"(max-width: 500px) 100vw, 500px\" title=\"5d780b58c9c7a52aaf636227_bte-hearing-aid\" \/>\t\t\t\t\t\t\t\t\t\t\t\t\t\t\t<\/div>\n\t\t\t\t<\/div>\n\t\t\t\t\t<\/div>\n\t\t<\/div>\n\t\t\t\t\t<\/div>\n\t\t<\/section>\n\t\t\t\t<\/div>","protected":false},"excerpt":{"rendered":"<p>Appareils Auditifs \u00e0 notre clinique de Mont-Royal L&rsquo;\u00e9troite collaboration entre nos audiologistes et les m\u00e9decins ORL et les audioproth\u00e9sistes nous permet de reconna\u00eetre et de traiter les probl\u00e8mes plus rapidement et plus compl\u00e8tement, et ce sous un m\u00eame toit ! Environ 5 \u00e0 10 % des probl\u00e8mes auditifs chez les adultes peuvent \u00eatre trait\u00e9s m\u00e9dicalement [&hellip;]<\/p>\n","protected":false},"author":2,"featured_media":0,"parent":1334,"menu_order":0,"comment_status":"closed","ping_status":"closed","template":"","meta":{"footnotes":""},"class_list":["post-1966","page","type-page","status-publish","hentry"],"_links":{"self":[{"href":"https:\/\/www.cliniqueorl.com\/en\/wp-json\/wp\/v2\/pages\/1966","targetHints":{"allow":["GET"]}}],"collection":[{"href":"https:\/\/www.cliniqueorl.com\/en\/wp-json\/wp\/v2\/pages"}],"about":[{"href":"https:\/\/www.cliniqueorl.com\/en\/wp-json\/wp\/v2\/types\/page"}],"author":[{"embeddable":true,"href":"https:\/\/www.cliniqueorl.com\/en\/wp-json\/wp\/v2\/users\/2"}],"replies":[{"embeddable":true,"href":"https:\/\/www.cliniqueorl.com\/en\/wp-json\/wp\/v2\/comments?post=1966"}],"version-history":[{"count":8,"href":"https:\/\/www.cliniqueorl.com\/en\/wp-json\/wp\/v2\/pages\/1966\/revisions"}],"predecessor-version":[{"id":2296,"href":"https:\/\/www.cliniqueorl.com\/en\/wp-json\/wp\/v2\/pages\/1966\/revisions\/2296"}],"up":[{"embeddable":true,"href":"https:\/\/www.cliniqueorl.com\/en\/wp-json\/wp\/v2\/pages\/1334"}],"wp:attachment":[{"href":"https:\/\/www.cliniqueorl.com\/en\/wp-json\/wp\/v2\/media?parent=1966"}],"curies":[{"name":"wp","href":"https:\/\/api.w.org\/{rel}","templated":true}]}}