{"id":1964,"date":"2020-05-08T15:06:19","date_gmt":"2020-05-08T15:06:19","guid":{"rendered":"https:\/\/www.cliniqueorl.com\/?page_id=1964"},"modified":"2020-05-10T18:19:08","modified_gmt":"2020-05-10T18:19:08","slug":"cnesst","status":"publish","type":"page","link":"https:\/\/www.cliniqueorl.com\/en\/surdite-et-vertiges\/cnesst\/","title":{"rendered":"CNESST"},"content":{"rendered":"<div data-elementor-type=\"wp-page\" data-elementor-id=\"1964\" class=\"elementor elementor-1964\" data-elementor-post-type=\"page\">\n\t\t\t\t\t\t<section class=\"elementor-section elementor-top-section elementor-element elementor-element-84bd652 elementor-section-boxed elementor-section-height-default elementor-section-height-default\" data-id=\"84bd652\" data-element_type=\"section\" data-e-type=\"section\">\n\t\t\t\t\t\t<div class=\"elementor-container elementor-column-gap-default\">\n\t\t\t\t\t<div class=\"elementor-column elementor-col-100 elementor-top-column elementor-element elementor-element-3bedb38\" data-id=\"3bedb38\" data-element_type=\"column\" data-e-type=\"column\">\n\t\t\t<div class=\"elementor-widget-wrap elementor-element-populated\">\n\t\t\t\t\t\t<div class=\"elementor-element elementor-element-e3def6b elementor-widget elementor-widget-heading\" data-id=\"e3def6b\" data-element_type=\"widget\" data-e-type=\"widget\" data-widget_type=\"heading.default\">\n\t\t\t\t<div class=\"elementor-widget-container\">\n\t\t\t\t\t<h2 class=\"elementor-heading-title elementor-size-default\">The ENT doctor, expert in the worker's hearing health<\/h2>\t\t\t\t<\/div>\n\t\t\t\t<\/div>\n\t\t\t\t\t<\/div>\n\t\t<\/div>\n\t\t\t\t\t<\/div>\n\t\t<\/section>\n\t\t\t\t<section class=\"elementor-section elementor-top-section elementor-element elementor-element-f5f2725 elementor-section-boxed elementor-section-height-default elementor-section-height-default\" data-id=\"f5f2725\" data-element_type=\"section\" data-e-type=\"section\">\n\t\t\t\t\t\t<div class=\"elementor-container elementor-column-gap-default\">\n\t\t\t\t\t<div class=\"elementor-column elementor-col-100 elementor-top-column elementor-element elementor-element-9eb5971\" data-id=\"9eb5971\" data-element_type=\"column\" data-e-type=\"column\">\n\t\t\t<div class=\"elementor-widget-wrap elementor-element-populated\">\n\t\t\t\t\t\t<div class=\"elementor-element elementor-element-6cbbd20 elementor-widget elementor-widget-image\" data-id=\"6cbbd20\" data-element_type=\"widget\" data-e-type=\"widget\" data-widget_type=\"image.default\">\n\t\t\t\t<div class=\"elementor-widget-container\">\n\t\t\t\t\t\t\t\t\t\t\t\t\t\t\t<img fetchpriority=\"high\" decoding=\"async\" width=\"940\" height=\"940\" src=\"https:\/\/www.cliniqueorl.com\/wp-content\/uploads\/2020\/05\/19-1024x1024.png\" class=\"attachment-large size-large wp-image-2092\" alt=\"ENT examining ears\" srcset=\"https:\/\/www.cliniqueorl.com\/wp-content\/uploads\/2020\/05\/19-1024x1024.png 1024w, https:\/\/www.cliniqueorl.com\/wp-content\/uploads\/2020\/05\/19-300x300.png 300w, https:\/\/www.cliniqueorl.com\/wp-content\/uploads\/2020\/05\/19-150x150.png 150w, https:\/\/www.cliniqueorl.com\/wp-content\/uploads\/2020\/05\/19-768x768.png 768w, https:\/\/www.cliniqueorl.com\/wp-content\/uploads\/2020\/05\/19-1536x1536.png 1536w\" sizes=\"(max-width: 940px) 100vw, 940px\" title=\"19\" \/>\t\t\t\t\t\t\t\t\t\t\t\t\t\t\t<\/div>\n\t\t\t\t<\/div>\n\t\t\t\t\t<\/div>\n\t\t<\/div>\n\t\t\t\t\t<\/div>\n\t\t<\/section>\n\t\t\t\t<section class=\"elementor-section elementor-top-section elementor-element elementor-element-648493a elementor-section-boxed elementor-section-height-default elementor-section-height-default\" data-id=\"648493a\" data-element_type=\"section\" data-e-type=\"section\">\n\t\t\t\t\t\t<div class=\"elementor-container elementor-column-gap-default\">\n\t\t\t\t\t<div class=\"elementor-column elementor-col-100 elementor-top-column elementor-element elementor-element-018f931\" data-id=\"018f931\" data-element_type=\"column\" data-e-type=\"column\">\n\t\t\t<div class=\"elementor-widget-wrap elementor-element-populated\">\n\t\t\t\t\t\t<div class=\"elementor-element elementor-element-8607a1c elementor-widget elementor-widget-heading\" data-id=\"8607a1c\" data-element_type=\"widget\" data-e-type=\"widget\" data-widget_type=\"heading.default\">\n\t\t\t\t<div class=\"elementor-widget-container\">\n\t\t\t\t\t<h3 class=\"elementor-heading-title elementor-size-default\">What is occupational hearing loss?<\/h3>\t\t\t\t<\/div>\n\t\t\t\t<\/div>\n\t\t\t\t\t<\/div>\n\t\t<\/div>\n\t\t\t\t\t<\/div>\n\t\t<\/section>\n\t\t\t\t<section class=\"elementor-section elementor-top-section elementor-element elementor-element-03a27b0 elementor-section-boxed elementor-section-height-default elementor-section-height-default\" data-id=\"03a27b0\" data-element_type=\"section\" data-e-type=\"section\">\n\t\t\t\t\t\t<div class=\"elementor-container elementor-column-gap-default\">\n\t\t\t\t\t<div class=\"elementor-column elementor-col-100 elementor-top-column elementor-element elementor-element-5132c9a\" data-id=\"5132c9a\" data-element_type=\"column\" data-e-type=\"column\">\n\t\t\t<div class=\"elementor-widget-wrap elementor-element-populated\">\n\t\t\t\t\t\t<div class=\"elementor-element elementor-element-586ce61 elementor-widget elementor-widget-text-editor\" data-id=\"586ce61\" data-element_type=\"widget\" data-e-type=\"widget\" data-widget_type=\"text-editor.default\">\n\t\t\t\t<div class=\"elementor-widget-container\">\n\t\t\t\t\t\t\t\t\t<p>Prolonged exposure to sound can damage the inner ear structures and cause hearing loss and deafness. This hearing loss can be very distressing.<\/p><p>Occupational hearing loss is hearing loss due to prolonged exposure to loud sounds at the workplace. When hearing loss is caused by loud noise int he workplace, you could be eligible for hearing aids that will be paid for by the\u00a0<i>Commission des normes, de l&rsquo;\u00e9quit\u00e9, de la sant\u00e9 et de la s\u00e9curit\u00e9 du travail (CNESST).<\/i><\/p>\t\t\t\t\t\t\t\t<\/div>\n\t\t\t\t<\/div>\n\t\t\t\t\t<\/div>\n\t\t<\/div>\n\t\t\t\t\t<\/div>\n\t\t<\/section>\n\t\t\t\t<section class=\"elementor-section elementor-top-section elementor-element elementor-element-0a7c0d2 elementor-section-boxed elementor-section-height-default elementor-section-height-default\" data-id=\"0a7c0d2\" data-element_type=\"section\" data-e-type=\"section\">\n\t\t\t\t\t\t<div class=\"elementor-container elementor-column-gap-default\">\n\t\t\t\t\t<div class=\"elementor-column elementor-col-100 elementor-top-column elementor-element elementor-element-5c63615\" data-id=\"5c63615\" data-element_type=\"column\" data-e-type=\"column\">\n\t\t\t<div class=\"elementor-widget-wrap elementor-element-populated\">\n\t\t\t\t\t\t<div class=\"elementor-element elementor-element-ebfee57 elementor-widget elementor-widget-heading\" data-id=\"ebfee57\" data-element_type=\"widget\" data-e-type=\"widget\" data-widget_type=\"heading.default\">\n\t\t\t\t<div class=\"elementor-widget-container\">\n\t\t\t\t\t<h3 class=\"elementor-heading-title elementor-size-default\">Are you at risk?<\/h3>\t\t\t\t<\/div>\n\t\t\t\t<\/div>\n\t\t\t\t\t<\/div>\n\t\t<\/div>\n\t\t\t\t\t<\/div>\n\t\t<\/section>\n\t\t\t\t<section class=\"elementor-section elementor-top-section elementor-element elementor-element-80199ce elementor-section-boxed elementor-section-height-default elementor-section-height-default\" data-id=\"80199ce\" data-element_type=\"section\" data-e-type=\"section\">\n\t\t\t\t\t\t<div class=\"elementor-container elementor-column-gap-default\">\n\t\t\t\t\t<div class=\"elementor-column elementor-col-100 elementor-top-column elementor-element elementor-element-25c78f9\" data-id=\"25c78f9\" data-element_type=\"column\" data-e-type=\"column\">\n\t\t\t<div class=\"elementor-widget-wrap elementor-element-populated\">\n\t\t\t\t\t\t<div class=\"elementor-element elementor-element-756103a elementor-widget elementor-widget-text-editor\" data-id=\"756103a\" data-element_type=\"widget\" data-e-type=\"widget\" data-widget_type=\"text-editor.default\">\n\t\t\t\t<div class=\"elementor-widget-container\">\n\t\t\t\t\t\t\t\t\t<p>Any job with a level of loud noise exposure per 8-hour work day for 2 years puts you at risk of occupational hearing loss, according to the CNESST.\u00a0<\/p>\t\t\t\t\t\t\t\t<\/div>\n\t\t\t\t<\/div>\n\t\t\t\t\t<\/div>\n\t\t<\/div>\n\t\t\t\t\t<\/div>\n\t\t<\/section>\n\t\t\t\t<section class=\"elementor-section elementor-top-section elementor-element elementor-element-7f139ae elementor-section-boxed elementor-section-height-default elementor-section-height-default\" data-id=\"7f139ae\" data-element_type=\"section\" data-e-type=\"section\">\n\t\t\t\t\t\t<div class=\"elementor-container elementor-column-gap-default\">\n\t\t\t\t\t<div class=\"elementor-column elementor-col-100 elementor-top-column elementor-element elementor-element-07c4864\" data-id=\"07c4864\" data-element_type=\"column\" data-e-type=\"column\">\n\t\t\t<div class=\"elementor-widget-wrap elementor-element-populated\">\n\t\t\t\t\t\t<div class=\"elementor-element elementor-element-f62a991 elementor-widget elementor-widget-heading\" data-id=\"f62a991\" data-element_type=\"widget\" data-e-type=\"widget\" data-widget_type=\"heading.default\">\n\t\t\t\t<div class=\"elementor-widget-container\">\n\t\t\t\t\t<h3 class=\"elementor-heading-title elementor-size-default\">First step: the audiogram (hearing test)<\/h3>\t\t\t\t<\/div>\n\t\t\t\t<\/div>\n\t\t\t\t\t<\/div>\n\t\t<\/div>\n\t\t\t\t\t<\/div>\n\t\t<\/section>\n\t\t\t\t<section class=\"elementor-section elementor-top-section elementor-element elementor-element-0c9a41f elementor-section-boxed elementor-section-height-default elementor-section-height-default\" data-id=\"0c9a41f\" data-element_type=\"section\" data-e-type=\"section\">\n\t\t\t\t\t\t<div class=\"elementor-container elementor-column-gap-default\">\n\t\t\t\t\t<div class=\"elementor-column elementor-col-100 elementor-top-column elementor-element elementor-element-6c961d2\" data-id=\"6c961d2\" data-element_type=\"column\" data-e-type=\"column\">\n\t\t\t<div class=\"elementor-widget-wrap elementor-element-populated\">\n\t\t\t\t\t\t<div class=\"elementor-element elementor-element-dfb3c37 elementor-widget elementor-widget-text-editor\" data-id=\"dfb3c37\" data-element_type=\"widget\" data-e-type=\"widget\" data-widget_type=\"text-editor.default\">\n\t\t\t\t<div class=\"elementor-widget-container\">\n\t\t\t\t\t\t\t\t\t<p>If you suffer from hearing loss, whether it is due to occupational noise exposure or not, the first step is to undergo an audiogram with one of audiologists.<\/p><p>This audiogram is required for your ENT doctor to be able to fill out a CNESST certificate.<\/p>\t\t\t\t\t\t\t\t<\/div>\n\t\t\t\t<\/div>\n\t\t\t\t\t<\/div>\n\t\t<\/div>\n\t\t\t\t\t<\/div>\n\t\t<\/section>\n\t\t\t\t<section class=\"elementor-section elementor-top-section elementor-element elementor-element-2e09953 elementor-section-boxed elementor-section-height-default elementor-section-height-default\" data-id=\"2e09953\" data-element_type=\"section\" data-e-type=\"section\">\n\t\t\t\t\t\t<div class=\"elementor-container elementor-column-gap-default\">\n\t\t\t\t\t<div class=\"elementor-column elementor-col-100 elementor-top-column elementor-element elementor-element-21ca05a\" data-id=\"21ca05a\" data-element_type=\"column\" data-e-type=\"column\">\n\t\t\t<div class=\"elementor-widget-wrap elementor-element-populated\">\n\t\t\t\t\t\t<div class=\"elementor-element elementor-element-43aea7d elementor-widget elementor-widget-heading\" data-id=\"43aea7d\" data-element_type=\"widget\" data-e-type=\"widget\" data-widget_type=\"heading.default\">\n\t\t\t\t<div class=\"elementor-widget-container\">\n\t\t\t\t\t<h3 class=\"elementor-heading-title elementor-size-default\">Second step: \"Attestation m\u00e9dicale\" filled out by your ENT doctor<\/h3>\t\t\t\t<\/div>\n\t\t\t\t<\/div>\n\t\t\t\t\t<\/div>\n\t\t<\/div>\n\t\t\t\t\t<\/div>\n\t\t<\/section>\n\t\t\t\t<section class=\"elementor-section elementor-top-section elementor-element elementor-element-73eff2f elementor-section-boxed elementor-section-height-default elementor-section-height-default\" data-id=\"73eff2f\" data-element_type=\"section\" data-e-type=\"section\">\n\t\t\t\t\t\t<div class=\"elementor-container elementor-column-gap-default\">\n\t\t\t\t\t<div class=\"elementor-column elementor-col-100 elementor-top-column elementor-element elementor-element-df7afb1\" data-id=\"df7afb1\" data-element_type=\"column\" data-e-type=\"column\">\n\t\t\t<div class=\"elementor-widget-wrap elementor-element-populated\">\n\t\t\t\t\t\t<div class=\"elementor-element elementor-element-fdb674c elementor-widget elementor-widget-text-editor\" data-id=\"fdb674c\" data-element_type=\"widget\" data-e-type=\"widget\" data-widget_type=\"text-editor.default\">\n\t\t\t\t<div class=\"elementor-widget-container\">\n\t\t\t\t\t\t\t\t\t<p>The second step is to meet an ENT specialist so that they can fill out the CNESST form<a href=\"https:\/\/www.csst.qc.ca\/formulaires\/Documents\/1936web.pdf\" target=\"_blank\" rel=\"noopener\">Attestation m\u00e9dicale<\/a>&nbsp;.&nbsp;<\/p>\t\t\t\t\t\t\t\t<\/div>\n\t\t\t\t<\/div>\n\t\t\t\t\t<\/div>\n\t\t<\/div>\n\t\t\t\t\t<\/div>\n\t\t<\/section>\n\t\t\t\t<section class=\"elementor-section elementor-top-section elementor-element elementor-element-3f9bb9a elementor-section-boxed elementor-section-height-default elementor-section-height-default\" data-id=\"3f9bb9a\" data-element_type=\"section\" data-e-type=\"section\">\n\t\t\t\t\t\t<div class=\"elementor-container elementor-column-gap-default\">\n\t\t\t\t\t<div class=\"elementor-column elementor-col-100 elementor-top-column elementor-element elementor-element-37503ff\" data-id=\"37503ff\" data-element_type=\"column\" data-e-type=\"column\">\n\t\t\t<div class=\"elementor-widget-wrap elementor-element-populated\">\n\t\t\t\t\t\t<div class=\"elementor-element elementor-element-baf5036 elementor-widget elementor-widget-heading\" data-id=\"baf5036\" data-element_type=\"widget\" data-e-type=\"widget\" data-widget_type=\"heading.default\">\n\t\t\t\t<div class=\"elementor-widget-container\">\n\t\t\t\t\t<h3 class=\"elementor-heading-title elementor-size-default\">Third step: send your RTR form to the CNESST<\/h3>\t\t\t\t<\/div>\n\t\t\t\t<\/div>\n\t\t\t\t\t<\/div>\n\t\t<\/div>\n\t\t\t\t\t<\/div>\n\t\t<\/section>\n\t\t\t\t<section class=\"elementor-section elementor-top-section elementor-element elementor-element-fdd0e4e elementor-section-boxed elementor-section-height-default elementor-section-height-default\" data-id=\"fdd0e4e\" data-element_type=\"section\" data-e-type=\"section\">\n\t\t\t\t\t\t<div class=\"elementor-container elementor-column-gap-default\">\n\t\t\t\t\t<div class=\"elementor-column elementor-col-100 elementor-top-column elementor-element elementor-element-d0444d2\" data-id=\"d0444d2\" data-element_type=\"column\" data-e-type=\"column\">\n\t\t\t<div class=\"elementor-widget-wrap elementor-element-populated\">\n\t\t\t\t\t\t<div class=\"elementor-element elementor-element-acbbad0 elementor-widget elementor-widget-text-editor\" data-id=\"acbbad0\" data-element_type=\"widget\" data-e-type=\"widget\" data-widget_type=\"text-editor.default\">\n\t\t\t\t<div class=\"elementor-widget-container\">\n\t\t\t\t\t\t\t\t\t<p>Very important! It is the worker's responsiblity to fill out the form\u00a0<a href=\"https:\/\/www.csst.qc.ca\/formulaires\/Pages\/1939.aspx\" target=\"_blank\" rel=\"noopener\">R\u00e9clamation du travailleur (RTR)<\/a>\u00a0and send it to the CNESST.<\/p><p>It is also very important to fill out the<a href=\"https:\/\/www.csst.qc.ca\/formulaires\/Documents\/2237web.pdf\" target=\"_blank\" rel=\"noopener\">Annexe \u00e0 la R\u00e9clamation du travailleur\u00a0<\/a>specific to occupational hearing loss.<\/p><p>This form needs to be sent directly to the CNESST that will then study your request to determine if you are admissible for a hearing aid. This process can take\u00a0<span style=\"font-weight: bold;\">several months.<\/span>Make sure you keep a copy of this form to be able to give it to the clinic.<\/p><p>\u00a0<\/p>\t\t\t\t\t\t\t\t<\/div>\n\t\t\t\t<\/div>\n\t\t\t\t\t<\/div>\n\t\t<\/div>\n\t\t\t\t\t<\/div>\n\t\t<\/section>\n\t\t\t\t<section class=\"elementor-section elementor-top-section elementor-element elementor-element-0869976 elementor-section-boxed elementor-section-height-default elementor-section-height-default\" data-id=\"0869976\" data-element_type=\"section\" data-e-type=\"section\">\n\t\t\t\t\t\t<div class=\"elementor-container elementor-column-gap-default\">\n\t\t\t\t\t<div class=\"elementor-column elementor-col-100 elementor-top-column elementor-element elementor-element-c324c66\" data-id=\"c324c66\" data-element_type=\"column\" data-e-type=\"column\">\n\t\t\t<div class=\"elementor-widget-wrap elementor-element-populated\">\n\t\t\t\t\t\t<div class=\"elementor-element elementor-element-3871cde elementor-widget elementor-widget-heading\" data-id=\"3871cde\" data-element_type=\"widget\" data-e-type=\"widget\" data-widget_type=\"heading.default\">\n\t\t\t\t<div class=\"elementor-widget-container\">\n\t\t\t\t\t<h3 class=\"elementor-heading-title elementor-size-default\">Fourth step: acceptance (or refusal) of your file at the CNESST, see your ENT again, and meet the hearing aid specialist<\/h3>\t\t\t\t<\/div>\n\t\t\t\t<\/div>\n\t\t\t\t\t<\/div>\n\t\t<\/div>\n\t\t\t\t\t<\/div>\n\t\t<\/section>\n\t\t\t\t<section class=\"elementor-section elementor-top-section elementor-element elementor-element-f83fa20 elementor-section-boxed elementor-section-height-default elementor-section-height-default\" data-id=\"f83fa20\" data-element_type=\"section\" data-e-type=\"section\">\n\t\t\t\t\t\t<div class=\"elementor-container elementor-column-gap-default\">\n\t\t\t\t\t<div class=\"elementor-column elementor-col-100 elementor-top-column elementor-element elementor-element-8419688\" data-id=\"8419688\" data-element_type=\"column\" data-e-type=\"column\">\n\t\t\t<div class=\"elementor-widget-wrap elementor-element-populated\">\n\t\t\t\t\t\t<div class=\"elementor-element elementor-element-863845f elementor-widget elementor-widget-text-editor\" data-id=\"863845f\" data-element_type=\"widget\" data-e-type=\"widget\" data-widget_type=\"text-editor.default\">\n\t\t\t\t<div class=\"elementor-widget-container\">\n\t\t\t\t\t\t\t\t\t<p>Once your reclamation is accepted by the CNESST, you will receive a letter by mail. It is important at that point to make another appointment with your ENT so they can produce a <b>Rapport d&rsquo;\u00e9valuation m\u00e9dicale<\/b>. This report can be produced the same day you meet with the hearing aid specialist that will start the process of producing hearing aids for you.<\/p><p>Now that your occupational hearing loss is recognized, the CNESST will cover:<\/p><p>- the cost of hearing testing<\/p><p>- one or two hearing aids every five years<\/p><p>- the cost of services rendered, maintenance products and batteries<\/p><p>- in some cases, the cost of auditory-assistive devices (television hearing systems, telephone, etc.)<\/p>\t\t\t\t\t\t\t\t<\/div>\n\t\t\t\t<\/div>\n\t\t\t\t\t<\/div>\n\t\t<\/div>\n\t\t\t\t\t<\/div>\n\t\t<\/section>\n\t\t\t\t<\/div>","protected":false},"excerpt":{"rendered":"<p>L&rsquo;ORL, expert de la sant\u00e9 auditive du travailleur Qu&rsquo;est-ce que la surdit\u00e9 professionnelle? Une exposition prolong\u00e9e au bruit peut endommager les cellules de l&rsquo;oreille interne, et causer une surdit\u00e9. Cette surdit\u00e9 peut \u00eatre handicapante pour plusieurs. La surdit\u00e9 professionnelle est une perte auditive qu&rsquo;on attribue \u00e0 une exposition au bruit dans le cadre du travail. [&hellip;]<\/p>\n","protected":false},"author":2,"featured_media":0,"parent":1334,"menu_order":0,"comment_status":"closed","ping_status":"closed","template":"","meta":{"footnotes":""},"class_list":["post-1964","page","type-page","status-publish","hentry"],"_links":{"self":[{"href":"https:\/\/www.cliniqueorl.com\/en\/wp-json\/wp\/v2\/pages\/1964","targetHints":{"allow":["GET"]}}],"collection":[{"href":"https:\/\/www.cliniqueorl.com\/en\/wp-json\/wp\/v2\/pages"}],"about":[{"href":"https:\/\/www.cliniqueorl.com\/en\/wp-json\/wp\/v2\/types\/page"}],"author":[{"embeddable":true,"href":"https:\/\/www.cliniqueorl.com\/en\/wp-json\/wp\/v2\/users\/2"}],"replies":[{"embeddable":true,"href":"https:\/\/www.cliniqueorl.com\/en\/wp-json\/wp\/v2\/comments?post=1964"}],"version-history":[{"count":6,"href":"https:\/\/www.cliniqueorl.com\/en\/wp-json\/wp\/v2\/pages\/1964\/revisions"}],"predecessor-version":[{"id":2243,"href":"https:\/\/www.cliniqueorl.com\/en\/wp-json\/wp\/v2\/pages\/1964\/revisions\/2243"}],"up":[{"embeddable":true,"href":"https:\/\/www.cliniqueorl.com\/en\/wp-json\/wp\/v2\/pages\/1334"}],"wp:attachment":[{"href":"https:\/\/www.cliniqueorl.com\/en\/wp-json\/wp\/v2\/media?parent=1964"}],"curies":[{"name":"wp","href":"https:\/\/api.w.org\/{rel}","templated":true}]}}