{"id":1948,"date":"2020-05-08T14:49:53","date_gmt":"2020-05-08T14:49:53","guid":{"rendered":"https:\/\/www.cliniqueorl.com\/?page_id=1948"},"modified":"2020-05-09T13:50:55","modified_gmt":"2020-05-09T13:50:55","slug":"clinique-a-mont-royal","status":"publish","type":"page","link":"https:\/\/www.cliniqueorl.com\/en\/a-propos\/clinique-a-mont-royal\/","title":{"rendered":"Clinic in Mount-Royal"},"content":{"rendered":"<div data-elementor-type=\"wp-page\" data-elementor-id=\"1948\" class=\"elementor elementor-1948\" data-elementor-post-type=\"page\">\n\t\t\t\t\t\t<section class=\"elementor-section elementor-top-section elementor-element elementor-element-e58ad84 elementor-section-boxed elementor-section-height-default elementor-section-height-default\" data-id=\"e58ad84\" data-element_type=\"section\" data-e-type=\"section\">\n\t\t\t\t\t\t<div class=\"elementor-container elementor-column-gap-default\">\n\t\t\t\t\t<div class=\"elementor-column elementor-col-100 elementor-top-column elementor-element elementor-element-62ae8c6\" data-id=\"62ae8c6\" data-element_type=\"column\" data-e-type=\"column\">\n\t\t\t<div class=\"elementor-widget-wrap elementor-element-populated\">\n\t\t\t\t\t\t<div class=\"elementor-element elementor-element-97ae362 elementor-widget elementor-widget-heading\" data-id=\"97ae362\" data-element_type=\"widget\" data-e-type=\"widget\" data-widget_type=\"heading.default\">\n\t\t\t\t<div class=\"elementor-widget-container\">\n\t\t\t\t\t<h2 class=\"elementor-heading-title elementor-size-default\">Brief history of our first clinic<\/h2>\t\t\t\t<\/div>\n\t\t\t\t<\/div>\n\t\t\t\t\t<\/div>\n\t\t<\/div>\n\t\t\t\t\t<\/div>\n\t\t<\/section>\n\t\t\t\t<section class=\"elementor-section elementor-top-section elementor-element elementor-element-d5649a4 elementor-section-boxed elementor-section-height-default elementor-section-height-default\" data-id=\"d5649a4\" data-element_type=\"section\" data-e-type=\"section\">\n\t\t\t\t\t\t<div class=\"elementor-container elementor-column-gap-default\">\n\t\t\t\t\t<div class=\"elementor-column elementor-col-100 elementor-top-column elementor-element elementor-element-d7ad692\" data-id=\"d7ad692\" data-element_type=\"column\" data-e-type=\"column\">\n\t\t\t<div class=\"elementor-widget-wrap elementor-element-populated\">\n\t\t\t\t\t\t<div class=\"elementor-element elementor-element-2f9c4fa elementor-widget elementor-widget-text-editor\" data-id=\"2f9c4fa\" data-element_type=\"widget\" data-e-type=\"widget\" data-widget_type=\"text-editor.default\">\n\t\t\t\t<div class=\"elementor-widget-container\">\n\t\t\t\t\t\t\t\t\t<p>A hearing health clinic existed in Mount Royal since 1985 under the direction of Jean Hudon, hearing aid specialist. At that time, the clinic offered only hearing aid services.<\/p>\n<p>When Mr. Hudon retired in 2018, an aging population with hearing difficulties found itself in need of a replacement. A partnership occurred between the Clinique ORL de Montr\u00e9al, a team of audiologists (ODYO), and the R\u00e9seau Vos Oreilles (hearing aid specialists) in order to create a brand new clinic with cutting-edge equipment.<br><\/p><p><\/p><p>The Clinique ORL de Montr\u00e9al offers complete care in all of the specialties of Otolaryngology-Head and Neck Surgery. We are up an running since March 2020.<\/p>\t\t\t\t\t\t\t\t<\/div>\n\t\t\t\t<\/div>\n\t\t\t\t\t<\/div>\n\t\t<\/div>\n\t\t\t\t\t<\/div>\n\t\t<\/section>\n\t\t\t\t<section class=\"elementor-section elementor-top-section elementor-element elementor-element-b220af6 elementor-section-boxed elementor-section-height-default elementor-section-height-default\" data-id=\"b220af6\" data-element_type=\"section\" data-e-type=\"section\">\n\t\t\t\t\t\t<div class=\"elementor-container elementor-column-gap-default\">\n\t\t\t\t\t<div class=\"elementor-column elementor-col-100 elementor-top-column elementor-element elementor-element-4e23f05\" data-id=\"4e23f05\" data-element_type=\"column\" data-e-type=\"column\">\n\t\t\t<div class=\"elementor-widget-wrap\">\n\t\t\t\t\t\t\t<\/div>\n\t\t<\/div>\n\t\t\t\t\t<\/div>\n\t\t<\/section>\n\t\t\t\t<\/div>","protected":false},"excerpt":{"rendered":"<p>Br\u00e8ve histoire de notre premi\u00e8re clinique Une clinique de sant\u00e9 auditive existait \u00e0 Ville Mont-Royal depuis 1985 sous la direction de Jean Hudon, audioproth\u00e9siste. \u00c0 ce moment, l&#8217;emplacement de la clinique offrait uniquement des services de proth\u00e8ses auditives. Une population vieillissante avec des besoins de sant\u00e9 auditive s&rsquo;est alors retrouv\u00e9e en besoin de remplacement lors [&hellip;]<\/p>\n","protected":false},"author":2,"featured_media":0,"parent":1940,"menu_order":0,"comment_status":"closed","ping_status":"closed","template":"","meta":{"footnotes":""},"class_list":["post-1948","page","type-page","status-publish","hentry"],"_links":{"self":[{"href":"https:\/\/www.cliniqueorl.com\/en\/wp-json\/wp\/v2\/pages\/1948","targetHints":{"allow":["GET"]}}],"collection":[{"href":"https:\/\/www.cliniqueorl.com\/en\/wp-json\/wp\/v2\/pages"}],"about":[{"href":"https:\/\/www.cliniqueorl.com\/en\/wp-json\/wp\/v2\/types\/page"}],"author":[{"embeddable":true,"href":"https:\/\/www.cliniqueorl.com\/en\/wp-json\/wp\/v2\/users\/2"}],"replies":[{"embeddable":true,"href":"https:\/\/www.cliniqueorl.com\/en\/wp-json\/wp\/v2\/comments?post=1948"}],"version-history":[{"count":2,"href":"https:\/\/www.cliniqueorl.com\/en\/wp-json\/wp\/v2\/pages\/1948\/revisions"}],"predecessor-version":[{"id":2152,"href":"https:\/\/www.cliniqueorl.com\/en\/wp-json\/wp\/v2\/pages\/1948\/revisions\/2152"}],"up":[{"embeddable":true,"href":"https:\/\/www.cliniqueorl.com\/en\/wp-json\/wp\/v2\/pages\/1940"}],"wp:attachment":[{"href":"https:\/\/www.cliniqueorl.com\/en\/wp-json\/wp\/v2\/media?parent=1948"}],"curies":[{"name":"wp","href":"https:\/\/api.w.org\/{rel}","templated":true}]}}