{"id":1942,"date":"2020-05-08T14:44:26","date_gmt":"2020-05-08T14:44:26","guid":{"rendered":"https:\/\/www.cliniqueorl.com\/?page_id=1942"},"modified":"2020-05-09T14:36:31","modified_gmt":"2020-05-09T14:36:31","slug":"audioprothesistes","status":"publish","type":"page","link":"https:\/\/www.cliniqueorl.com\/en\/a-propos\/audioprothesistes\/","title":{"rendered":"Hearing aid specialists"},"content":{"rendered":"\t\t<div data-elementor-type=\"wp-page\" data-elementor-id=\"1942\" class=\"elementor elementor-1942\" data-elementor-post-type=\"page\">\n\t\t\t\t\t\t<section class=\"elementor-section elementor-top-section elementor-element elementor-element-fcf8668 elementor-section-boxed elementor-section-height-default elementor-section-height-default\" data-id=\"fcf8668\" data-element_type=\"section\" data-e-type=\"section\">\n\t\t\t\t\t\t<div class=\"elementor-container elementor-column-gap-default\">\n\t\t\t\t\t<div class=\"elementor-column elementor-col-100 elementor-top-column elementor-element elementor-element-29470ca\" data-id=\"29470ca\" data-element_type=\"column\" data-e-type=\"column\">\n\t\t\t<div class=\"elementor-widget-wrap elementor-element-populated\">\n\t\t\t\t\t\t<div class=\"elementor-element elementor-element-c40b7e2 grid_gap-0 elementor-widget elementor-widget-gt3-core-team\" data-id=\"c40b7e2\" data-element_type=\"widget\" data-e-type=\"widget\" data-widget_type=\"gt3-core-team.default\">\n\t\t\t\t<div class=\"elementor-widget-container\">\n\t\t\t\t\t\t<div class=\"module_team type3\" data-post-index=\"12\">\r\n\t\t<div class=\"shortcode_team \">\r\n\t\t\t<div class=\"items1\">\r\n\t\t\t\t\t\t\t\t<ul class=\"item_list \">\r\n\t\t\t\t\t<li class=\"item-team-member audioprothesiste\"><div class=\"item_wrapper\"><div class=\"item\"><div class=\"team_img featured_img\"><img decoding=\"async\"  srcset=\"https:\/\/www.cliniqueorl.com\/wp-content\/uploads\/2020\/05\/judith2-991x1024_final3-2-991x1024-1-1920x1920.png 1920w, https:\/\/www.cliniqueorl.com\/wp-content\/uploads\/2020\/05\/judith2-991x1024_final3-2-991x1024-1-1600x1600.png 1600w, https:\/\/www.cliniqueorl.com\/wp-content\/uploads\/2020\/05\/judith2-991x1024_final3-2-991x1024-1-1200x1200.png 1200w, https:\/\/www.cliniqueorl.com\/wp-content\/uploads\/2020\/05\/judith2-991x1024_final3-2-991x1024-1-992x992.png 992w, https:\/\/www.cliniqueorl.com\/wp-content\/uploads\/2020\/05\/judith2-991x1024_final3-2-991x1024-1-768x768.png 768w, https:\/\/www.cliniqueorl.com\/wp-content\/uploads\/2020\/05\/judith2-991x1024_final3-2-991x1024-1-600x600.png 600w,https:\/\/www.cliniqueorl.com\/wp-content\/uploads\/2020\/05\/judith2-991x1024_final3-2-991x1024-1-420x420.png 420w\" src=\"https:\/\/www.cliniqueorl.com\/wp-content\/uploads\/2020\/05\/judith2-991x1024_final3-2-991x1024-1-1600x1600.png\" sizes=\"(min-width: 1600px) 1920px, (min-width: 1200px) 1600px, (min-width: 992px) 1200px, (min-width: 768px) 992px, (min-width: 600px) 768px, (min-width: 420px) 600px, (max-width: 600px) 420px\" title=\"judith2-991x1024_final3-2-991&#215;1024\" alt=\"judith2-991x1024_final3-2-991&#215;1024\" \/><\/div><div class=\"team-infobox\"><div class=\"team_title\"><div class=\"team_title_wrapper\"><h3 class=\"team_title__text\">Judith Dupras<\/h3><div class=\"team-positions\">Audioproth\u00e9siste<\/div><\/div><\/div><\/div><\/div><\/div><\/li><li class=\"item-team-member audioprothesiste\"><div class=\"item_wrapper\"><div class=\"item\"><div class=\"team_img featured_img\"><img decoding=\"async\"  srcset=\"https:\/\/www.cliniqueorl.com\/wp-content\/uploads\/2019\/07\/unname-1920x1920.png 1920w, https:\/\/www.cliniqueorl.com\/wp-content\/uploads\/2019\/07\/unname-1600x1600.png 1600w, https:\/\/www.cliniqueorl.com\/wp-content\/uploads\/2019\/07\/unname-1200x1200.png 1200w, https:\/\/www.cliniqueorl.com\/wp-content\/uploads\/2019\/07\/unname-992x992.png 992w, https:\/\/www.cliniqueorl.com\/wp-content\/uploads\/2019\/07\/unname-768x768.png 768w, https:\/\/www.cliniqueorl.com\/wp-content\/uploads\/2019\/07\/unname-600x600.png 600w,https:\/\/www.cliniqueorl.com\/wp-content\/uploads\/2019\/07\/unname-420x420.png 420w\" src=\"https:\/\/www.cliniqueorl.com\/wp-content\/uploads\/2019\/07\/unname-1600x1600.png\" sizes=\"(min-width: 1600px) 1920px, (min-width: 1200px) 1600px, (min-width: 992px) 1200px, (min-width: 768px) 992px, (min-width: 600px) 768px, (min-width: 420px) 600px, (max-width: 600px) 420px\" title=\"unname\" alt=\"unname\" \/><\/div><div class=\"team-infobox\"><div class=\"team_title\"><div class=\"team_title_wrapper\"><h3 class=\"team_title__text\">Fr\u00e9d\u00e9rick Gougeon<\/h3><div class=\"team-positions\">Audioproth\u00e9siste<\/div><\/div><\/div><\/div><\/div><\/div><\/li>\t\t\t\t<\/ul>\r\n\t\t\t\t<div class=\"clear\"><\/div>\r\n\t\t\t<\/div>\r\n\t\t<\/div>\r\n\t\t\t<\/div>\r\n<script type=\"application\/json\" id=\"settings--c40b7e2\">{\"type\":\"type3\",\"pagination_en\":false,\"posts_per_line\":1,\"grid_gap\":\"0\",\"query\":{\"post_status\":[\"publish\"],\"post_type\":\"team\",\"posts_per_page\":12,\"tax_query\":{\"relation\":\"AND\",\"0\":{\"field\":\"slug\",\"taxonomy\":\"team_category\",\"operator\":\"IN\",\"terms\":[\"audioprothesiste\"]}},\"paged\":1},\"link_post\":\"\",\"custom_item_height\":\"\",\"show_social\":\"yes\",\"show_position\":\"yes\",\"show_title\":\"yes\",\"show_description\":\"yes\"}<\/script>\t\t\t\t<\/div>\n\t\t\t\t<\/div>\n\t\t\t\t\t<\/div>\n\t\t<\/div>\n\t\t\t\t\t<\/div>\n\t\t<\/section>\n\t\t\t\t<\/div>\n\t\t","protected":false},"excerpt":{"rendered":"<p>Judith Dupras Audioproth\u00e9siste Fr\u00e9d\u00e9rick Gougeon Audioproth\u00e9siste<\/p>","protected":false},"author":2,"featured_media":0,"parent":1940,"menu_order":0,"comment_status":"closed","ping_status":"closed","template":"","meta":{"footnotes":""},"class_list":["post-1942","page","type-page","status-publish","hentry"],"_links":{"self":[{"href":"https:\/\/www.cliniqueorl.com\/en\/wp-json\/wp\/v2\/pages\/1942","targetHints":{"allow":["GET"]}}],"collection":[{"href":"https:\/\/www.cliniqueorl.com\/en\/wp-json\/wp\/v2\/pages"}],"about":[{"href":"https:\/\/www.cliniqueorl.com\/en\/wp-json\/wp\/v2\/types\/page"}],"author":[{"embeddable":true,"href":"https:\/\/www.cliniqueorl.com\/en\/wp-json\/wp\/v2\/users\/2"}],"replies":[{"embeddable":true,"href":"https:\/\/www.cliniqueorl.com\/en\/wp-json\/wp\/v2\/comments?post=1942"}],"version-history":[{"count":3,"href":"https:\/\/www.cliniqueorl.com\/en\/wp-json\/wp\/v2\/pages\/1942\/revisions"}],"predecessor-version":[{"id":2159,"href":"https:\/\/www.cliniqueorl.com\/en\/wp-json\/wp\/v2\/pages\/1942\/revisions\/2159"}],"up":[{"embeddable":true,"href":"https:\/\/www.cliniqueorl.com\/en\/wp-json\/wp\/v2\/pages\/1940"}],"wp:attachment":[{"href":"https:\/\/www.cliniqueorl.com\/en\/wp-json\/wp\/v2\/media?parent=1942"}],"curies":[{"name":"wp","href":"https:\/\/api.w.org\/{rel}","templated":true}]}}