{"id":1937,"date":"2020-05-08T14:43:01","date_gmt":"2020-05-08T14:43:01","guid":{"rendered":"https:\/\/www.cliniqueorl.com\/?page_id=1937"},"modified":"2024-07-03T23:41:32","modified_gmt":"2024-07-03T23:41:32","slug":"vng","status":"publish","type":"page","link":"https:\/\/www.cliniqueorl.com\/en\/tests-en-clinique\/vng\/","title":{"rendered":"TEST VNG"},"content":{"rendered":"<div data-elementor-type=\"wp-page\" data-elementor-id=\"1937\" class=\"elementor elementor-1937\" data-elementor-post-type=\"page\">\n\t\t\t\t\t\t<section class=\"elementor-section elementor-top-section elementor-element elementor-element-e5e157b elementor-section-boxed elementor-section-height-default elementor-section-height-default\" data-id=\"e5e157b\" data-element_type=\"section\" data-e-type=\"section\">\n\t\t\t\t\t\t<div class=\"elementor-container elementor-column-gap-default\">\n\t\t\t\t\t<div class=\"elementor-column elementor-col-100 elementor-top-column elementor-element elementor-element-3a53917\" data-id=\"3a53917\" data-element_type=\"column\" data-e-type=\"column\">\n\t\t\t<div class=\"elementor-widget-wrap elementor-element-populated\">\n\t\t\t\t\t\t<div class=\"elementor-element elementor-element-7687a95 elementor-widget elementor-widget-heading\" data-id=\"7687a95\" data-element_type=\"widget\" data-e-type=\"widget\" data-widget_type=\"heading.default\">\n\t\t\t\t<div class=\"elementor-widget-container\">\n\t\t\t\t\t<h1 class=\"elementor-heading-title elementor-size-default\">Vid\u00e9onystagmographie (VNG)<\/h1>\t\t\t\t<\/div>\n\t\t\t\t<\/div>\n\t\t\t\t\t<\/div>\n\t\t<\/div>\n\t\t\t\t\t<\/div>\n\t\t<\/section>\n\t\t\t\t<section class=\"elementor-section elementor-top-section elementor-element elementor-element-dfd9c32 elementor-section-boxed elementor-section-height-default elementor-section-height-default\" data-id=\"dfd9c32\" data-element_type=\"section\" data-e-type=\"section\">\n\t\t\t\t\t\t<div class=\"elementor-container elementor-column-gap-default\">\n\t\t\t\t\t<div class=\"elementor-column elementor-col-100 elementor-top-column elementor-element elementor-element-e55c609\" data-id=\"e55c609\" data-element_type=\"column\" data-e-type=\"column\">\n\t\t\t<div class=\"elementor-widget-wrap elementor-element-populated\">\n\t\t\t\t\t\t<div class=\"elementor-element elementor-element-679bc0b elementor-widget elementor-widget-text-editor\" data-id=\"679bc0b\" data-element_type=\"widget\" data-e-type=\"widget\" data-widget_type=\"text-editor.default\">\n\t\t\t\t<div class=\"elementor-widget-container\">\n\t\t\t\t\t\t\t\t\t<p>La vid\u00e9onystagmographie (VNG) est un test qui mesure un type de mouvement oculaire que vous ne pouvez pas contr\u00f4ler, appel\u00e9 nystagmus. Avec le nystagmus, vos yeux se d\u00e9placent de gauche \u00e0 droite, de haut en bas, ou en cercle. Les mouvements peuvent \u00eatre lents ou rapides, r\u00e9guliers ou saccad\u00e9s.<\/p>\t\t\t\t\t\t\t\t<\/div>\n\t\t\t\t<\/div>\n\t\t\t\t<div class=\"elementor-element elementor-element-0f659a0 elementor-widget elementor-widget-text-editor\" data-id=\"0f659a0\" data-element_type=\"widget\" data-e-type=\"widget\" data-widget_type=\"text-editor.default\">\n\t\t\t\t<div class=\"elementor-widget-container\">\n\t\t\t\t\t\t\t\t\t<p>Normalement, le nystagmus se produit bri\u00e8vement lorsque vos yeux s&rsquo;ajustent lorsque vous bougez la t\u00eate dans certaines positions. S&rsquo;il se produit \u00e0 d&rsquo;autres moments ou ne se produit pas quand il le devrait, vous pourriez avoir un trouble du syst\u00e8me d&rsquo;\u00e9quilibre dans votre oreille interne, appel\u00e9 le syst\u00e8me vestibulaire.<\/p>\t\t\t\t\t\t\t\t<\/div>\n\t\t\t\t<\/div>\n\t\t\t\t<div class=\"elementor-element elementor-element-3db7216 elementor-widget elementor-widget-text-editor\" data-id=\"3db7216\" data-element_type=\"widget\" data-e-type=\"widget\" data-widget_type=\"text-editor.default\">\n\t\t\t\t<div class=\"elementor-widget-container\">\n\t\t\t\t\t\t\t\t\t<p>Un bon \u00e9quilibre d\u00e9pend en partie de la coordination entre les organes et les nerfs de votre syst\u00e8me vestibulaire, votre vision et les muscles de votre cou et de vos yeux. Lorsque tout fonctionne correctement, votre cerveau re\u00e7oit les informations n\u00e9cessaires pour garder vos yeux fix\u00e9s sur un objet lorsque votre corps change de position, ce qui vous aide \u00e0 maintenir votre \u00e9quilibre en mouvement.<\/p>\t\t\t\t\t\t\t\t<\/div>\n\t\t\t\t<\/div>\n\t\t\t\t<div class=\"elementor-element elementor-element-40cdccc elementor-widget elementor-widget-text-editor\" data-id=\"40cdccc\" data-element_type=\"widget\" data-e-type=\"widget\" data-widget_type=\"text-editor.default\">\n\t\t\t\t<div class=\"elementor-widget-container\">\n\t\t\t\t\t\t\t\t\t<p>Des probl\u00e8mes avec certaines parties de votre syst\u00e8me d&rsquo;\u00e9quilibre peuvent provoquer un nystagmus, pouvant vous donner l&rsquo;impression de vous sentir \u00e9tourdi ou instable. Si vous avez des sympt\u00f4mes d&rsquo;un probl\u00e8me d&rsquo;\u00e9quilibre, la VNG peut aider \u00e0 d\u00e9terminer si un trouble vestibulaire en est la cause.<\/p>\t\t\t\t\t\t\t\t<\/div>\n\t\t\t\t<\/div>\n\t\t\t\t<div class=\"elementor-element elementor-element-e134d35 elementor-widget elementor-widget-heading\" data-id=\"e134d35\" data-element_type=\"widget\" data-e-type=\"widget\" data-widget_type=\"heading.default\">\n\t\t\t\t<div class=\"elementor-widget-container\">\n\t\t\t\t\t<h2 class=\"elementor-heading-title elementor-size-default\">\u00c0 quoi sert-il le VNG ?<\/h2>\t\t\t\t<\/div>\n\t\t\t\t<\/div>\n\t\t\t\t<div class=\"elementor-element elementor-element-b11b109 elementor-widget elementor-widget-text-editor\" data-id=\"b11b109\" data-element_type=\"widget\" data-e-type=\"widget\" data-widget_type=\"text-editor.default\">\n\t\t\t\t<div class=\"elementor-widget-container\">\n\t\t\t\t\t\t\t\t\t<p>La VNG est utilis\u00e9e pour d\u00e9terminer si vous avez un trouble du syst\u00e8me vestibulaire (le syst\u00e8me d&rsquo;\u00e9quilibre dans votre oreille interne). Elle peut \u00e9galement aider \u00e0 identifier des probl\u00e8mes avec les nerfs ou les parties de votre cerveau impliqu\u00e9es dans votre sens de l&rsquo;\u00e9quilibre.<\/p>\t\t\t\t\t\t\t\t<\/div>\n\t\t\t\t<\/div>\n\t\t\t\t<div class=\"elementor-element elementor-element-0ccb927 elementor-widget elementor-widget-heading\" data-id=\"0ccb927\" data-element_type=\"widget\" data-e-type=\"widget\" data-widget_type=\"heading.default\">\n\t\t\t\t<div class=\"elementor-widget-container\">\n\t\t\t\t\t<h2 class=\"elementor-heading-title elementor-size-default\">Pourquoi ai-je besoin d'une VNG ?<\/h2>\t\t\t\t<\/div>\n\t\t\t\t<\/div>\n\t\t\t\t<div class=\"elementor-element elementor-element-1592904 elementor-widget elementor-widget-text-editor\" data-id=\"1592904\" data-element_type=\"widget\" data-e-type=\"widget\" data-widget_type=\"text-editor.default\">\n\t\t\t\t<div class=\"elementor-widget-container\">\n\t\t\t\t\t\t\t\t\t<p>Vous pourriez avoir besoin d&rsquo;une VNG si vous pr\u00e9sentez des sympt\u00f4mes d&rsquo;un trouble vestibulaire. Le principal sympt\u00f4me est le vertige. Les vertiges peuvent se manifester de diff\u00e9rentes mani\u00e8res :<\/p><ul><li>Vertige, une sensation que vous ou tout ce qui vous entoure tourne<\/li><li>Sensation de chute imminente<\/li><li>Sensation de l\u00e9g\u00e8ret\u00e9 ou de syncope imminente<\/li><\/ul><p>Autres sympt\u00f4mes d&rsquo;un trouble vestibulaire peuvent inclure :<\/p><ul><li>Bourdonnement dans les oreilles (acouph\u00e8nes)<\/li><li>Sensation de pl\u00e9nitude ou de pression dans l&rsquo;oreille<\/li><\/ul>\t\t\t\t\t\t\t\t<\/div>\n\t\t\t\t<\/div>\n\t\t\t\t<div class=\"elementor-element elementor-element-f37bbc6 elementor-widget elementor-widget-heading\" data-id=\"f37bbc6\" data-element_type=\"widget\" data-e-type=\"widget\" data-widget_type=\"heading.default\">\n\t\t\t\t<div class=\"elementor-widget-container\">\n\t\t\t\t\t<h2 class=\"elementor-heading-title elementor-size-default\">Comment se d\u00e9roule une VNG ?<\/h2>\t\t\t\t<\/div>\n\t\t\t\t<\/div>\n\t\t\t\t<div class=\"elementor-element elementor-element-c5d5891 elementor-widget elementor-widget-text-editor\" data-id=\"c5d5891\" data-element_type=\"widget\" data-e-type=\"widget\" data-widget_type=\"text-editor.default\">\n\t\t\t\t<div class=\"elementor-widget-container\">\n\t\t\t\t\t\t\t\t\t<p>Une VNG est g\u00e9n\u00e9ralement r\u00e9alis\u00e9e par un sp\u00e9cialiste, tel que :<\/p><ul><li>Un <a href=\"https:\/\/audiologistemontreal.com\/\" target=\"_blank\" rel=\"noopener\">audiologiste<\/a>, un professionnel de la sant\u00e9 form\u00e9 pour diagnostiquer la perte auditive et les troubles de l&rsquo;\u00e9quilibre, et pouvant fournir certains traitements pour am\u00e9liorer ces conditions.<\/li><li>Un oto-rhino-laryngologiste (ORL), un m\u00e9decin sp\u00e9cialis\u00e9 dans le traitement des maladies des oreilles, du nez, de la gorge et de la t\u00eate et du cou.<\/li><li>Un neurologue, un m\u00e9decin sp\u00e9cialis\u00e9 dans le diagnostic et le traitement des troubles du cerveau et du syst\u00e8me nerveux.<\/li><\/ul>\t\t\t\t\t\t\t\t<\/div>\n\t\t\t\t<\/div>\n\t\t\t\t<div class=\"elementor-element elementor-element-3481480 elementor-widget elementor-widget-text-editor\" data-id=\"3481480\" data-element_type=\"widget\" data-e-type=\"widget\" data-widget_type=\"text-editor.default\">\n\t\t\t\t<div class=\"elementor-widget-container\">\n\t\t\t\t\t\t\t\t\t<p>Pendant une VNG, vous serez assis dans une pi\u00e8ce sombre en portant des lunettes sp\u00e9ciales \u00e9quip\u00e9es d&rsquo;une cam\u00e9ra qui enregistrera vos mouvements oculaires durant trois principales \u00e9tapes du test :<\/p><ol><li><strong>Test oculaire.<\/strong> Sans bouger la t\u00eate, vous suivrez des lumi\u00e8res en mouvement avec vos yeux et fixerez des lumi\u00e8res fixes.<\/li><li><strong>Test de position.<\/strong> Vous serez invit\u00e9 \u00e0 d\u00e9placer votre t\u00eate et votre corps dans diff\u00e9rentes positions. Le professionnel de sant\u00e9 d\u00e9placera \u00e9galement votre t\u00eate dans certaines positions pour v\u00e9rifier si certains mouvements provoquent un nystagmus.<\/li><li><strong>Test calorique.<\/strong> Chaque oreille sera test\u00e9e s\u00e9par\u00e9ment pour \u00e9valuer si le syst\u00e8me vestibulaire d&rsquo;une oreille fonctionne mieux que l&rsquo;autre. De l&rsquo;eau ou de l&rsquo;air frais sera introduit dans votre oreille pour provoquer des mouvements oculaires sp\u00e9cifiques. Vous serez ensuite test\u00e9 \u00e0 nouveau avec de l&rsquo;eau ou de l&rsquo;air chaud dans la m\u00eame oreille. Si vos yeux ne bougent pas comme pr\u00e9vu, cela pourrait indiquer une l\u00e9sion de votre oreille interne ou de la partie de votre cerveau qui contr\u00f4le l&rsquo;\u00e9quilibre.<\/li><\/ol>\t\t\t\t\t\t\t\t<\/div>\n\t\t\t\t<\/div>\n\t\t\t\t<div class=\"elementor-element elementor-element-ba1c909 elementor-widget elementor-widget-heading\" data-id=\"ba1c909\" data-element_type=\"widget\" data-e-type=\"widget\" data-widget_type=\"heading.default\">\n\t\t\t\t<div class=\"elementor-widget-container\">\n\t\t\t\t\t<h2 class=\"elementor-heading-title elementor-size-default\">Dois-je me pr\u00e9parer pour une VNG ?<\/h2>\t\t\t\t<\/div>\n\t\t\t\t<\/div>\n\t\t\t\t<div class=\"elementor-element elementor-element-b23b3c6 elementor-widget elementor-widget-text-editor\" data-id=\"b23b3c6\" data-element_type=\"widget\" data-e-type=\"widget\" data-widget_type=\"text-editor.default\">\n\t\t\t\t<div class=\"elementor-widget-container\">\n\t\t\t\t\t\t\t\t\t<p>Votre professionnel de sant\u00e9 vous informera sur la pr\u00e9paration n\u00e9cessaire avant le test. Vous pourriez devoir \u00e9viter certains aliments ou m\u00e9dicaments. Cependant, ne cessez pas de prendre vos m\u00e9dicaments sans en parler d&rsquo;abord avec votre m\u00e9decin.<\/p>\t\t\t\t\t\t\t\t<\/div>\n\t\t\t\t<\/div>\n\t\t\t\t<div class=\"elementor-element elementor-element-7c2b112 elementor-widget elementor-widget-heading\" data-id=\"7c2b112\" data-element_type=\"widget\" data-e-type=\"widget\" data-widget_type=\"heading.default\">\n\t\t\t\t<div class=\"elementor-widget-container\">\n\t\t\t\t\t<h2 class=\"elementor-heading-title elementor-size-default\">Y a-t-il des risques li\u00e9s \u00e0 une VNG ?<\/h2>\t\t\t\t<\/div>\n\t\t\t\t<\/div>\n\t\t\t\t<div class=\"elementor-element elementor-element-c1ea68d elementor-widget elementor-widget-text-editor\" data-id=\"c1ea68d\" data-element_type=\"widget\" data-e-type=\"widget\" data-widget_type=\"text-editor.default\">\n\t\t\t\t<div class=\"elementor-widget-container\">\n\t\t\t\t\t\t\t\t\t<p>Le test peut vous donner l&rsquo;impression d&rsquo;\u00eatre \u00e9tourdi pendant quelques minutes. Il est conseill\u00e9 de pr\u00e9voir quelqu&rsquo;un pour vous raccompagner chez vous si la sensation de vertige persiste. Certaines personnes peuvent ressentir des naus\u00e9es pendant le test calorique, mais les vomissements sont rares.<\/p>\t\t\t\t\t\t\t\t<\/div>\n\t\t\t\t<\/div>\n\t\t\t\t<div class=\"elementor-element elementor-element-5f5375c elementor-widget elementor-widget-heading\" data-id=\"5f5375c\" data-element_type=\"widget\" data-e-type=\"widget\" data-widget_type=\"heading.default\">\n\t\t\t\t<div class=\"elementor-widget-container\">\n\t\t\t\t\t<h2 class=\"elementor-heading-title elementor-size-default\">Que signifient les r\u00e9sultats ?<\/h2>\t\t\t\t<\/div>\n\t\t\t\t<\/div>\n\t\t\t\t<div class=\"elementor-element elementor-element-359444d elementor-widget elementor-widget-text-editor\" data-id=\"359444d\" data-element_type=\"widget\" data-e-type=\"widget\" data-widget_type=\"text-editor.default\">\n\t\t\t\t<div class=\"elementor-widget-container\">\n\t\t\t\t\t\t\t\t\t<p>Si les r\u00e9sultats de votre VNG ne sont pas normaux, cela pourrait indiquer un trouble du syst\u00e8me vestibulaire dans votre oreille interne. Le trouble peut affecter une ou les deux oreilles. Votre professionnel de sant\u00e9 peut expliquer le type de trouble que vous pourriez avoir. Des tests suppl\u00e9mentaires, y compris d&rsquo;autres tests d&rsquo;\u00e9quilibre, peuvent \u00eatre n\u00e9cessaires pour confirmer votre diagnostic.<\/p>\t\t\t\t\t\t\t\t<\/div>\n\t\t\t\t<\/div>\n\t\t\t\t<div class=\"elementor-element elementor-element-8f9ea15 elementor-widget elementor-widget-text-editor\" data-id=\"8f9ea15\" data-element_type=\"widget\" data-e-type=\"widget\" data-widget_type=\"text-editor.default\">\n\t\t\t\t<div class=\"elementor-widget-container\">\n\t\t\t\t\t\t\t\t\t<p>La VNG peut aider \u00e0 diagnostiquer plusieurs troubles vestibulaires, notamment :<\/p><ul><li><strong>Vertige paroxystique positionnel b\u00e9nin (VPPB).<\/strong> La cause la plus courante de vertige chez les adultes. Cette condition provoque une sensation de rotation lorsque vous bougez la t\u00eate de certaines mani\u00e8res. Elle se produit lorsque des grains de calcium dans l&rsquo;oreille interne se d\u00e9placent dans une zone o\u00f9 ils ne devraient pas \u00eatre. <a rel=\"noreferrer noopener\" target=\"_new\" href=\"https:\/\/www.orlfrance.org\/patients\/pathologies\/vertige-paroxystique-positionnel-benign-vppb\/\">En savoir plus sur le VPPB<\/a>.<\/li><li><strong>Maladie de M\u00e9ni\u00e8re.<\/strong> Ce trouble provoque des vertiges, une perte auditive, des acouph\u00e8nes et une sensation de pl\u00e9nitude dans les oreilles. Il survient lorsque trop de liquide s&rsquo;accumule dans le syst\u00e8me vestibulaire. La cause est inconnue. <a rel=\"noreferrer noopener\" target=\"_new\" href=\"https:\/\/www.ameli.fr\/assure\/sante\/themes\/maladie-meniere\/comprendre-maladie-meniere\">En savoir plus sur la maladie de M\u00e9ni\u00e8re<\/a>.<\/li><li><strong>Labyrinthite.<\/strong> Ce trouble de l&rsquo;\u00e9quilibre peut provoquer des vertiges et une perte auditive temporaire en raison de l&rsquo;irritation et de l&rsquo;inflammation (gonflement) des parties de l&rsquo;oreille interne, g\u00e9n\u00e9ralement \u00e0 cause d&rsquo;un rhume ou de la grippe. Il dispara\u00eet parfois de lui-m\u00eame. <a rel=\"noreferrer noopener\" target=\"_new\" href=\"https:\/\/www.orlfrance.org\/patients\/pathologies\/labyrinthite\/\">En savoir plus sur la labyrinthite<\/a>.<\/li><li><strong>N\u00e9vrite vestibulaire.<\/strong> Irritation et inflammation (gonflement) du nerf vestibulaire, souvent caus\u00e9e par une infection virale. Les principaux sympt\u00f4mes sont des naus\u00e9es et des vertiges. <a rel=\"noreferrer noopener\" target=\"_new\" href=\"https:\/\/www.orlfrance.org\/patients\/pathologies\/nevrite-vestibulaire\/\">En savoir plus sur la n\u00e9vrite vestibulaire<\/a>.<\/li><li><strong>Neurinome acoustique.<\/strong> Tumeur qui se d\u00e9veloppe sur les nerfs impliqu\u00e9s dans l&rsquo;audition et l&rsquo;\u00e9quilibre. Elle est g\u00e9n\u00e9ralement b\u00e9nigne (non canc\u00e9reuse) mais peut causer une perte auditive, des acouph\u00e8nes et\/ou des vertiges. <a rel=\"noreferrer noopener\" target=\"_new\" href=\"https:\/\/www.ligue-cancer.net\/article\/34022_neurinome-de-lacoustique\">En savoir plus sur le neurinome acoustique<\/a>.<\/li><\/ul>\t\t\t\t\t\t\t\t<\/div>\n\t\t\t\t<\/div>\n\t\t\t\t<div class=\"elementor-element elementor-element-44ada94 elementor-widget elementor-widget-text-editor\" data-id=\"44ada94\" data-element_type=\"widget\" data-e-type=\"widget\" data-widget_type=\"text-editor.default\">\n\t\t\t\t<div class=\"elementor-widget-container\">\n\t\t\t\t\t\t\t\t\t<p>Un r\u00e9sultat anormal de la VNG peut \u00e9galement indiquer une condition affectant les parties de votre cerveau qui contr\u00f4lent l&rsquo;\u00e9quilibre. Les options de traitement d\u00e9pendent du type de trouble de l&rsquo;\u00e9quilibre que vous avez.<\/p><p>Si vous avez des questions sur vos r\u00e9sultats ou votre traitement, parlez-en \u00e0 votre professionnel de sant\u00e9.<\/p>\t\t\t\t\t\t\t\t<\/div>\n\t\t\t\t<\/div>\n\t\t\t\t<div class=\"elementor-element elementor-element-4f63179 elementor-widget elementor-widget-heading\" data-id=\"4f63179\" data-element_type=\"widget\" data-e-type=\"widget\" data-widget_type=\"heading.default\">\n\t\t\t\t<div class=\"elementor-widget-container\">\n\t\t\t\t\t<h2 class=\"elementor-heading-title elementor-size-default\">Autres informations sur la VNG<\/h2>\t\t\t\t<\/div>\n\t\t\t\t<\/div>\n\t\t\t\t<div class=\"elementor-element elementor-element-a898bc2 elementor-widget elementor-widget-text-editor\" data-id=\"a898bc2\" data-element_type=\"widget\" data-e-type=\"widget\" data-widget_type=\"text-editor.default\">\n\t\t\t\t<div class=\"elementor-widget-container\">\n\t\t\t\t\t\t\t\t\t<p>Un autre test, appel\u00e9 \u00e9lectro-nystagmographie (ENG), mesure les m\u00eames types de mouvements oculaires que la VNG. Au lieu d&rsquo;utiliser une cam\u00e9ra pour enregistrer les mouvements oculaires, l&rsquo;ENG utilise des \u00e9lectrodes plac\u00e9es pr\u00e8s de vos yeux. Ces \u00e9lectrodes sont de petits capteurs qui se fixent \u00e0 votre peau ou sont int\u00e9gr\u00e9s dans un bandeau que vous portez.<\/p><p>Le test ENG est encore utile dans certains cas, par exemple, pour les personnes dont les paupi\u00e8res couvrent partiellement les pupilles ou celles qui se sentent anxieuses \u00e0 l&rsquo;id\u00e9e de porter des lunettes. Cependant, la VNG est plus courante et plus pr\u00e9cise. Elle est \u00e9galement plus rapide \u00e0 r\u00e9aliser, mais plus co\u00fbteuse.<\/p>\t\t\t\t\t\t\t\t<\/div>\n\t\t\t\t<\/div>\n\t\t\t\t\t<\/div>\n\t\t<\/div>\n\t\t\t\t\t<\/div>\n\t\t<\/section>\n\t\t\t\t<\/div>","protected":false},"excerpt":{"rendered":"<p>Vid\u00e9onystagmographie (VNG) La vid\u00e9onystagmographie (VNG) est un test qui mesure un type de mouvement oculaire que vous ne pouvez pas contr\u00f4ler, appel\u00e9 nystagmus. Avec le nystagmus, vos yeux se d\u00e9placent de gauche \u00e0 droite, de haut en bas, ou en cercle. Les mouvements peuvent \u00eatre lents ou rapides, r\u00e9guliers ou saccad\u00e9s. Normalement, le nystagmus se [&hellip;]<\/p>\n","protected":false},"author":2,"featured_media":0,"parent":1928,"menu_order":0,"comment_status":"closed","ping_status":"closed","template":"","meta":{"footnotes":""},"class_list":["post-1937","page","type-page","status-publish","hentry"],"_links":{"self":[{"href":"https:\/\/www.cliniqueorl.com\/en\/wp-json\/wp\/v2\/pages\/1937","targetHints":{"allow":["GET"]}}],"collection":[{"href":"https:\/\/www.cliniqueorl.com\/en\/wp-json\/wp\/v2\/pages"}],"about":[{"href":"https:\/\/www.cliniqueorl.com\/en\/wp-json\/wp\/v2\/types\/page"}],"author":[{"embeddable":true,"href":"https:\/\/www.cliniqueorl.com\/en\/wp-json\/wp\/v2\/users\/2"}],"replies":[{"embeddable":true,"href":"https:\/\/www.cliniqueorl.com\/en\/wp-json\/wp\/v2\/comments?post=1937"}],"version-history":[{"count":15,"href":"https:\/\/www.cliniqueorl.com\/en\/wp-json\/wp\/v2\/pages\/1937\/revisions"}],"predecessor-version":[{"id":2972,"href":"https:\/\/www.cliniqueorl.com\/en\/wp-json\/wp\/v2\/pages\/1937\/revisions\/2972"}],"up":[{"embeddable":true,"href":"https:\/\/www.cliniqueorl.com\/en\/wp-json\/wp\/v2\/pages\/1928"}],"wp:attachment":[{"href":"https:\/\/www.cliniqueorl.com\/en\/wp-json\/wp\/v2\/media?parent=1937"}],"curies":[{"name":"wp","href":"https:\/\/api.w.org\/{rel}","templated":true}]}}