{"id":1934,"date":"2020-05-08T14:37:17","date_gmt":"2020-05-08T14:37:17","guid":{"rendered":"https:\/\/www.cliniqueorl.com\/?page_id=1934"},"modified":"2020-05-08T14:37:57","modified_gmt":"2020-05-08T14:37:57","slug":"test-auditif-5-ans","status":"publish","type":"page","link":"https:\/\/www.cliniqueorl.com\/en\/tests-en-clinique\/test-auditif-5-ans\/","title":{"rendered":"Hearing test &gt;5 years"},"content":{"rendered":"<div data-elementor-type=\"wp-page\" data-elementor-id=\"1934\" class=\"elementor elementor-1934\" data-elementor-post-type=\"page\">\n\t\t\t\t\t\t<section class=\"elementor-section elementor-top-section elementor-element elementor-element-0488a5d elementor-section-boxed elementor-section-height-default elementor-section-height-default\" data-id=\"0488a5d\" data-element_type=\"section\" data-e-type=\"section\">\n\t\t\t\t\t\t<div class=\"elementor-container elementor-column-gap-default\">\n\t\t\t\t\t<div class=\"elementor-column elementor-col-100 elementor-top-column elementor-element elementor-element-99ec3b6\" data-id=\"99ec3b6\" data-element_type=\"column\" data-e-type=\"column\">\n\t\t\t<div class=\"elementor-widget-wrap elementor-element-populated\">\n\t\t\t\t\t\t<div class=\"elementor-element elementor-element-b51fa05 elementor-widget elementor-widget-heading\" data-id=\"b51fa05\" data-element_type=\"widget\" data-e-type=\"widget\" data-widget_type=\"heading.default\">\n\t\t\t\t<div class=\"elementor-widget-container\">\n\t\t\t\t\t<h2 class=\"elementor-heading-title elementor-size-default\">Audiogram (for patients older than 5)<\/h2>\t\t\t\t<\/div>\n\t\t\t\t<\/div>\n\t\t\t\t\t<\/div>\n\t\t<\/div>\n\t\t\t\t\t<\/div>\n\t\t<\/section>\n\t\t\t\t<section class=\"elementor-section elementor-top-section elementor-element elementor-element-968db37 elementor-section-boxed elementor-section-height-default elementor-section-height-default\" data-id=\"968db37\" data-element_type=\"section\" data-e-type=\"section\">\n\t\t\t\t\t\t<div class=\"elementor-container elementor-column-gap-default\">\n\t\t\t\t\t<div class=\"elementor-column elementor-col-100 elementor-top-column elementor-element elementor-element-515008e\" data-id=\"515008e\" data-element_type=\"column\" data-e-type=\"column\">\n\t\t\t<div class=\"elementor-widget-wrap elementor-element-populated\">\n\t\t\t\t\t\t<div class=\"elementor-element elementor-element-1a1f37b elementor-widget elementor-widget-text-editor\" data-id=\"1a1f37b\" data-element_type=\"widget\" data-e-type=\"widget\" data-widget_type=\"text-editor.default\">\n\t\t\t\t<div class=\"elementor-widget-container\">\n\t\t\t\t\t\t\t\t\t<p>A hearing test, or audiogram, is the best way to evaluate your hearing. A hearing test is an exam that lasts usually 30 to 60 minutes and is adminstered by a hearing professionnal called audiologist. Our audiologists are all members of the Ordre de audiologistes du Qu\u00e9bec et use the latest equipment.<\/p><p><br><\/p><p>A hearing test is administered in sound-proof booth. It can distinguish sensorineural hearing loss (inner ear or nerve damage) from conductive hearing loss (problems with the eardrum, middle ear or ossicles). It also evaluates the presence of perforations and studies the mobility of the eardrum to detect negative pressure in the middle ear or tympanic rigidity.<\/p><p><br><\/p><p>We also offer advanced hearing tests to evaluate tinnitus or nerve lesions.<\/p><p><br><\/p><p>Audiograms produce a tracing that is specific to your hearing, and is used to follow your hearing over time, evaluate the efficacy of treatments or plan for customized hearing aids.&nbsp;<\/p>\t\t\t\t\t\t\t\t<\/div>\n\t\t\t\t<\/div>\n\t\t\t\t\t<\/div>\n\t\t<\/div>\n\t\t\t\t\t<\/div>\n\t\t<\/section>\n\t\t\t\t<\/div>","protected":false},"excerpt":{"rendered":"<p>Audiogramme Un test auditif, ou audiogramme, est la meilleure fa\u00e7on d\u2019\u00e9valuer votre audition. Un test auditif est un examen qui dure en g\u00e9n\u00e9ral de 30 \u00e0 60 minutes, et est administr\u00e9 par un professionnel de l\u2019audition nomm\u00e9 audiologiste. Nos audiologistes sont tous membres de l\u2019Ordre des audiologiste du Qu\u00e9bec et utilisent un \u00e9quipement \u00e0 la [&hellip;]<\/p>\n","protected":false},"author":2,"featured_media":0,"parent":1928,"menu_order":0,"comment_status":"closed","ping_status":"closed","template":"","meta":{"footnotes":""},"class_list":["post-1934","page","type-page","status-publish","hentry"],"_links":{"self":[{"href":"https:\/\/www.cliniqueorl.com\/en\/wp-json\/wp\/v2\/pages\/1934","targetHints":{"allow":["GET"]}}],"collection":[{"href":"https:\/\/www.cliniqueorl.com\/en\/wp-json\/wp\/v2\/pages"}],"about":[{"href":"https:\/\/www.cliniqueorl.com\/en\/wp-json\/wp\/v2\/types\/page"}],"author":[{"embeddable":true,"href":"https:\/\/www.cliniqueorl.com\/en\/wp-json\/wp\/v2\/users\/2"}],"replies":[{"embeddable":true,"href":"https:\/\/www.cliniqueorl.com\/en\/wp-json\/wp\/v2\/comments?post=1934"}],"version-history":[{"count":2,"href":"https:\/\/www.cliniqueorl.com\/en\/wp-json\/wp\/v2\/pages\/1934\/revisions"}],"predecessor-version":[{"id":1936,"href":"https:\/\/www.cliniqueorl.com\/en\/wp-json\/wp\/v2\/pages\/1934\/revisions\/1936"}],"up":[{"embeddable":true,"href":"https:\/\/www.cliniqueorl.com\/en\/wp-json\/wp\/v2\/pages\/1928"}],"wp:attachment":[{"href":"https:\/\/www.cliniqueorl.com\/en\/wp-json\/wp\/v2\/media?parent=1934"}],"curies":[{"name":"wp","href":"https:\/\/api.w.org\/{rel}","templated":true}]}}