{"id":1931,"date":"2020-05-08T14:34:16","date_gmt":"2020-05-08T14:34:16","guid":{"rendered":"https:\/\/www.cliniqueorl.com\/?page_id=1931"},"modified":"2020-05-08T14:34:58","modified_gmt":"2020-05-08T14:34:58","slug":"test-auditif-0-5-ans","status":"publish","type":"page","link":"https:\/\/www.cliniqueorl.com\/en\/tests-en-clinique\/test-auditif-0-5-ans\/","title":{"rendered":"Hearing test 0-5 years"},"content":{"rendered":"<div data-elementor-type=\"wp-page\" data-elementor-id=\"1931\" class=\"elementor elementor-1931\" data-elementor-post-type=\"page\">\n\t\t\t\t\t\t<section class=\"elementor-section elementor-top-section elementor-element elementor-element-18f89a6 elementor-section-boxed elementor-section-height-default elementor-section-height-default\" data-id=\"18f89a6\" data-element_type=\"section\" data-e-type=\"section\">\n\t\t\t\t\t\t<div class=\"elementor-container elementor-column-gap-default\">\n\t\t\t\t\t<div class=\"elementor-column elementor-col-100 elementor-top-column elementor-element elementor-element-090cedf\" data-id=\"090cedf\" data-element_type=\"column\" data-e-type=\"column\">\n\t\t\t<div class=\"elementor-widget-wrap elementor-element-populated\">\n\t\t\t\t\t\t<div class=\"elementor-element elementor-element-5868789 elementor-widget elementor-widget-heading\" data-id=\"5868789\" data-element_type=\"widget\" data-e-type=\"widget\" data-widget_type=\"heading.default\">\n\t\t\t\t<div class=\"elementor-widget-container\">\n\t\t\t\t\t<h2 class=\"elementor-heading-title elementor-size-default\">Hearing evaluation between 0 and 5 years<\/h2>\t\t\t\t<\/div>\n\t\t\t\t<\/div>\n\t\t\t\t\t<\/div>\n\t\t<\/div>\n\t\t\t\t\t<\/div>\n\t\t<\/section>\n\t\t\t\t<section class=\"elementor-section elementor-top-section elementor-element elementor-element-9749098 elementor-section-boxed elementor-section-height-default elementor-section-height-default\" data-id=\"9749098\" data-element_type=\"section\" data-e-type=\"section\">\n\t\t\t\t\t\t<div class=\"elementor-container elementor-column-gap-default\">\n\t\t\t\t\t<div class=\"elementor-column elementor-col-100 elementor-top-column elementor-element elementor-element-9d866ea\" data-id=\"9d866ea\" data-element_type=\"column\" data-e-type=\"column\">\n\t\t\t<div class=\"elementor-widget-wrap elementor-element-populated\">\n\t\t\t\t\t\t<div class=\"elementor-element elementor-element-ce5d798 elementor-widget elementor-widget-text-editor\" data-id=\"ce5d798\" data-element_type=\"widget\" data-e-type=\"widget\" data-widget_type=\"text-editor.default\">\n\t\t\t\t<div class=\"elementor-widget-container\">\n\t\t\t\t\t\t\t\t\t<p>Our audiologists are specialized in the hearing evaluation of children. Specific moments in the schedule are reserved to evaluate children under the age of 5. These tests require additional time given that collaboration with children is sometimes more difficult than with adults. Identifying hearing problems in childhood will help the ENT doctor decide whether placing ear tubes is an option, prevent speech delays, and assess the response to certain treatments.<\/p>\t\t\t\t\t\t\t\t<\/div>\n\t\t\t\t<\/div>\n\t\t\t\t\t<\/div>\n\t\t<\/div>\n\t\t\t\t\t<\/div>\n\t\t<\/section>\n\t\t\t\t<\/div>","protected":false},"excerpt":{"rendered":"<p>\u00c9valuation auditive 0-5 ans Nos audiologistes se sp\u00e9cialisent dans l\u2019\u00e9valuation auditive des enfants. Des plages sp\u00e9cialis\u00e9es sont r\u00e9serv\u00e9es dans les horaires pour faire des tests auditifs pour des enfants de moins de 5 ans. Ces tests requi\u00e8rent un temps additionel compte-tenu de la collaboration qui est parfois plus difficile qu\u2019avec les adultes. D\u00e9pister les probl\u00e8mes [&hellip;]<\/p>\n","protected":false},"author":2,"featured_media":0,"parent":1928,"menu_order":0,"comment_status":"closed","ping_status":"closed","template":"","meta":{"footnotes":""},"class_list":["post-1931","page","type-page","status-publish","hentry"],"_links":{"self":[{"href":"https:\/\/www.cliniqueorl.com\/en\/wp-json\/wp\/v2\/pages\/1931","targetHints":{"allow":["GET"]}}],"collection":[{"href":"https:\/\/www.cliniqueorl.com\/en\/wp-json\/wp\/v2\/pages"}],"about":[{"href":"https:\/\/www.cliniqueorl.com\/en\/wp-json\/wp\/v2\/types\/page"}],"author":[{"embeddable":true,"href":"https:\/\/www.cliniqueorl.com\/en\/wp-json\/wp\/v2\/users\/2"}],"replies":[{"embeddable":true,"href":"https:\/\/www.cliniqueorl.com\/en\/wp-json\/wp\/v2\/comments?post=1931"}],"version-history":[{"count":2,"href":"https:\/\/www.cliniqueorl.com\/en\/wp-json\/wp\/v2\/pages\/1931\/revisions"}],"predecessor-version":[{"id":1933,"href":"https:\/\/www.cliniqueorl.com\/en\/wp-json\/wp\/v2\/pages\/1931\/revisions\/1933"}],"up":[{"embeddable":true,"href":"https:\/\/www.cliniqueorl.com\/en\/wp-json\/wp\/v2\/pages\/1928"}],"wp:attachment":[{"href":"https:\/\/www.cliniqueorl.com\/en\/wp-json\/wp\/v2\/media?parent=1931"}],"curies":[{"name":"wp","href":"https:\/\/api.w.org\/{rel}","templated":true}]}}