{"id":1926,"date":"2020-05-08T14:28:04","date_gmt":"2020-05-08T14:28:04","guid":{"rendered":"https:\/\/www.cliniqueorl.com\/?page_id=1926"},"modified":"2020-05-08T22:03:52","modified_gmt":"2020-05-08T22:03:52","slug":"ronflement","status":"publish","type":"page","link":"https:\/\/www.cliniqueorl.com\/en\/ronflement-et-apnee-du-sommeil\/ronflement\/","title":{"rendered":"Snoring"},"content":{"rendered":"<div data-elementor-type=\"wp-page\" data-elementor-id=\"1926\" class=\"elementor elementor-1926\" data-elementor-post-type=\"page\">\n\t\t\t\t\t\t<section class=\"elementor-section elementor-top-section elementor-element elementor-element-a9ddc6e elementor-section-boxed elementor-section-height-default elementor-section-height-default\" data-id=\"a9ddc6e\" data-element_type=\"section\" data-e-type=\"section\">\n\t\t\t\t\t\t<div class=\"elementor-container elementor-column-gap-default\">\n\t\t\t\t\t<div class=\"elementor-column elementor-col-100 elementor-top-column elementor-element elementor-element-b33dfd1\" data-id=\"b33dfd1\" data-element_type=\"column\" data-e-type=\"column\">\n\t\t\t<div class=\"elementor-widget-wrap elementor-element-populated\">\n\t\t\t\t\t\t<div class=\"elementor-element elementor-element-f9fe87c elementor-widget elementor-widget-heading\" data-id=\"f9fe87c\" data-element_type=\"widget\" data-e-type=\"widget\" data-widget_type=\"heading.default\">\n\t\t\t\t<div class=\"elementor-widget-container\">\n\t\t\t\t\t<h2 class=\"elementor-heading-title elementor-size-default\">Where does snoring come from?<\/h2>\t\t\t\t<\/div>\n\t\t\t\t<\/div>\n\t\t\t\t\t<\/div>\n\t\t<\/div>\n\t\t\t\t\t<\/div>\n\t\t<\/section>\n\t\t\t\t<section class=\"elementor-section elementor-top-section elementor-element elementor-element-ce0acae elementor-section-boxed elementor-section-height-default elementor-section-height-default\" data-id=\"ce0acae\" data-element_type=\"section\" data-e-type=\"section\">\n\t\t\t\t\t\t<div class=\"elementor-container elementor-column-gap-default\">\n\t\t\t\t\t<div class=\"elementor-column elementor-col-100 elementor-top-column elementor-element elementor-element-2dbe0b8\" data-id=\"2dbe0b8\" data-element_type=\"column\" data-e-type=\"column\">\n\t\t\t<div class=\"elementor-widget-wrap elementor-element-populated\">\n\t\t\t\t\t\t<div class=\"elementor-element elementor-element-7a2d113 elementor-widget elementor-widget-image\" data-id=\"7a2d113\" data-element_type=\"widget\" data-e-type=\"widget\" data-widget_type=\"image.default\">\n\t\t\t\t<div class=\"elementor-widget-container\">\n\t\t\t\t\t\t\t\t\t\t\t\t\t\t\t<img fetchpriority=\"high\" decoding=\"async\" width=\"940\" height=\"940\" src=\"https:\/\/www.cliniqueorl.com\/wp-content\/uploads\/2020\/05\/28-1024x1024.png\" class=\"attachment-large size-large wp-image-2109\" alt=\"Doctor checking woman&#039;s throat\" srcset=\"https:\/\/www.cliniqueorl.com\/wp-content\/uploads\/2020\/05\/28-1024x1024.png 1024w, https:\/\/www.cliniqueorl.com\/wp-content\/uploads\/2020\/05\/28-300x300.png 300w, https:\/\/www.cliniqueorl.com\/wp-content\/uploads\/2020\/05\/28-150x150.png 150w, https:\/\/www.cliniqueorl.com\/wp-content\/uploads\/2020\/05\/28-768x768.png 768w, https:\/\/www.cliniqueorl.com\/wp-content\/uploads\/2020\/05\/28-1536x1536.png 1536w\" sizes=\"(max-width: 940px) 100vw, 940px\" title=\"28\" \/>\t\t\t\t\t\t\t\t\t\t\t\t\t\t\t<\/div>\n\t\t\t\t<\/div>\n\t\t\t\t\t<\/div>\n\t\t<\/div>\n\t\t\t\t\t<\/div>\n\t\t<\/section>\n\t\t\t\t<section class=\"elementor-section elementor-top-section elementor-element elementor-element-0f7f84e elementor-section-boxed elementor-section-height-default elementor-section-height-default\" data-id=\"0f7f84e\" data-element_type=\"section\" data-e-type=\"section\">\n\t\t\t\t\t\t<div class=\"elementor-container elementor-column-gap-default\">\n\t\t\t\t\t<div class=\"elementor-column elementor-col-100 elementor-top-column elementor-element elementor-element-9b3caed\" data-id=\"9b3caed\" data-element_type=\"column\" data-e-type=\"column\">\n\t\t\t<div class=\"elementor-widget-wrap elementor-element-populated\">\n\t\t\t\t\t\t<div class=\"elementor-element elementor-element-2557b16 elementor-widget elementor-widget-text-editor\" data-id=\"2557b16\" data-element_type=\"widget\" data-e-type=\"widget\" data-widget_type=\"text-editor.default\">\n\t\t\t\t<div class=\"elementor-widget-container\">\n\t\t\t\t\t\t\t\t\t<p>A good portion of the population snores, and this problem is worse in men. Snoring can be benign, but can sometimes indicate the presence of obstructive sleep apnea (see section). Snorers should be evaluated by an Otolaryngologist to make sure they do not suffer from sleep apnea.<\/p><p>\u00a0<\/p><p>When snoring is not due to sleep apnea, many treatment options are available. One third of the time, snoring can be due to nasal obstruction. Treating the nose could help with snoring.\u00a0<\/p><p>\u00a0<\/p><p>Sometimes a small surgical procedure at the level of the uvula or the palate under local anesthesia can improve snoring. Removing the tonsils can also help snoring. However, for patients without sleep apnea, the treatment of snoring is not covered by health insurance.<\/p><p>\u00a0<\/p><p>An Otolaryngologist can help you identify the source of snoring and offer solutions for this embarrassing problem. An ENT evaluation that includes an endoscopic evaluation of the airway with a camera is essential to identify the cause of your problems.<\/p><div>\u00a0<\/div>\t\t\t\t\t\t\t\t<\/div>\n\t\t\t\t<\/div>\n\t\t\t\t\t<\/div>\n\t\t<\/div>\n\t\t\t\t\t<\/div>\n\t\t<\/section>\n\t\t\t\t<\/div>","protected":false},"excerpt":{"rendered":"<p>D&rsquo;o\u00f9 provient le ronflement? Une grande proportion de la population ronfle, soit occasionnellement soit quotidiennement. Le probl\u00e8me est pire chez les hommes que chez les femmes. Un ronflement peut \u00eatre b\u00e9nin, mais parfois peut indiquer la pr\u00e9sence d\u2019une apn\u00e9e du sommeil obstructive. (voir section) Les ronfleurs devraient consulter un ORL pour s\u2019assurer qu\u2019ils ne souffrent [&hellip;]<\/p>\n","protected":false},"author":2,"featured_media":0,"parent":1921,"menu_order":0,"comment_status":"closed","ping_status":"closed","template":"","meta":{"footnotes":""},"class_list":["post-1926","page","type-page","status-publish","hentry"],"_links":{"self":[{"href":"https:\/\/www.cliniqueorl.com\/en\/wp-json\/wp\/v2\/pages\/1926","targetHints":{"allow":["GET"]}}],"collection":[{"href":"https:\/\/www.cliniqueorl.com\/en\/wp-json\/wp\/v2\/pages"}],"about":[{"href":"https:\/\/www.cliniqueorl.com\/en\/wp-json\/wp\/v2\/types\/page"}],"author":[{"embeddable":true,"href":"https:\/\/www.cliniqueorl.com\/en\/wp-json\/wp\/v2\/users\/2"}],"replies":[{"embeddable":true,"href":"https:\/\/www.cliniqueorl.com\/en\/wp-json\/wp\/v2\/comments?post=1926"}],"version-history":[{"count":2,"href":"https:\/\/www.cliniqueorl.com\/en\/wp-json\/wp\/v2\/pages\/1926\/revisions"}],"predecessor-version":[{"id":2110,"href":"https:\/\/www.cliniqueorl.com\/en\/wp-json\/wp\/v2\/pages\/1926\/revisions\/2110"}],"up":[{"embeddable":true,"href":"https:\/\/www.cliniqueorl.com\/en\/wp-json\/wp\/v2\/pages\/1921"}],"wp:attachment":[{"href":"https:\/\/www.cliniqueorl.com\/en\/wp-json\/wp\/v2\/media?parent=1926"}],"curies":[{"name":"wp","href":"https:\/\/api.w.org\/{rel}","templated":true}]}}