{"id":1923,"date":"2020-05-08T14:26:08","date_gmt":"2020-05-08T14:26:08","guid":{"rendered":"https:\/\/www.cliniqueorl.com\/?page_id=1923"},"modified":"2020-05-08T22:00:54","modified_gmt":"2020-05-08T22:00:54","slug":"apnee-du-sommeil","status":"publish","type":"page","link":"https:\/\/www.cliniqueorl.com\/en\/ronflement-et-apnee-du-sommeil\/apnee-du-sommeil\/","title":{"rendered":"Sleep apnea"},"content":{"rendered":"<div data-elementor-type=\"wp-page\" data-elementor-id=\"1923\" class=\"elementor elementor-1923\" data-elementor-post-type=\"page\">\n\t\t\t\t\t\t<section class=\"elementor-section elementor-top-section elementor-element elementor-element-c745603 elementor-section-boxed elementor-section-height-default elementor-section-height-default\" data-id=\"c745603\" data-element_type=\"section\" data-e-type=\"section\">\n\t\t\t\t\t\t<div class=\"elementor-container elementor-column-gap-default\">\n\t\t\t\t\t<div class=\"elementor-column elementor-col-100 elementor-top-column elementor-element elementor-element-ba08a8a\" data-id=\"ba08a8a\" data-element_type=\"column\" data-e-type=\"column\">\n\t\t\t<div class=\"elementor-widget-wrap elementor-element-populated\">\n\t\t\t\t\t\t<div class=\"elementor-element elementor-element-badd3d8 elementor-widget elementor-widget-heading\" data-id=\"badd3d8\" data-element_type=\"widget\" data-e-type=\"widget\" data-widget_type=\"heading.default\">\n\t\t\t\t<div class=\"elementor-widget-container\">\n\t\t\t\t\t<h2 class=\"elementor-heading-title elementor-size-default\">Evaluation and treatment of sleep apnea<\/h2>\t\t\t\t<\/div>\n\t\t\t\t<\/div>\n\t\t\t\t\t<\/div>\n\t\t<\/div>\n\t\t\t\t\t<\/div>\n\t\t<\/section>\n\t\t\t\t<section class=\"elementor-section elementor-top-section elementor-element elementor-element-ac9aec2 elementor-section-boxed elementor-section-height-default elementor-section-height-default\" data-id=\"ac9aec2\" data-element_type=\"section\" data-e-type=\"section\">\n\t\t\t\t\t\t<div class=\"elementor-container elementor-column-gap-default\">\n\t\t\t\t\t<div class=\"elementor-column elementor-col-100 elementor-top-column elementor-element elementor-element-8d7a743\" data-id=\"8d7a743\" data-element_type=\"column\" data-e-type=\"column\">\n\t\t\t<div class=\"elementor-widget-wrap elementor-element-populated\">\n\t\t\t\t\t\t<div class=\"elementor-element elementor-element-3847a43 elementor-widget elementor-widget-image\" data-id=\"3847a43\" data-element_type=\"widget\" data-e-type=\"widget\" data-widget_type=\"image.default\">\n\t\t\t\t<div class=\"elementor-widget-container\">\n\t\t\t\t\t\t\t\t\t\t\t\t\t\t\t<img fetchpriority=\"high\" decoding=\"async\" width=\"940\" height=\"940\" src=\"https:\/\/www.cliniqueorl.com\/wp-content\/uploads\/2020\/05\/31-1-1024x1024.png\" class=\"attachment-large size-large wp-image-2106\" alt=\"woman checking man&#039;s throat\" srcset=\"https:\/\/www.cliniqueorl.com\/wp-content\/uploads\/2020\/05\/31-1-1024x1024.png 1024w, https:\/\/www.cliniqueorl.com\/wp-content\/uploads\/2020\/05\/31-1-300x300.png 300w, https:\/\/www.cliniqueorl.com\/wp-content\/uploads\/2020\/05\/31-1-150x150.png 150w, https:\/\/www.cliniqueorl.com\/wp-content\/uploads\/2020\/05\/31-1-768x768.png 768w, https:\/\/www.cliniqueorl.com\/wp-content\/uploads\/2020\/05\/31-1-1536x1536.png 1536w\" sizes=\"(max-width: 940px) 100vw, 940px\" title=\"31\" \/>\t\t\t\t\t\t\t\t\t\t\t\t\t\t\t<\/div>\n\t\t\t\t<\/div>\n\t\t\t\t\t<\/div>\n\t\t<\/div>\n\t\t\t\t\t<\/div>\n\t\t<\/section>\n\t\t\t\t<section class=\"elementor-section elementor-top-section elementor-element elementor-element-eabb31d elementor-section-boxed elementor-section-height-default elementor-section-height-default\" data-id=\"eabb31d\" data-element_type=\"section\" data-e-type=\"section\">\n\t\t\t\t\t\t<div class=\"elementor-container elementor-column-gap-default\">\n\t\t\t\t\t<div class=\"elementor-column elementor-col-100 elementor-top-column elementor-element elementor-element-be8839d\" data-id=\"be8839d\" data-element_type=\"column\" data-e-type=\"column\">\n\t\t\t<div class=\"elementor-widget-wrap elementor-element-populated\">\n\t\t\t\t\t\t<div class=\"elementor-element elementor-element-aeda93f elementor-widget elementor-widget-text-editor\" data-id=\"aeda93f\" data-element_type=\"widget\" data-e-type=\"widget\" data-widget_type=\"text-editor.default\">\n\t\t\t\t<div class=\"elementor-widget-container\">\n\t\t\t\t\t\t\t\t\t<p>Snoring can be a sign of a more serious disease like obstructive sleep apnea. It is possible that snoring is the only symptom of sleep apnea, but it is often accompanied by daytime fatigue. Other symptoms can be headaches or sleepiness.\u00a0<\/p><p>\u00a0<\/p><p>Sleep apnea is defined as temporary obstruction of the upper airway during sleep, at least 5 times an hour. During sleep, your body\u2019s muscles relax, including the upper airway muscles. In patients with a narrow upper airway, sometimes due to recent weight gain, this relaxation causes complete obstruction of the airway. The effect of sleep apnea is that the snorer must sleep lightly to prevent airway collapse. Due to this light sleep, the sleep apnea patient suffers from daytime sleepiness and fatigue, causing decreased productivity and danger with driving heavy machinery. Moreover, and most importantly, untreated obstructive sleep apnea increases the risk of heart attacks, strokes, diabetes and multiple medical problems.<\/p><p>\u00a0<\/p><p>Tired snorers should consult an Otolaryngologist to make sure sleep apnea is not a cause. An ENT will perform an in-depth examination of your nose, your mouth, your throat, your palate and your neck, often using a flexible fiberoptic camera. A sleep study, at home or in a sleep lab, can be necessary to determine if snoring is caused by sleep apnea.<\/p><p>\u00a0<\/p><p>Depending on its severity, multiple treatments can be possible for sleep apnea. For light to moderate apnea, a positive pressure machine (CPAP), a mandibular advancement prosthesis or throat surgery can be an option. For severe apnea, a CPAP or maxillofacial surgery (maxillomandibular advancement) can be possible as well.<\/p>\t\t\t\t\t\t\t\t<\/div>\n\t\t\t\t<\/div>\n\t\t\t\t\t<\/div>\n\t\t<\/div>\n\t\t\t\t\t<\/div>\n\t\t<\/section>\n\t\t\t\t<\/div>","protected":false},"excerpt":{"rendered":"<p>\u00c9valuation et traitement de l&rsquo;apn\u00e9e du sommeil Le ronflement peut \u00eatre le signe d\u2019une affection plus grave connue sous le nom d\u2019apn\u00e9e obstructive du sommeil. Il est possible que le ronflement soit le seul sympt\u00f4me de l\u2019apn\u00e9e du sommeil, mais elle est souvent accompagn\u00e9e de fatigue dans la journ\u00e9e. D\u2019autres sympt\u00f4mes peuvent \u00eatre des maux [&hellip;]<\/p>\n","protected":false},"author":2,"featured_media":0,"parent":1921,"menu_order":0,"comment_status":"closed","ping_status":"closed","template":"","meta":{"footnotes":""},"class_list":["post-1923","page","type-page","status-publish","hentry"],"_links":{"self":[{"href":"https:\/\/www.cliniqueorl.com\/en\/wp-json\/wp\/v2\/pages\/1923","targetHints":{"allow":["GET"]}}],"collection":[{"href":"https:\/\/www.cliniqueorl.com\/en\/wp-json\/wp\/v2\/pages"}],"about":[{"href":"https:\/\/www.cliniqueorl.com\/en\/wp-json\/wp\/v2\/types\/page"}],"author":[{"embeddable":true,"href":"https:\/\/www.cliniqueorl.com\/en\/wp-json\/wp\/v2\/users\/2"}],"replies":[{"embeddable":true,"href":"https:\/\/www.cliniqueorl.com\/en\/wp-json\/wp\/v2\/comments?post=1923"}],"version-history":[{"count":3,"href":"https:\/\/www.cliniqueorl.com\/en\/wp-json\/wp\/v2\/pages\/1923\/revisions"}],"predecessor-version":[{"id":2107,"href":"https:\/\/www.cliniqueorl.com\/en\/wp-json\/wp\/v2\/pages\/1923\/revisions\/2107"}],"up":[{"embeddable":true,"href":"https:\/\/www.cliniqueorl.com\/en\/wp-json\/wp\/v2\/pages\/1921"}],"wp:attachment":[{"href":"https:\/\/www.cliniqueorl.com\/en\/wp-json\/wp\/v2\/media?parent=1923"}],"curies":[{"name":"wp","href":"https:\/\/api.w.org\/{rel}","templated":true}]}}