{"id":1921,"date":"2020-05-08T14:25:44","date_gmt":"2020-05-08T14:25:44","guid":{"rendered":"https:\/\/www.cliniqueorl.com\/?page_id=1921"},"modified":"2023-10-12T15:16:08","modified_gmt":"2023-10-12T15:16:08","slug":"ronflement-et-apnee-du-sommeil","status":"publish","type":"page","link":"https:\/\/www.cliniqueorl.com\/en\/ronflement-et-apnee-du-sommeil\/","title":{"rendered":"Snoring and sleep apnea"},"content":{"rendered":"<div data-elementor-type=\"wp-page\" data-elementor-id=\"1921\" class=\"elementor elementor-1921\" data-elementor-post-type=\"page\">\n\t\t\t\t\t\t<section class=\"elementor-section elementor-top-section elementor-element elementor-element-e34e45c elementor-section-boxed elementor-section-height-default elementor-section-height-default\" data-id=\"e34e45c\" data-element_type=\"section\" data-e-type=\"section\">\n\t\t\t\t\t\t<div class=\"elementor-container elementor-column-gap-default\">\n\t\t\t\t\t<div class=\"elementor-column elementor-col-100 elementor-top-column elementor-element elementor-element-a655f67\" data-id=\"a655f67\" data-element_type=\"column\" data-e-type=\"column\">\n\t\t\t<div class=\"elementor-widget-wrap elementor-element-populated\">\n\t\t\t\t\t\t<div class=\"elementor-element elementor-element-31699ee elementor-widget elementor-widget-heading\" data-id=\"31699ee\" data-element_type=\"widget\" data-e-type=\"widget\" data-widget_type=\"heading.default\">\n\t\t\t\t<div class=\"elementor-widget-container\">\n\t\t\t\t\t<h2 class=\"elementor-heading-title elementor-size-default\">L'ORL, sp\u00e9cialiste du ronflement et de l'apn\u00e9e du sommeil<\/h2>\t\t\t\t<\/div>\n\t\t\t\t<\/div>\n\t\t\t\t\t<\/div>\n\t\t<\/div>\n\t\t\t\t\t<\/div>\n\t\t<\/section>\n\t\t\t\t<section class=\"elementor-section elementor-top-section elementor-element elementor-element-8848f43 elementor-section-boxed elementor-section-height-default elementor-section-height-default\" data-id=\"8848f43\" data-element_type=\"section\" data-e-type=\"section\">\n\t\t\t\t\t\t<div class=\"elementor-container elementor-column-gap-default\">\n\t\t\t\t\t<div class=\"elementor-column elementor-col-100 elementor-top-column elementor-element elementor-element-3a74e90\" data-id=\"3a74e90\" data-element_type=\"column\" data-e-type=\"column\">\n\t\t\t<div class=\"elementor-widget-wrap elementor-element-populated\">\n\t\t\t\t\t\t<div class=\"elementor-element elementor-element-b543b13 elementor-widget elementor-widget-image\" data-id=\"b543b13\" data-element_type=\"widget\" data-e-type=\"widget\" data-widget_type=\"image.default\">\n\t\t\t\t<div class=\"elementor-widget-container\">\n\t\t\t\t\t\t\t\t\t\t\t\t\t\t\t<img fetchpriority=\"high\" decoding=\"async\" width=\"940\" height=\"940\" src=\"https:\/\/www.cliniqueorl.com\/wp-content\/uploads\/2020\/05\/41-1024x1024.png\" class=\"attachment-large size-large wp-image-2067\" alt=\"throat cancer\" srcset=\"https:\/\/www.cliniqueorl.com\/wp-content\/uploads\/2020\/05\/41-1024x1024.png 1024w, https:\/\/www.cliniqueorl.com\/wp-content\/uploads\/2020\/05\/41-300x300.png 300w, https:\/\/www.cliniqueorl.com\/wp-content\/uploads\/2020\/05\/41-150x150.png 150w, https:\/\/www.cliniqueorl.com\/wp-content\/uploads\/2020\/05\/41-768x768.png 768w, https:\/\/www.cliniqueorl.com\/wp-content\/uploads\/2020\/05\/41-1536x1536.png 1536w\" sizes=\"(max-width: 940px) 100vw, 940px\" title=\"41\" \/>\t\t\t\t\t\t\t\t\t\t\t\t\t\t\t<\/div>\n\t\t\t\t<\/div>\n\t\t\t\t\t<\/div>\n\t\t<\/div>\n\t\t\t\t\t<\/div>\n\t\t<\/section>\n\t\t\t\t<section class=\"elementor-section elementor-top-section elementor-element elementor-element-07c05b6 elementor-section-boxed elementor-section-height-default elementor-section-height-default\" data-id=\"07c05b6\" data-element_type=\"section\" data-e-type=\"section\">\n\t\t\t\t\t\t<div class=\"elementor-container elementor-column-gap-default\">\n\t\t\t\t\t<div class=\"elementor-column elementor-col-100 elementor-top-column elementor-element elementor-element-1e5d4a4\" data-id=\"1e5d4a4\" data-element_type=\"column\" data-e-type=\"column\">\n\t\t\t<div class=\"elementor-widget-wrap elementor-element-populated\">\n\t\t\t\t\t\t<div class=\"elementor-element elementor-element-3022f45 elementor-widget elementor-widget-text-editor\" data-id=\"3022f45\" data-element_type=\"widget\" data-e-type=\"widget\" data-widget_type=\"text-editor.default\">\n\t\t\t\t<div class=\"elementor-widget-container\">\n\t\t\t\t\t\t\t\t\t<p>Les m\u00e9decins sp\u00e9cialistes en ORL sont particuli\u00e8rement bien positionner pour examiner l&rsquo;anatomie des voies a\u00e9riennes sup\u00e9rieures afin d&rsquo;aider \u00e0 d\u00e9terminer l&rsquo;origine d&rsquo;un ronflement ou d&rsquo;une apn\u00e9e du sommeil. Ils pourront vous guider dans le diagnostic et le choix du traitement, qu&rsquo;il soit m\u00e9dical ou chirurgical.<\/p><p>\u00c0 la Clinique ORL de Montr\u00e9al, les tests de d\u00e9pistage pour l&rsquo;apn\u00e9e du sommeil, nomm\u00e9s Polygraphie cardiorespiratoire via un partenariat avec <a href=\"https:\/\/laboiteacpap.ca\/\" target=\"_blank\" rel=\"noopener\">La Boite \u00c0 CPAP<\/a>, nos <span>inhaloth\u00e9rapeutes<\/span> sur place dans la clinique. Contactez-nous pour un rendez-vous et une prise en charge.<\/p>\t\t\t\t\t\t\t\t<\/div>\n\t\t\t\t<\/div>\n\t\t\t\t\t<\/div>\n\t\t<\/div>\n\t\t\t\t\t<\/div>\n\t\t<\/section>\n\t\t\t\t<\/div>","protected":false},"excerpt":{"rendered":"<p>L&rsquo;ORL, sp\u00e9cialiste du ronflement et de l&rsquo;apn\u00e9e du sommeil Les m\u00e9decins sp\u00e9cialistes en ORL sont particuli\u00e8rement bien positionner pour examiner l&rsquo;anatomie des voies a\u00e9riennes sup\u00e9rieures afin d&rsquo;aider \u00e0 d\u00e9terminer l&rsquo;origine d&rsquo;un ronflement ou d&rsquo;une apn\u00e9e du sommeil. Ils pourront vous guider dans le diagnostic et le choix du traitement, qu&rsquo;il soit m\u00e9dical ou chirurgical. \u00c0 [&hellip;]<\/p>\n","protected":false},"author":2,"featured_media":0,"parent":0,"menu_order":0,"comment_status":"closed","ping_status":"closed","template":"","meta":{"footnotes":""},"class_list":["post-1921","page","type-page","status-publish","hentry"],"_links":{"self":[{"href":"https:\/\/www.cliniqueorl.com\/en\/wp-json\/wp\/v2\/pages\/1921","targetHints":{"allow":["GET"]}}],"collection":[{"href":"https:\/\/www.cliniqueorl.com\/en\/wp-json\/wp\/v2\/pages"}],"about":[{"href":"https:\/\/www.cliniqueorl.com\/en\/wp-json\/wp\/v2\/types\/page"}],"author":[{"embeddable":true,"href":"https:\/\/www.cliniqueorl.com\/en\/wp-json\/wp\/v2\/users\/2"}],"replies":[{"embeddable":true,"href":"https:\/\/www.cliniqueorl.com\/en\/wp-json\/wp\/v2\/comments?post=1921"}],"version-history":[{"count":11,"href":"https:\/\/www.cliniqueorl.com\/en\/wp-json\/wp\/v2\/pages\/1921\/revisions"}],"predecessor-version":[{"id":2466,"href":"https:\/\/www.cliniqueorl.com\/en\/wp-json\/wp\/v2\/pages\/1921\/revisions\/2466"}],"wp:attachment":[{"href":"https:\/\/www.cliniqueorl.com\/en\/wp-json\/wp\/v2\/media?parent=1921"}],"curies":[{"name":"wp","href":"https:\/\/api.w.org\/{rel}","templated":true}]}}