{"id":1909,"date":"2020-05-08T14:18:02","date_gmt":"2020-05-08T14:18:02","guid":{"rendered":"https:\/\/www.cliniqueorl.com\/?page_id=1909"},"modified":"2024-08-14T00:16:27","modified_gmt":"2024-08-14T00:16:27","slug":"nodules-et-cancer-de-la-thyroide","status":"publish","type":"page","link":"https:\/\/www.cliniqueorl.com\/en\/thyroide-parathyroides-et-cou\/nodules-et-cancer-de-la-thyroide\/","title":{"rendered":"Thyroid cancer and nodules"},"content":{"rendered":"<div data-elementor-type=\"wp-page\" data-elementor-id=\"1909\" class=\"elementor elementor-1909\" data-elementor-post-type=\"page\">\n\t\t\t\t<div class=\"elementor-element elementor-element-ea40126 e-flex e-con-boxed e-con e-parent\" data-id=\"ea40126\" data-element_type=\"container\" data-e-type=\"container\">\n\t\t\t\t\t<div class=\"e-con-inner\">\n\t\t\t\t<div class=\"elementor-element elementor-element-fa22099 elementor-widget elementor-widget-heading\" data-id=\"fa22099\" data-element_type=\"widget\" data-e-type=\"widget\" data-widget_type=\"heading.default\">\n\t\t\t\t<div class=\"elementor-widget-container\">\n\t\t\t\t\t<h2 class=\"elementor-heading-title elementor-size-default\">Nodules Thyro\u00efdiens &amp; Cancer de la Thyro\u00efde<\/h2>\t\t\t\t<\/div>\n\t\t\t\t<\/div>\n\t\t\t\t<div class=\"elementor-element elementor-element-3d82a4e elementor-widget elementor-widget-image\" data-id=\"3d82a4e\" data-element_type=\"widget\" data-e-type=\"widget\" data-widget_type=\"image.default\">\n\t\t\t\t<div class=\"elementor-widget-container\">\n\t\t\t\t\t\t\t\t\t\t\t\t\t\t\t<img fetchpriority=\"high\" decoding=\"async\" width=\"2000\" height=\"2000\" src=\"https:\/\/www.cliniqueorl.com\/wp-content\/uploads\/2020\/05\/37.png\" class=\"attachment-full size-full wp-image-2131\" alt=\"Thyroid ultrasound\" srcset=\"https:\/\/www.cliniqueorl.com\/wp-content\/uploads\/2020\/05\/37.png 2000w, https:\/\/www.cliniqueorl.com\/wp-content\/uploads\/2020\/05\/37-300x300.png 300w, https:\/\/www.cliniqueorl.com\/wp-content\/uploads\/2020\/05\/37-1024x1024.png 1024w, https:\/\/www.cliniqueorl.com\/wp-content\/uploads\/2020\/05\/37-150x150.png 150w, https:\/\/www.cliniqueorl.com\/wp-content\/uploads\/2020\/05\/37-768x768.png 768w, https:\/\/www.cliniqueorl.com\/wp-content\/uploads\/2020\/05\/37-1536x1536.png 1536w, https:\/\/www.cliniqueorl.com\/wp-content\/uploads\/2020\/05\/elementor\/thumbs\/37-pjiknb39jxt5kaonupq2oyze1mp48d5vmg2ey8j3rk.png 200w, https:\/\/www.cliniqueorl.com\/wp-content\/uploads\/2020\/05\/elementor\/thumbs\/37-pjiknb3d7i6geb5v3gbl17ih5nc07mt19ttxefyruw.png 500w\" sizes=\"(max-width: 2000px) 100vw, 2000px\" title=\"37\" \/>\t\t\t\t\t\t\t\t\t\t\t\t\t\t\t<\/div>\n\t\t\t\t<\/div>\n\t\t\t\t<div class=\"elementor-element elementor-element-9017603 elementor-widget elementor-widget-text-editor\" data-id=\"9017603\" data-element_type=\"widget\" data-e-type=\"widget\" data-widget_type=\"text-editor.default\">\n\t\t\t\t<div class=\"elementor-widget-container\">\n\t\t\t\t\t\t\t\t\t<p>Les nodules thyro\u00efdiens sont fr\u00e9quents et n\u00e9cessitent une \u00e9valuation m\u00e9dicale approfondie pour d\u00e9terminer leur nature b\u00e9nigne ou suspecte de cancer. Le premier pas consiste \u00e0 analyser la fonction thyro\u00efdienne via un test sanguin (TSH) et une \u00e9chographie. Si le nodule pr\u00e9sente des caract\u00e9ristiques inqui\u00e9tantes, une biopsie \u00e0 l\u2019aiguille fine est recommand\u00e9e pour \u00e9valuer le risque de cancer.<\/p><p>Le traitement d\u00e9pend des r\u00e9sultats de la biopsie : une surveillance avec des \u00e9chographies r\u00e9guli\u00e8res, une biopsie chirurgicale, ou une chirurgie plus extensive comme une h\u00e9mithyro\u00efdectomie ou une thyro\u00efdectomie compl\u00e8te peuvent \u00eatre n\u00e9cessaires.<\/p><p>La chirurgie de la thyro\u00efde, pratiqu\u00e9e par des sp\u00e9cialistes ORL, implique une incision discr\u00e8te dans un pli naturel du cou, avec une attention particuli\u00e8re aux structures sensibles, comme les nerfs r\u00e9currents laryng\u00e9s contr\u00f4lant les cordes vocales. Les cancers papillaires de la thyro\u00efde, les plus courants, b\u00e9n\u00e9ficient d\u2019un excellent pronostic lorsqu&rsquo;ils sont trait\u00e9s rapidement.<\/p><p>Pour en savoir plus sur les <a rel=\"noreferrer\" target=\"_new\" href=\"https:\/\/www.cliniqueorl.com\/en\/blog\/thyroide\/nodules-thyroidiens\/\">nodules thyro\u00efdiens<\/a>, consultez notre page d\u00e9di\u00e9e.<\/p>\t\t\t\t\t\t\t\t<\/div>\n\t\t\t\t<\/div>\n\t\t\t\t\t<\/div>\n\t\t\t\t<\/div>\n\t\t\t\t<\/div>","protected":false},"excerpt":{"rendered":"<p>Nodules Thyro\u00efdiens &#038; Cancer de la Thyro\u00efde Les nodules thyro\u00efdiens sont fr\u00e9quents et n\u00e9cessitent une \u00e9valuation m\u00e9dicale approfondie pour d\u00e9terminer leur nature b\u00e9nigne ou suspecte de cancer. Le premier pas consiste \u00e0 analyser la fonction thyro\u00efdienne via un test sanguin (TSH) et une \u00e9chographie. Si le nodule pr\u00e9sente des caract\u00e9ristiques inqui\u00e9tantes, une biopsie \u00e0 l\u2019aiguille [&hellip;]<\/p>\n","protected":false},"author":2,"featured_media":0,"parent":1907,"menu_order":0,"comment_status":"closed","ping_status":"closed","template":"","meta":{"footnotes":""},"class_list":["post-1909","page","type-page","status-publish","hentry"],"_links":{"self":[{"href":"https:\/\/www.cliniqueorl.com\/en\/wp-json\/wp\/v2\/pages\/1909","targetHints":{"allow":["GET"]}}],"collection":[{"href":"https:\/\/www.cliniqueorl.com\/en\/wp-json\/wp\/v2\/pages"}],"about":[{"href":"https:\/\/www.cliniqueorl.com\/en\/wp-json\/wp\/v2\/types\/page"}],"author":[{"embeddable":true,"href":"https:\/\/www.cliniqueorl.com\/en\/wp-json\/wp\/v2\/users\/2"}],"replies":[{"embeddable":true,"href":"https:\/\/www.cliniqueorl.com\/en\/wp-json\/wp\/v2\/comments?post=1909"}],"version-history":[{"count":24,"href":"https:\/\/www.cliniqueorl.com\/en\/wp-json\/wp\/v2\/pages\/1909\/revisions"}],"predecessor-version":[{"id":3137,"href":"https:\/\/www.cliniqueorl.com\/en\/wp-json\/wp\/v2\/pages\/1909\/revisions\/3137"}],"up":[{"embeddable":true,"href":"https:\/\/www.cliniqueorl.com\/en\/wp-json\/wp\/v2\/pages\/1907"}],"wp:attachment":[{"href":"https:\/\/www.cliniqueorl.com\/en\/wp-json\/wp\/v2\/media?parent=1909"}],"curies":[{"name":"wp","href":"https:\/\/api.w.org\/{rel}","templated":true}]}}