{"id":1907,"date":"2020-05-08T14:17:19","date_gmt":"2020-05-08T14:17:19","guid":{"rendered":"https:\/\/www.cliniqueorl.com\/?page_id=1907"},"modified":"2020-05-08T22:23:15","modified_gmt":"2020-05-08T22:23:15","slug":"thyroide-parathyroides-et-cou","status":"publish","type":"page","link":"https:\/\/www.cliniqueorl.com\/en\/thyroide-parathyroides-et-cou\/","title":{"rendered":"Thyroid, parathyroid, and neck"},"content":{"rendered":"<div data-elementor-type=\"wp-page\" data-elementor-id=\"1907\" class=\"elementor elementor-1907\" data-elementor-post-type=\"page\">\n\t\t\t\t\t\t<section class=\"elementor-section elementor-top-section elementor-element elementor-element-c75e877 elementor-section-boxed elementor-section-height-default elementor-section-height-default\" data-id=\"c75e877\" data-element_type=\"section\" data-e-type=\"section\">\n\t\t\t\t\t\t<div class=\"elementor-container elementor-column-gap-default\">\n\t\t\t\t\t<div class=\"elementor-column elementor-col-100 elementor-top-column elementor-element elementor-element-5ec5c47\" data-id=\"5ec5c47\" data-element_type=\"column\" data-e-type=\"column\">\n\t\t\t<div class=\"elementor-widget-wrap elementor-element-populated\">\n\t\t\t\t\t\t<div class=\"elementor-element elementor-element-2db95b6 elementor-widget elementor-widget-heading\" data-id=\"2db95b6\" data-element_type=\"widget\" data-e-type=\"widget\" data-widget_type=\"heading.default\">\n\t\t\t\t<div class=\"elementor-widget-container\">\n\t\t\t\t\t<h2 class=\"elementor-heading-title elementor-size-default\">The ENT surgeon specializes in thyroid, parathyroid, and neck surgery<\/h2>\t\t\t\t<\/div>\n\t\t\t\t<\/div>\n\t\t\t\t\t<\/div>\n\t\t<\/div>\n\t\t\t\t\t<\/div>\n\t\t<\/section>\n\t\t\t\t<section class=\"elementor-section elementor-top-section elementor-element elementor-element-30ef108 elementor-section-boxed elementor-section-height-default elementor-section-height-default\" data-id=\"30ef108\" data-element_type=\"section\" data-e-type=\"section\">\n\t\t\t\t\t\t<div class=\"elementor-container elementor-column-gap-default\">\n\t\t\t\t\t<div class=\"elementor-column elementor-col-100 elementor-top-column elementor-element elementor-element-f4b2d7d\" data-id=\"f4b2d7d\" data-element_type=\"column\" data-e-type=\"column\">\n\t\t\t<div class=\"elementor-widget-wrap elementor-element-populated\">\n\t\t\t\t\t\t<div class=\"elementor-element elementor-element-66d0fce elementor-widget elementor-widget-image\" data-id=\"66d0fce\" data-element_type=\"widget\" data-e-type=\"widget\" data-widget_type=\"image.default\">\n\t\t\t\t<div class=\"elementor-widget-container\">\n\t\t\t\t\t\t\t\t\t\t\t\t\t\t\t<img fetchpriority=\"high\" decoding=\"async\" width=\"940\" height=\"940\" src=\"https:\/\/www.cliniqueorl.com\/wp-content\/uploads\/2020\/05\/38-1024x1024.png\" class=\"attachment-large size-large wp-image-2133\" alt=\"ENT examining neck\" srcset=\"https:\/\/www.cliniqueorl.com\/wp-content\/uploads\/2020\/05\/38-1024x1024.png 1024w, https:\/\/www.cliniqueorl.com\/wp-content\/uploads\/2020\/05\/38-300x300.png 300w, https:\/\/www.cliniqueorl.com\/wp-content\/uploads\/2020\/05\/38-150x150.png 150w, https:\/\/www.cliniqueorl.com\/wp-content\/uploads\/2020\/05\/38-768x768.png 768w, https:\/\/www.cliniqueorl.com\/wp-content\/uploads\/2020\/05\/38-1536x1536.png 1536w\" sizes=\"(max-width: 940px) 100vw, 940px\" title=\"38\" \/>\t\t\t\t\t\t\t\t\t\t\t\t\t\t\t<\/div>\n\t\t\t\t<\/div>\n\t\t\t\t\t<\/div>\n\t\t<\/div>\n\t\t\t\t\t<\/div>\n\t\t<\/section>\n\t\t\t\t<section class=\"elementor-section elementor-top-section elementor-element elementor-element-a2400ac elementor-section-boxed elementor-section-height-default elementor-section-height-default\" data-id=\"a2400ac\" data-element_type=\"section\" data-e-type=\"section\">\n\t\t\t\t\t\t<div class=\"elementor-container elementor-column-gap-default\">\n\t\t\t\t\t<div class=\"elementor-column elementor-col-100 elementor-top-column elementor-element elementor-element-965a598\" data-id=\"965a598\" data-element_type=\"column\" data-e-type=\"column\">\n\t\t\t<div class=\"elementor-widget-wrap elementor-element-populated\">\n\t\t\t\t\t\t<div class=\"elementor-element elementor-element-87d65b6 elementor-widget elementor-widget-text-editor\" data-id=\"87d65b6\" data-element_type=\"widget\" data-e-type=\"widget\" data-widget_type=\"text-editor.default\">\n\t\t\t\t<div class=\"elementor-widget-container\">\n\t\t\t\t\t\t\t\t\t<p>An ENT surgeon is trained to perform thyroid, parathyroid, and neck surgery in an efficient and safe way.<\/p>\t\t\t\t\t\t\t\t<\/div>\n\t\t\t\t<\/div>\n\t\t\t\t\t<\/div>\n\t\t<\/div>\n\t\t\t\t\t<\/div>\n\t\t<\/section>\n\t\t\t\t<\/div>","protected":false},"excerpt":{"rendered":"<p>L&rsquo;ORL a une expertise de pointe en chirurgie de la thyro\u00efde, des parathyro\u00efdes et du cou L&rsquo;ORL est form\u00e9 pour op\u00e9rer de mani\u00e8re efficace et s\u00e9curitaire les maladies chirurgicales de la thyro\u00efde, des parathyro\u00efdes et du cou.<\/p>","protected":false},"author":2,"featured_media":0,"parent":0,"menu_order":0,"comment_status":"closed","ping_status":"closed","template":"","meta":{"footnotes":""},"class_list":["post-1907","page","type-page","status-publish","hentry"],"_links":{"self":[{"href":"https:\/\/www.cliniqueorl.com\/en\/wp-json\/wp\/v2\/pages\/1907","targetHints":{"allow":["GET"]}}],"collection":[{"href":"https:\/\/www.cliniqueorl.com\/en\/wp-json\/wp\/v2\/pages"}],"about":[{"href":"https:\/\/www.cliniqueorl.com\/en\/wp-json\/wp\/v2\/types\/page"}],"author":[{"embeddable":true,"href":"https:\/\/www.cliniqueorl.com\/en\/wp-json\/wp\/v2\/users\/2"}],"replies":[{"embeddable":true,"href":"https:\/\/www.cliniqueorl.com\/en\/wp-json\/wp\/v2\/comments?post=1907"}],"version-history":[{"count":2,"href":"https:\/\/www.cliniqueorl.com\/en\/wp-json\/wp\/v2\/pages\/1907\/revisions"}],"predecessor-version":[{"id":2134,"href":"https:\/\/www.cliniqueorl.com\/en\/wp-json\/wp\/v2\/pages\/1907\/revisions\/2134"}],"wp:attachment":[{"href":"https:\/\/www.cliniqueorl.com\/en\/wp-json\/wp\/v2\/media?parent=1907"}],"curies":[{"name":"wp","href":"https:\/\/api.w.org\/{rel}","templated":true}]}}