{"id":1900,"date":"2020-05-08T14:11:38","date_gmt":"2020-05-08T14:11:38","guid":{"rendered":"https:\/\/www.cliniqueorl.com\/?page_id=1900"},"modified":"2020-05-08T20:40:18","modified_gmt":"2020-05-08T20:40:18","slug":"paralysie-faciale","status":"publish","type":"page","link":"https:\/\/www.cliniqueorl.com\/en\/chirurgie-plastique-et-reconstruction-faciale\/paralysie-faciale\/","title":{"rendered":"Facial paralysis"},"content":{"rendered":"<div data-elementor-type=\"wp-page\" data-elementor-id=\"1900\" class=\"elementor elementor-1900\" data-elementor-post-type=\"page\">\n\t\t\t\t\t\t<section class=\"elementor-section elementor-top-section elementor-element elementor-element-aa7f458 elementor-section-boxed elementor-section-height-default elementor-section-height-default\" data-id=\"aa7f458\" data-element_type=\"section\" data-e-type=\"section\">\n\t\t\t\t\t\t<div class=\"elementor-container elementor-column-gap-default\">\n\t\t\t\t\t<div class=\"elementor-column elementor-col-100 elementor-top-column elementor-element elementor-element-5b3e374\" data-id=\"5b3e374\" data-element_type=\"column\" data-e-type=\"column\">\n\t\t\t<div class=\"elementor-widget-wrap elementor-element-populated\">\n\t\t\t\t\t\t<div class=\"elementor-element elementor-element-00d5b9e elementor-widget elementor-widget-heading\" data-id=\"00d5b9e\" data-element_type=\"widget\" data-e-type=\"widget\" data-widget_type=\"heading.default\">\n\t\t\t\t<div class=\"elementor-widget-container\">\n\t\t\t\t\t<h2 class=\"elementor-heading-title elementor-size-default\">The ENT is the specialist of facial paralysis<\/h2>\t\t\t\t<\/div>\n\t\t\t\t<\/div>\n\t\t\t\t\t<\/div>\n\t\t<\/div>\n\t\t\t\t\t<\/div>\n\t\t<\/section>\n\t\t\t\t<section class=\"elementor-section elementor-top-section elementor-element elementor-element-4a31f5c elementor-section-boxed elementor-section-height-default elementor-section-height-default\" data-id=\"4a31f5c\" data-element_type=\"section\" data-e-type=\"section\">\n\t\t\t\t\t\t<div class=\"elementor-container elementor-column-gap-default\">\n\t\t\t\t\t<div class=\"elementor-column elementor-col-100 elementor-top-column elementor-element elementor-element-f06a050\" data-id=\"f06a050\" data-element_type=\"column\" data-e-type=\"column\">\n\t\t\t<div class=\"elementor-widget-wrap elementor-element-populated\">\n\t\t\t\t\t\t<div class=\"elementor-element elementor-element-8019667 elementor-widget elementor-widget-image\" data-id=\"8019667\" data-element_type=\"widget\" data-e-type=\"widget\" data-widget_type=\"image.default\">\n\t\t\t\t<div class=\"elementor-widget-container\">\n\t\t\t\t\t\t\t\t\t\t\t\t\t\t\t<img fetchpriority=\"high\" decoding=\"async\" width=\"240\" height=\"360\" src=\"https:\/\/www.cliniqueorl.com\/wp-content\/uploads\/2020\/05\/04_08.jpg\" class=\"attachment-large size-large wp-image-2053\" alt=\"facial paralysis\" srcset=\"https:\/\/www.cliniqueorl.com\/wp-content\/uploads\/2020\/05\/04_08.jpg 240w, https:\/\/www.cliniqueorl.com\/wp-content\/uploads\/2020\/05\/04_08-200x300.jpg 200w\" sizes=\"(max-width: 240px) 100vw, 240px\" title=\"04_08\" \/>\t\t\t\t\t\t\t\t\t\t\t\t\t\t\t<\/div>\n\t\t\t\t<\/div>\n\t\t\t\t\t<\/div>\n\t\t<\/div>\n\t\t\t\t\t<\/div>\n\t\t<\/section>\n\t\t\t\t<section class=\"elementor-section elementor-top-section elementor-element elementor-element-3ceff4c elementor-section-boxed elementor-section-height-default elementor-section-height-default\" data-id=\"3ceff4c\" data-element_type=\"section\" data-e-type=\"section\">\n\t\t\t\t\t\t<div class=\"elementor-container elementor-column-gap-default\">\n\t\t\t\t\t<div class=\"elementor-column elementor-col-100 elementor-top-column elementor-element elementor-element-0f99866\" data-id=\"0f99866\" data-element_type=\"column\" data-e-type=\"column\">\n\t\t\t<div class=\"elementor-widget-wrap elementor-element-populated\">\n\t\t\t\t\t\t<div class=\"elementor-element elementor-element-8c7add7 elementor-widget elementor-widget-text-editor\" data-id=\"8c7add7\" data-element_type=\"widget\" data-e-type=\"widget\" data-widget_type=\"text-editor.default\">\n\t\t\t\t<div class=\"elementor-widget-container\">\n\t\t\t\t\t\t\t\t\t<p>Facial paralysis or facial palsy is defined as decreased or absent movement of half of the face. When it happens abruptly, the priority is to rule out a stroke. Usually, when the forehead and eyebrows are affected (decreased movement) as well, a stroke is unlikely. Patients are usually evaluated by a family doctor or in the Emergency Department before being referred to Otolaryngology.<\/p>\n<p>Evaluation by an Otolaryngologist is essential for patients with facial paralysis. When they appear abruptly, the majority of facial paralyses are due to a viral infection (Bell\u2019s palsy or Ramsay-Hunt syndrome). Certain more rare cases can be due to inflammatory or infectious diseases of the ear or salivary glands, or tumors of the facial nerve at its exit from the brainstem. When facial palsy is due to Bell\u2019s palsy or Ramsay-Hunt syndrome, the treatment is oral steroids and oral antivirals, as well as eye protection. When the eye does not close completely, this predisposes the patient to keratitis and irreversible vision loss. We suggest eye ointment at night and eye drops during the day.<\/p>\n<p>Once the acute paralysis is over, patients end up in one of two categories : flaccid facial palsy or hyperkinetic\/synkinetic facial palsy.<\/p>\n<p>Flaccid facial palsy is defined by complete loss of tone in the face. The treatment is to reverse the cause if known (if it is a tumor it must be treated) and then to proceed with facial reanimation. Our Otolaryngology specialists perform the extent of facial reanimation procedures, including brow-lifting, gold weight insertion, and smile reanimation.<\/p>\n<p>The second category of facial palsy is called hyperkinetic or synkinetic facial paralysis. After acute facial paralysis, the facial nerve can regrow in a disorganized fashion in the face resulting in unwanted movement in an area of the face. Sometimes, the eye can close during eating or speech, or the mouth will move when blinking the eye. Two proven treatments are recommended for this condition. Neuromuscular therapy, performed by a facial rehabilitation specialist (a speech pathologist in our case) will help teach the patient how to improve facial motor control. Treatment with botulinum toxin will weaken themuscles that move uncontrolably and soothe the patient\u2019s symptoms.<\/p>\n<p>The treatment of facial palsy involves the development of a long-term relationship with an ENT specialist that specializes in facial rehabilitation.<\/p>\t\t\t\t\t\t\t\t<\/div>\n\t\t\t\t<\/div>\n\t\t\t\t\t<\/div>\n\t\t<\/div>\n\t\t\t\t\t<\/div>\n\t\t<\/section>\n\t\t\t\t<\/div>","protected":false},"excerpt":{"rendered":"<p>L&rsquo;ORL, m\u00e9decin sp\u00e9cialiste de la paralysie faciale La paralysie faciale est d\u00e9finie comme un diminution ou absence de la mobilit\u00e9 de la moiti\u00e9 du visage. Lorsqu\u2019elle survient soudainement, la priorit\u00e9 est d\u2019\u00e9tablir si elle est d\u00fbe \u00e0 un AVC ou pas. Elle peut appara\u00eetre brusquement ou progressivement, mais en g\u00e9n\u00e9ral, lorsque le front et les [&hellip;]<\/p>\n","protected":false},"author":2,"featured_media":0,"parent":1877,"menu_order":0,"comment_status":"closed","ping_status":"closed","template":"","meta":{"footnotes":""},"class_list":["post-1900","page","type-page","status-publish","hentry"],"_links":{"self":[{"href":"https:\/\/www.cliniqueorl.com\/en\/wp-json\/wp\/v2\/pages\/1900","targetHints":{"allow":["GET"]}}],"collection":[{"href":"https:\/\/www.cliniqueorl.com\/en\/wp-json\/wp\/v2\/pages"}],"about":[{"href":"https:\/\/www.cliniqueorl.com\/en\/wp-json\/wp\/v2\/types\/page"}],"author":[{"embeddable":true,"href":"https:\/\/www.cliniqueorl.com\/en\/wp-json\/wp\/v2\/users\/2"}],"replies":[{"embeddable":true,"href":"https:\/\/www.cliniqueorl.com\/en\/wp-json\/wp\/v2\/comments?post=1900"}],"version-history":[{"count":4,"href":"https:\/\/www.cliniqueorl.com\/en\/wp-json\/wp\/v2\/pages\/1900\/revisions"}],"predecessor-version":[{"id":2054,"href":"https:\/\/www.cliniqueorl.com\/en\/wp-json\/wp\/v2\/pages\/1900\/revisions\/2054"}],"up":[{"embeddable":true,"href":"https:\/\/www.cliniqueorl.com\/en\/wp-json\/wp\/v2\/pages\/1877"}],"wp:attachment":[{"href":"https:\/\/www.cliniqueorl.com\/en\/wp-json\/wp\/v2\/media?parent=1900"}],"curies":[{"name":"wp","href":"https:\/\/api.w.org\/{rel}","templated":true}]}}