{"id":1849,"date":"2020-05-08T12:40:36","date_gmt":"2020-05-08T12:40:36","guid":{"rendered":"https:\/\/www.cliniqueorl.com\/?page_id=1849"},"modified":"2020-05-08T21:47:01","modified_gmt":"2020-05-08T21:47:01","slug":"saignements-de-nez","status":"publish","type":"page","link":"https:\/\/www.cliniqueorl.com\/en\/nez\/saignements-de-nez\/","title":{"rendered":"Nosebleeds \/ epistaxis"},"content":{"rendered":"<div data-elementor-type=\"wp-page\" data-elementor-id=\"1849\" class=\"elementor elementor-1849\" data-elementor-post-type=\"page\">\n\t\t\t\t\t\t<section class=\"elementor-section elementor-top-section elementor-element elementor-element-c3d0936 elementor-section-boxed elementor-section-height-default elementor-section-height-default\" data-id=\"c3d0936\" data-element_type=\"section\" data-e-type=\"section\">\n\t\t\t\t\t\t<div class=\"elementor-container elementor-column-gap-default\">\n\t\t\t\t\t<div class=\"elementor-column elementor-col-100 elementor-top-column elementor-element elementor-element-0fcc2a2\" data-id=\"0fcc2a2\" data-element_type=\"column\" data-e-type=\"column\">\n\t\t\t<div class=\"elementor-widget-wrap elementor-element-populated\">\n\t\t\t\t\t\t<div class=\"elementor-element elementor-element-1271e1b elementor-widget elementor-widget-heading\" data-id=\"1271e1b\" data-element_type=\"widget\" data-e-type=\"widget\" data-widget_type=\"heading.default\">\n\t\t\t\t<div class=\"elementor-widget-container\">\n\t\t\t\t\t<h2 class=\"elementor-heading-title elementor-size-default\">What to do when your nose is bleeding?<\/h2>\t\t\t\t<\/div>\n\t\t\t\t<\/div>\n\t\t\t\t\t<\/div>\n\t\t<\/div>\n\t\t\t\t\t<\/div>\n\t\t<\/section>\n\t\t\t\t<section class=\"elementor-section elementor-top-section elementor-element elementor-element-7eb053e elementor-section-boxed elementor-section-height-default elementor-section-height-default\" data-id=\"7eb053e\" data-element_type=\"section\" data-e-type=\"section\">\n\t\t\t\t\t\t<div class=\"elementor-container elementor-column-gap-default\">\n\t\t\t\t\t<div class=\"elementor-column elementor-col-100 elementor-top-column elementor-element elementor-element-32d6684\" data-id=\"32d6684\" data-element_type=\"column\" data-e-type=\"column\">\n\t\t\t<div class=\"elementor-widget-wrap elementor-element-populated\">\n\t\t\t\t\t\t<div class=\"elementor-element elementor-element-ab7193c elementor-widget elementor-widget-image\" data-id=\"ab7193c\" data-element_type=\"widget\" data-e-type=\"widget\" data-widget_type=\"image.default\">\n\t\t\t\t<div class=\"elementor-widget-container\">\n\t\t\t\t\t\t\t\t\t\t\t\t\t\t\t<img fetchpriority=\"high\" decoding=\"async\" width=\"940\" height=\"415\" src=\"https:\/\/www.cliniqueorl.com\/wp-content\/uploads\/2020\/05\/photo4-1024x452.jpeg\" class=\"attachment-large size-large wp-image-2088\" alt=\"Areas of bleeding\" srcset=\"https:\/\/www.cliniqueorl.com\/wp-content\/uploads\/2020\/05\/photo4-1024x452.jpeg 1024w, https:\/\/www.cliniqueorl.com\/wp-content\/uploads\/2020\/05\/photo4-300x133.jpeg 300w, https:\/\/www.cliniqueorl.com\/wp-content\/uploads\/2020\/05\/photo4-768x339.jpeg 768w, https:\/\/www.cliniqueorl.com\/wp-content\/uploads\/2020\/05\/photo4-1536x679.jpeg 1536w, https:\/\/www.cliniqueorl.com\/wp-content\/uploads\/2020\/05\/photo4.jpeg 1795w\" sizes=\"(max-width: 940px) 100vw, 940px\" title=\"photo4\" \/>\t\t\t\t\t\t\t\t\t\t\t\t\t\t\t<\/div>\n\t\t\t\t<\/div>\n\t\t\t\t\t<\/div>\n\t\t<\/div>\n\t\t\t\t\t<\/div>\n\t\t<\/section>\n\t\t\t\t<section class=\"elementor-section elementor-top-section elementor-element elementor-element-90704b1 elementor-section-boxed elementor-section-height-default elementor-section-height-default\" data-id=\"90704b1\" data-element_type=\"section\" data-e-type=\"section\">\n\t\t\t\t\t\t<div class=\"elementor-container elementor-column-gap-default\">\n\t\t\t\t\t<div class=\"elementor-column elementor-col-100 elementor-top-column elementor-element elementor-element-d1d2f2a\" data-id=\"d1d2f2a\" data-element_type=\"column\" data-e-type=\"column\">\n\t\t\t<div class=\"elementor-widget-wrap elementor-element-populated\">\n\t\t\t\t\t\t<div class=\"elementor-element elementor-element-5f0c063 elementor-widget elementor-widget-text-editor\" data-id=\"5f0c063\" data-element_type=\"widget\" data-e-type=\"widget\" data-widget_type=\"text-editor.default\">\n\t\t\t\t<div class=\"elementor-widget-container\">\n\t\t\t\t\t\t\t\t\t<p>The medical term for nosebleed is \"epistaxis\". Most often, bleeding comes from the front of the nose, where many small blood vessels near the surface of the nasal septum warm the air you inhale. In most cases, nosebleeds affect only one nostril, but if the problem is severe, blood can sometimes come from both nostrils (and even an eye).<\/p><p><br><\/p><p>Most nosebleeds can be easily controlled at home. You have to sit upright and lean your head forward to prevent the blood from sinking to the back of your throat. Swallowing blood may cause vomiting. With your thumb and your forefinger on the soft part of the nose, just below the bone bridge, pinch the nostrils for 10 minutes without interruption. Do not put anything in the nostril, but the use of a decongestant nasal spray (oxymetazoline or xylometazoline type) in the short term may help to cause a constriction of the blood vessel involved. To prevent the bleeding from happening again, do not hit your nose soon after. Do not bend down and avoid forcing during a few hours.<\/p><p><br><\/p><p>La plupart des saignements de nez mineurs peuvent \u00eatre facilement contr\u00f4l\u00e9s \u00e0 la maison. Ne vous \u00e9tendez pas. Asseyez-vous droit et penchez l\u00e9g\u00e8rement vos hanches en avant pour emp\u00eacher le sang de couler \u00e0 l\u2019arri\u00e8re de la gorge. Avaler du sang peut provoquer des vomissements. En mettant votre pouce et votre index sur la partie molle du nez, juste sous le pont osseux, pincez les narines pendant 10 minutes sans interruption. Ne mettez rien dans la narine, mais l\u2019utilisation d\u2019un spray nasal d\u00e9congestionnant \u00e0 court terme peut aider \u00e0 contracter le vaisseau coupable. Pour emp\u00eacher que le saignement recommence, ne vous mouchez pas rapidement apr\u00e8s. Ne vous penchez pas et \u00e9vitez les activit\u00e9s p\u00e9nibles, ainsi que les travaux lourds pendant quelques heures.<\/p><p><br><\/p><p>If self-treatment is not effective and if the bleeding persists for more than 20 minutes, or if a nose bleed is a result of a facial injury, you should see a doctor. Medical treatment of difficult nosebleeds may require cauterizing the bleeding vessel with a chemical such as silver nitrate or with electrocautery. Nasal packing is also an option.<\/p><p><br><\/p><p>Moistening the air you breathe or moistening the inside of the nose with a gel or with petroleum jelly can help prevent bleeding. Avoid intense bloating, sneeze with your mouth open and do not try to clear the nose with an object like a Q-tip.<\/p>\t\t\t\t\t\t\t\t<\/div>\n\t\t\t\t<\/div>\n\t\t\t\t\t<\/div>\n\t\t<\/div>\n\t\t\t\t\t<\/div>\n\t\t<\/section>\n\t\t\t\t<\/div>","protected":false},"excerpt":{"rendered":"<p>Que faire lorsqu&rsquo;on saigne du nez? Le plus souvent, les saignements proviennent de l\u2019avant du nez, o\u00f9 de nombreux petits vaisseaux sanguins pr\u00e8s de la surface de la cloison nasale (tissu qui s\u00e9pare les deux narines) r\u00e9chauffent l\u2019air que vous inhalez. Ces saignements ant\u00e9rieurs sont aga\u00e7ants, peuvent \u00eatre fr\u00e9quents et effrayants, produisant parfois plusieurs onces [&hellip;]<\/p>\n","protected":false},"author":2,"featured_media":0,"parent":1373,"menu_order":0,"comment_status":"closed","ping_status":"closed","template":"","meta":{"footnotes":""},"class_list":["post-1849","page","type-page","status-publish","hentry"],"_links":{"self":[{"href":"https:\/\/www.cliniqueorl.com\/en\/wp-json\/wp\/v2\/pages\/1849","targetHints":{"allow":["GET"]}}],"collection":[{"href":"https:\/\/www.cliniqueorl.com\/en\/wp-json\/wp\/v2\/pages"}],"about":[{"href":"https:\/\/www.cliniqueorl.com\/en\/wp-json\/wp\/v2\/types\/page"}],"author":[{"embeddable":true,"href":"https:\/\/www.cliniqueorl.com\/en\/wp-json\/wp\/v2\/users\/2"}],"replies":[{"embeddable":true,"href":"https:\/\/www.cliniqueorl.com\/en\/wp-json\/wp\/v2\/comments?post=1849"}],"version-history":[{"count":4,"href":"https:\/\/www.cliniqueorl.com\/en\/wp-json\/wp\/v2\/pages\/1849\/revisions"}],"predecessor-version":[{"id":2089,"href":"https:\/\/www.cliniqueorl.com\/en\/wp-json\/wp\/v2\/pages\/1849\/revisions\/2089"}],"up":[{"embeddable":true,"href":"https:\/\/www.cliniqueorl.com\/en\/wp-json\/wp\/v2\/pages\/1373"}],"wp:attachment":[{"href":"https:\/\/www.cliniqueorl.com\/en\/wp-json\/wp\/v2\/media?parent=1849"}],"curies":[{"name":"wp","href":"https:\/\/api.w.org\/{rel}","templated":true}]}}