{"id":1844,"date":"2020-05-08T12:34:23","date_gmt":"2020-05-08T12:34:23","guid":{"rendered":"https:\/\/www.cliniqueorl.com\/?page_id=1844"},"modified":"2020-05-08T21:42:34","modified_gmt":"2020-05-08T21:42:34","slug":"congestion-nasale","status":"publish","type":"page","link":"https:\/\/www.cliniqueorl.com\/en\/nez\/congestion-nasale\/","title":{"rendered":"Nasal congestion"},"content":{"rendered":"<div data-elementor-type=\"wp-page\" data-elementor-id=\"1844\" class=\"elementor elementor-1844\" data-elementor-post-type=\"page\">\n\t\t\t\t\t\t<section class=\"elementor-section elementor-top-section elementor-element elementor-element-0fded74 elementor-section-boxed elementor-section-height-default elementor-section-height-default\" data-id=\"0fded74\" data-element_type=\"section\" data-e-type=\"section\">\n\t\t\t\t\t\t<div class=\"elementor-container elementor-column-gap-default\">\n\t\t\t\t\t<div class=\"elementor-column elementor-col-100 elementor-top-column elementor-element elementor-element-8cfd059\" data-id=\"8cfd059\" data-element_type=\"column\" data-e-type=\"column\">\n\t\t\t<div class=\"elementor-widget-wrap elementor-element-populated\">\n\t\t\t\t\t\t<div class=\"elementor-element elementor-element-f989d2f elementor-widget elementor-widget-heading\" data-id=\"f989d2f\" data-element_type=\"widget\" data-e-type=\"widget\" data-widget_type=\"heading.default\">\n\t\t\t\t<div class=\"elementor-widget-container\">\n\t\t\t\t\t<h2 class=\"elementor-heading-title elementor-size-default\">Nasal congestion: what to do?<\/h2>\t\t\t\t<\/div>\n\t\t\t\t<\/div>\n\t\t\t\t\t<\/div>\n\t\t<\/div>\n\t\t\t\t\t<\/div>\n\t\t<\/section>\n\t\t\t\t<section class=\"elementor-section elementor-top-section elementor-element elementor-element-ef2b5f9 elementor-section-boxed elementor-section-height-default elementor-section-height-default\" data-id=\"ef2b5f9\" data-element_type=\"section\" data-e-type=\"section\">\n\t\t\t\t\t\t<div class=\"elementor-container elementor-column-gap-default\">\n\t\t\t\t\t<div class=\"elementor-column elementor-col-100 elementor-top-column elementor-element elementor-element-1f7fc54\" data-id=\"1f7fc54\" data-element_type=\"column\" data-e-type=\"column\">\n\t\t\t<div class=\"elementor-widget-wrap elementor-element-populated\">\n\t\t\t\t\t\t<div class=\"elementor-element elementor-element-75081f0 elementor-widget elementor-widget-image\" data-id=\"75081f0\" data-element_type=\"widget\" data-e-type=\"widget\" data-widget_type=\"image.default\">\n\t\t\t\t<div class=\"elementor-widget-container\">\n\t\t\t\t\t\t\t\t\t\t\t\t\t\t\t<img fetchpriority=\"high\" decoding=\"async\" width=\"940\" height=\"940\" src=\"https:\/\/www.cliniqueorl.com\/wp-content\/uploads\/2020\/05\/5-e1589127165934-1024x1024.png\" class=\"attachment-large size-large wp-image-2080\" alt=\"blocked nose\" srcset=\"https:\/\/www.cliniqueorl.com\/wp-content\/uploads\/2020\/05\/5-e1589127165934-1024x1024.png 1024w, https:\/\/www.cliniqueorl.com\/wp-content\/uploads\/2020\/05\/5-e1589127165934-300x300.png 300w, https:\/\/www.cliniqueorl.com\/wp-content\/uploads\/2020\/05\/5-e1589127165934-150x150.png 150w, https:\/\/www.cliniqueorl.com\/wp-content\/uploads\/2020\/05\/5-e1589127165934-768x768.png 768w, https:\/\/www.cliniqueorl.com\/wp-content\/uploads\/2020\/05\/5-e1589127165934.png 1500w\" sizes=\"(max-width: 940px) 100vw, 940px\" title=\"5\" \/>\t\t\t\t\t\t\t\t\t\t\t\t\t\t\t<\/div>\n\t\t\t\t<\/div>\n\t\t\t\t\t<\/div>\n\t\t<\/div>\n\t\t\t\t\t<\/div>\n\t\t<\/section>\n\t\t\t\t<section class=\"elementor-section elementor-top-section elementor-element elementor-element-928605a elementor-section-boxed elementor-section-height-default elementor-section-height-default\" data-id=\"928605a\" data-element_type=\"section\" data-e-type=\"section\">\n\t\t\t\t\t\t<div class=\"elementor-container elementor-column-gap-default\">\n\t\t\t\t\t<div class=\"elementor-column elementor-col-100 elementor-top-column elementor-element elementor-element-96ab057\" data-id=\"96ab057\" data-element_type=\"column\" data-e-type=\"column\">\n\t\t\t<div class=\"elementor-widget-wrap elementor-element-populated\">\n\t\t\t\t\t\t<div class=\"elementor-element elementor-element-8b9e7b1 elementor-widget elementor-widget-text-editor\" data-id=\"8b9e7b1\" data-element_type=\"widget\" data-e-type=\"widget\" data-widget_type=\"text-editor.default\">\n\t\t\t\t<div class=\"elementor-widget-container\">\n\t\t\t\t\t\t\t\t\t<p>Nasal congestion, or obstruction, can be acute (sudden) or chronic (long-standing). Congestion refers to a waxing and waning phenomenon, whereas obstruction is constant.<\/p><p><br><\/p><p>The sudden appearance of congestion can be due to changes in temperature, a viral infection, allergies, or sudden exposure to inhaled irritants.&nbsp;<\/p><p><br><\/p><p>Progressive deterioration of nasal breathing over time can be due to allergies or chronic inflammation, nasal polyps or chronic sinusitis. Long-standing nasal obstruction, particularly after a trauma, can be caused by septal deviation, enlarged turbinates, or a nasal valve problem.&nbsp;<\/p><p><br><\/p><p>Evaluation by an ENT surgeon is essential to determine the cause of your nasal obstruction. The evaluation starts with a complete questionnaire and a physical examination that incluses nasal endoscopy (with a camera). Your doctor may also send you to do additional tests such as allergy testing or a CT scan of your sinuses.<\/p><p><br><\/p><p>Treatments vary depending on the cause, and can include nasal steroids, allergy desensitisation, nasal strips or cones, saline rinses, antibiotics, oral steroids, or different types of surgery.<\/p><div><br><\/div>\t\t\t\t\t\t\t\t<\/div>\n\t\t\t\t<\/div>\n\t\t\t\t\t<\/div>\n\t\t<\/div>\n\t\t\t\t\t<\/div>\n\t\t<\/section>\n\t\t\t\t<\/div>","protected":false},"excerpt":{"rendered":"<p>Congestion nasale: que faire? La congestion, ou l\u2019obstruction, nasale peut \u00eatre aigue (soudaine) ou chronique (de longue date). La congestion fait r\u00e9f\u00e9rence \u00e0 un ph\u00e9nom\u00e8ne qui va et qui vient, alors que l\u2019obstruction est plut\u00f4t un ph\u00e9nom\u00e8ne constant. L\u2019apparition soudaine de la congestion nasale peut \u00eatre due au froid ou \u00e0 une infection virale, \u00e0 [&hellip;]<\/p>\n","protected":false},"author":2,"featured_media":0,"parent":1373,"menu_order":0,"comment_status":"closed","ping_status":"closed","template":"","meta":{"footnotes":""},"class_list":["post-1844","page","type-page","status-publish","hentry"],"_links":{"self":[{"href":"https:\/\/www.cliniqueorl.com\/en\/wp-json\/wp\/v2\/pages\/1844","targetHints":{"allow":["GET"]}}],"collection":[{"href":"https:\/\/www.cliniqueorl.com\/en\/wp-json\/wp\/v2\/pages"}],"about":[{"href":"https:\/\/www.cliniqueorl.com\/en\/wp-json\/wp\/v2\/types\/page"}],"author":[{"embeddable":true,"href":"https:\/\/www.cliniqueorl.com\/en\/wp-json\/wp\/v2\/users\/2"}],"replies":[{"embeddable":true,"href":"https:\/\/www.cliniqueorl.com\/en\/wp-json\/wp\/v2\/comments?post=1844"}],"version-history":[{"count":3,"href":"https:\/\/www.cliniqueorl.com\/en\/wp-json\/wp\/v2\/pages\/1844\/revisions"}],"predecessor-version":[{"id":2082,"href":"https:\/\/www.cliniqueorl.com\/en\/wp-json\/wp\/v2\/pages\/1844\/revisions\/2082"}],"up":[{"embeddable":true,"href":"https:\/\/www.cliniqueorl.com\/en\/wp-json\/wp\/v2\/pages\/1373"}],"wp:attachment":[{"href":"https:\/\/www.cliniqueorl.com\/en\/wp-json\/wp\/v2\/media?parent=1844"}],"curies":[{"name":"wp","href":"https:\/\/api.w.org\/{rel}","templated":true}]}}