{"id":1827,"date":"2020-05-07T22:14:00","date_gmt":"2020-05-07T22:14:00","guid":{"rendered":"https:\/\/www.cliniqueorl.com\/?page_id=1827"},"modified":"2020-05-08T21:37:49","modified_gmt":"2020-05-08T21:37:49","slug":"infections-de-la-gorge","status":"publish","type":"page","link":"https:\/\/www.cliniqueorl.com\/en\/gorge-et-voix\/infections-de-la-gorge\/","title":{"rendered":"Throat infections"},"content":{"rendered":"<div data-elementor-type=\"wp-page\" data-elementor-id=\"1827\" class=\"elementor elementor-1827\" data-elementor-post-type=\"page\">\n\t\t\t\t\t\t<section class=\"elementor-section elementor-top-section elementor-element elementor-element-d577aaa elementor-section-boxed elementor-section-height-default elementor-section-height-default\" data-id=\"d577aaa\" data-element_type=\"section\" data-e-type=\"section\">\n\t\t\t\t\t\t<div class=\"elementor-container elementor-column-gap-default\">\n\t\t\t\t\t<div class=\"elementor-column elementor-col-100 elementor-top-column elementor-element elementor-element-753a5a5\" data-id=\"753a5a5\" data-element_type=\"column\" data-e-type=\"column\">\n\t\t\t<div class=\"elementor-widget-wrap elementor-element-populated\">\n\t\t\t\t\t\t<div class=\"elementor-element elementor-element-800d7c4 elementor-widget elementor-widget-heading\" data-id=\"800d7c4\" data-element_type=\"widget\" data-e-type=\"widget\" data-widget_type=\"heading.default\">\n\t\t\t\t<div class=\"elementor-widget-container\">\n\t\t\t\t\t<h2 class=\"elementor-heading-title elementor-size-default\">The ENT doctor specializes in throat infections<\/h2>\t\t\t\t<\/div>\n\t\t\t\t<\/div>\n\t\t\t\t\t<\/div>\n\t\t<\/div>\n\t\t\t\t\t<\/div>\n\t\t<\/section>\n\t\t\t\t<section class=\"elementor-section elementor-top-section elementor-element elementor-element-aaf18d8 elementor-section-boxed elementor-section-height-default elementor-section-height-default\" data-id=\"aaf18d8\" data-element_type=\"section\" data-e-type=\"section\">\n\t\t\t\t\t\t<div class=\"elementor-container elementor-column-gap-default\">\n\t\t\t\t\t<div class=\"elementor-column elementor-col-100 elementor-top-column elementor-element elementor-element-a3df3c2\" data-id=\"a3df3c2\" data-element_type=\"column\" data-e-type=\"column\">\n\t\t\t<div class=\"elementor-widget-wrap elementor-element-populated\">\n\t\t\t\t\t\t<div class=\"elementor-element elementor-element-cc89418 elementor-widget elementor-widget-image\" data-id=\"cc89418\" data-element_type=\"widget\" data-e-type=\"widget\" data-widget_type=\"image.default\">\n\t\t\t\t<div class=\"elementor-widget-container\">\n\t\t\t\t\t\t\t\t\t\t\t\t\t\t\t<img fetchpriority=\"high\" decoding=\"async\" width=\"940\" height=\"940\" src=\"https:\/\/www.cliniqueorl.com\/wp-content\/uploads\/2020\/05\/9-1024x1024.png\" class=\"attachment-large size-large wp-image-1643\" alt=\"LARYNGOLOGY\" srcset=\"https:\/\/www.cliniqueorl.com\/wp-content\/uploads\/2020\/05\/9-1024x1024.png 1024w, https:\/\/www.cliniqueorl.com\/wp-content\/uploads\/2020\/05\/9-300x300.png 300w, https:\/\/www.cliniqueorl.com\/wp-content\/uploads\/2020\/05\/9-150x150.png 150w, https:\/\/www.cliniqueorl.com\/wp-content\/uploads\/2020\/05\/9-768x768.png 768w, https:\/\/www.cliniqueorl.com\/wp-content\/uploads\/2020\/05\/9-1536x1536.png 1536w\" sizes=\"(max-width: 940px) 100vw, 940px\" title=\"9\" \/>\t\t\t\t\t\t\t\t\t\t\t\t\t\t\t<\/div>\n\t\t\t\t<\/div>\n\t\t\t\t\t<\/div>\n\t\t<\/div>\n\t\t\t\t\t<\/div>\n\t\t<\/section>\n\t\t\t\t<section class=\"elementor-section elementor-top-section elementor-element elementor-element-c436aa6 elementor-section-boxed elementor-section-height-default elementor-section-height-default\" data-id=\"c436aa6\" data-element_type=\"section\" data-e-type=\"section\">\n\t\t\t\t\t\t<div class=\"elementor-container elementor-column-gap-default\">\n\t\t\t\t\t<div class=\"elementor-column elementor-col-100 elementor-top-column elementor-element elementor-element-0fbfc89\" data-id=\"0fbfc89\" data-element_type=\"column\" data-e-type=\"column\">\n\t\t\t<div class=\"elementor-widget-wrap elementor-element-populated\">\n\t\t\t\t\t\t<div class=\"elementor-element elementor-element-bc83f8e elementor-widget elementor-widget-text-editor\" data-id=\"bc83f8e\" data-element_type=\"widget\" data-e-type=\"widget\" data-widget_type=\"text-editor.default\">\n\t\t\t\t<div class=\"elementor-widget-container\">\n\t\t\t\t\t\t\t\t\t<p>Throat infections can occur in children and in adults. We call them tonsillitis or pharyngitis : they are synonyms.<\/p><p>The symptoms are throat pain, with or without fever. The throat is red and inflamed, and we sometimes see exsudates on the tonsils The pain can be so severe that patients can have difficulty swallowing and eating.<\/p><p>The majority of throat infections are due to viruses. Rest and hydration take care of these infections within a few days.<\/p><p>In a small portion of cases, the infections are due to bacteria, most commonly beta-hemolytic group A streptococcus. The way we diagnose these is with a throat culture or a rapid strep test. In these cases, antibiotics can be necessary to clear the infection and avoid heart, kidney, and joint complications of this disease.<\/p><p>When the infection is very severe, a peritonsillar abscess can form. It is a pocket of pus around the tonsil that usually does not resolve with antibiotics : surgical drainage can be necessary.<\/p><p>When the infections are due to bacteria, and are repeated and severe, your doctor could recommend the removal of your tonsils<\/p><p>\u00a0<\/p><p><b>Guidelines<\/b><\/p><p><a href=\"https:\/\/www.inesss.qc.ca\/fileadmin\/doc\/CDM\/UsageOptimal\/Guides-serieI\/Guide-PharyngiteAmygdalite.pdf\" target=\"_blank\" rel=\"noopener\">INESSS<\/a><\/p>\t\t\t\t\t\t\t\t<\/div>\n\t\t\t\t<\/div>\n\t\t\t\t\t<\/div>\n\t\t<\/div>\n\t\t\t\t\t<\/div>\n\t\t<\/section>\n\t\t\t\t<\/div>","protected":false},"excerpt":{"rendered":"<p>L&rsquo;ORL, sp\u00e9cialiste des infections de la gorge Les infections \u00e0 la gorge peuvent survenir autant chez les adultes que chez les enfants. On les nomme pharyngite ou amygdalite : ce sont des synonymes. Les sympt\u00f4mes sont un mal de gorge qui peut \u00eatre associ\u00e9 \u00e0 de la fi\u00e8vre. La gorge \u00e0 l\u2019examen est souvent rouge [&hellip;]<\/p>\n","protected":false},"author":2,"featured_media":0,"parent":1389,"menu_order":0,"comment_status":"closed","ping_status":"closed","template":"","meta":{"footnotes":""},"class_list":["post-1827","page","type-page","status-publish","hentry"],"_links":{"self":[{"href":"https:\/\/www.cliniqueorl.com\/en\/wp-json\/wp\/v2\/pages\/1827","targetHints":{"allow":["GET"]}}],"collection":[{"href":"https:\/\/www.cliniqueorl.com\/en\/wp-json\/wp\/v2\/pages"}],"about":[{"href":"https:\/\/www.cliniqueorl.com\/en\/wp-json\/wp\/v2\/types\/page"}],"author":[{"embeddable":true,"href":"https:\/\/www.cliniqueorl.com\/en\/wp-json\/wp\/v2\/users\/2"}],"replies":[{"embeddable":true,"href":"https:\/\/www.cliniqueorl.com\/en\/wp-json\/wp\/v2\/comments?post=1827"}],"version-history":[{"count":3,"href":"https:\/\/www.cliniqueorl.com\/en\/wp-json\/wp\/v2\/pages\/1827\/revisions"}],"predecessor-version":[{"id":2070,"href":"https:\/\/www.cliniqueorl.com\/en\/wp-json\/wp\/v2\/pages\/1827\/revisions\/2070"}],"up":[{"embeddable":true,"href":"https:\/\/www.cliniqueorl.com\/en\/wp-json\/wp\/v2\/pages\/1389"}],"wp:attachment":[{"href":"https:\/\/www.cliniqueorl.com\/en\/wp-json\/wp\/v2\/media?parent=1827"}],"curies":[{"name":"wp","href":"https:\/\/api.w.org\/{rel}","templated":true}]}}