{"id":1824,"date":"2020-05-07T22:11:38","date_gmt":"2020-05-07T22:11:38","guid":{"rendered":"https:\/\/www.cliniqueorl.com\/?page_id=1824"},"modified":"2020-05-08T21:34:54","modified_gmt":"2020-05-08T21:34:54","slug":"cancer-de-la-gorge","status":"publish","type":"page","link":"https:\/\/www.cliniqueorl.com\/en\/gorge-et-voix\/cancer-de-la-gorge\/","title":{"rendered":"Throat cancer"},"content":{"rendered":"<div data-elementor-type=\"wp-page\" data-elementor-id=\"1824\" class=\"elementor elementor-1824\" data-elementor-post-type=\"page\">\n\t\t\t\t\t\t<section class=\"elementor-section elementor-top-section elementor-element elementor-element-d793071 elementor-section-boxed elementor-section-height-default elementor-section-height-default\" data-id=\"d793071\" data-element_type=\"section\" data-e-type=\"section\">\n\t\t\t\t\t\t<div class=\"elementor-container elementor-column-gap-default\">\n\t\t\t\t\t<div class=\"elementor-column elementor-col-100 elementor-top-column elementor-element elementor-element-ea1c2b5\" data-id=\"ea1c2b5\" data-element_type=\"column\" data-e-type=\"column\">\n\t\t\t<div class=\"elementor-widget-wrap elementor-element-populated\">\n\t\t\t\t\t\t<div class=\"elementor-element elementor-element-d4a789d elementor-widget elementor-widget-heading\" data-id=\"d4a789d\" data-element_type=\"widget\" data-e-type=\"widget\" data-widget_type=\"heading.default\">\n\t\t\t\t<div class=\"elementor-widget-container\">\n\t\t\t\t\t<h2 class=\"elementor-heading-title elementor-size-default\">Throat cancer screening<\/h2>\t\t\t\t<\/div>\n\t\t\t\t<\/div>\n\t\t\t\t\t<\/div>\n\t\t<\/div>\n\t\t\t\t\t<\/div>\n\t\t<\/section>\n\t\t\t\t<section class=\"elementor-section elementor-top-section elementor-element elementor-element-199e1d4 elementor-section-boxed elementor-section-height-default elementor-section-height-default\" data-id=\"199e1d4\" data-element_type=\"section\" data-e-type=\"section\">\n\t\t\t\t\t\t<div class=\"elementor-container elementor-column-gap-default\">\n\t\t\t\t\t<div class=\"elementor-column elementor-col-100 elementor-top-column elementor-element elementor-element-0e0f9b0\" data-id=\"0e0f9b0\" data-element_type=\"column\" data-e-type=\"column\">\n\t\t\t<div class=\"elementor-widget-wrap elementor-element-populated\">\n\t\t\t\t\t\t<div class=\"elementor-element elementor-element-031d502 elementor-widget elementor-widget-image\" data-id=\"031d502\" data-element_type=\"widget\" data-e-type=\"widget\" data-widget_type=\"image.default\">\n\t\t\t\t<div class=\"elementor-widget-container\">\n\t\t\t\t\t\t\t\t\t\t\t\t\t\t\t<img fetchpriority=\"high\" decoding=\"async\" width=\"940\" height=\"940\" src=\"https:\/\/www.cliniqueorl.com\/wp-content\/uploads\/2020\/05\/41-1024x1024.png\" class=\"attachment-large size-large wp-image-2067\" alt=\"throat cancer\" srcset=\"https:\/\/www.cliniqueorl.com\/wp-content\/uploads\/2020\/05\/41-1024x1024.png 1024w, https:\/\/www.cliniqueorl.com\/wp-content\/uploads\/2020\/05\/41-300x300.png 300w, https:\/\/www.cliniqueorl.com\/wp-content\/uploads\/2020\/05\/41-150x150.png 150w, https:\/\/www.cliniqueorl.com\/wp-content\/uploads\/2020\/05\/41-768x768.png 768w, https:\/\/www.cliniqueorl.com\/wp-content\/uploads\/2020\/05\/41-1536x1536.png 1536w\" sizes=\"(max-width: 940px) 100vw, 940px\" title=\"41\" \/>\t\t\t\t\t\t\t\t\t\t\t\t\t\t\t<\/div>\n\t\t\t\t<\/div>\n\t\t\t\t\t<\/div>\n\t\t<\/div>\n\t\t\t\t\t<\/div>\n\t\t<\/section>\n\t\t\t\t<section class=\"elementor-section elementor-top-section elementor-element elementor-element-3e3bcba elementor-section-boxed elementor-section-height-default elementor-section-height-default\" data-id=\"3e3bcba\" data-element_type=\"section\" data-e-type=\"section\">\n\t\t\t\t\t\t<div class=\"elementor-container elementor-column-gap-default\">\n\t\t\t\t\t<div class=\"elementor-column elementor-col-100 elementor-top-column elementor-element elementor-element-bba9d7c\" data-id=\"bba9d7c\" data-element_type=\"column\" data-e-type=\"column\">\n\t\t\t<div class=\"elementor-widget-wrap elementor-element-populated\">\n\t\t\t\t\t\t<div class=\"elementor-element elementor-element-0624850 elementor-widget elementor-widget-text-editor\" data-id=\"0624850\" data-element_type=\"widget\" data-e-type=\"widget\" data-widget_type=\"text-editor.default\">\n\t\t\t\t<div class=\"elementor-widget-container\">\n\t\t\t\t\t\t\t\t\t<p>Throat cancer or oral cancer refers to cancers in the upper digestive tract and airway. They include oral cavity, pharynx, and larynx cancers. The majority of these cancers are due to alcohol and smoking, but an increasing number is associated with human papillomavirus (HPV) that also causes cancer of the uterine cervix.<\/p>\n<p>The most common symptoms of throat cancer are voice change, persistant throat or ear pain, difficulty swallowing, a neck mass, a non-healing ulcer, weight loss and bleeding.<\/p>\n<p>A complete head and neck exam will usually reveal these cancers, but sometimes specialized imaging is necessary like scans. A biopsy proves the diagnosis. The treatment of these cancers is either surgical, or with radiation therapy. We sometimes add chemotherapy to the treatment regimen.<\/p>\n<p>Our ENT specialists will be able to screen you for throat cancer.<\/p>\t\t\t\t\t\t\t\t<\/div>\n\t\t\t\t<\/div>\n\t\t\t\t\t<\/div>\n\t\t<\/div>\n\t\t\t\t\t<\/div>\n\t\t<\/section>\n\t\t\t\t<\/div>","protected":false},"excerpt":{"rendered":"<p>D\u00e9pistage du cancer de la gorge Le cancer de la gorge fait r\u00e9f\u00e9rence aux cancers provenant des voies a\u00e9riennes et digestives sup\u00e9rieures. On parle de cancers de la cavit\u00e9 orale, du pharynx et du larynx. La majorit\u00e9 de ces cancers sont d\u00fbs \u00e0 l\u2019alcool et au tabac, mais de plus en plus de cancers mettent [&hellip;]<\/p>\n","protected":false},"author":2,"featured_media":0,"parent":1389,"menu_order":0,"comment_status":"closed","ping_status":"closed","template":"","meta":{"footnotes":""},"class_list":["post-1824","page","type-page","status-publish","hentry"],"_links":{"self":[{"href":"https:\/\/www.cliniqueorl.com\/en\/wp-json\/wp\/v2\/pages\/1824","targetHints":{"allow":["GET"]}}],"collection":[{"href":"https:\/\/www.cliniqueorl.com\/en\/wp-json\/wp\/v2\/pages"}],"about":[{"href":"https:\/\/www.cliniqueorl.com\/en\/wp-json\/wp\/v2\/types\/page"}],"author":[{"embeddable":true,"href":"https:\/\/www.cliniqueorl.com\/en\/wp-json\/wp\/v2\/users\/2"}],"replies":[{"embeddable":true,"href":"https:\/\/www.cliniqueorl.com\/en\/wp-json\/wp\/v2\/comments?post=1824"}],"version-history":[{"count":3,"href":"https:\/\/www.cliniqueorl.com\/en\/wp-json\/wp\/v2\/pages\/1824\/revisions"}],"predecessor-version":[{"id":2068,"href":"https:\/\/www.cliniqueorl.com\/en\/wp-json\/wp\/v2\/pages\/1824\/revisions\/2068"}],"up":[{"embeddable":true,"href":"https:\/\/www.cliniqueorl.com\/en\/wp-json\/wp\/v2\/pages\/1389"}],"wp:attachment":[{"href":"https:\/\/www.cliniqueorl.com\/en\/wp-json\/wp\/v2\/media?parent=1824"}],"curies":[{"name":"wp","href":"https:\/\/api.w.org\/{rel}","templated":true}]}}