{"id":1817,"date":"2020-05-07T22:08:44","date_gmt":"2020-05-07T22:08:44","guid":{"rendered":"https:\/\/www.cliniqueorl.com\/?page_id=1817"},"modified":"2020-05-08T21:40:33","modified_gmt":"2020-05-08T21:40:33","slug":"problemes-de-voix","status":"publish","type":"page","link":"https:\/\/www.cliniqueorl.com\/en\/gorge-et-voix\/problemes-de-voix\/","title":{"rendered":"Voice problems"},"content":{"rendered":"<div data-elementor-type=\"wp-page\" data-elementor-id=\"1817\" class=\"elementor elementor-1817\" data-elementor-post-type=\"page\">\n\t\t\t\t\t\t<section class=\"elementor-section elementor-top-section elementor-element elementor-element-12c22e9 elementor-section-boxed elementor-section-height-default elementor-section-height-default\" data-id=\"12c22e9\" data-element_type=\"section\" data-e-type=\"section\">\n\t\t\t\t\t\t<div class=\"elementor-container elementor-column-gap-default\">\n\t\t\t\t\t<div class=\"elementor-column elementor-col-100 elementor-top-column elementor-element elementor-element-97ec1d5\" data-id=\"97ec1d5\" data-element_type=\"column\" data-e-type=\"column\">\n\t\t\t<div class=\"elementor-widget-wrap elementor-element-populated\">\n\t\t\t\t\t\t<div class=\"elementor-element elementor-element-f552e8e elementor-widget elementor-widget-heading\" data-id=\"f552e8e\" data-element_type=\"widget\" data-e-type=\"widget\" data-widget_type=\"heading.default\">\n\t\t\t\t<div class=\"elementor-widget-container\">\n\t\t\t\t\t<h2 class=\"elementor-heading-title elementor-size-default\">The ENT doctor: specialist of the vocal cords<\/h2>\t\t\t\t<\/div>\n\t\t\t\t<\/div>\n\t\t\t\t\t<\/div>\n\t\t<\/div>\n\t\t\t\t\t<\/div>\n\t\t<\/section>\n\t\t\t\t<section class=\"elementor-section elementor-top-section elementor-element elementor-element-b00614f elementor-section-boxed elementor-section-height-default elementor-section-height-default\" data-id=\"b00614f\" data-element_type=\"section\" data-e-type=\"section\">\n\t\t\t\t\t\t<div class=\"elementor-container elementor-column-gap-default\">\n\t\t\t\t\t<div class=\"elementor-column elementor-col-100 elementor-top-column elementor-element elementor-element-815b631\" data-id=\"815b631\" data-element_type=\"column\" data-e-type=\"column\">\n\t\t\t<div class=\"elementor-widget-wrap elementor-element-populated\">\n\t\t\t\t\t\t<div class=\"elementor-element elementor-element-c56fe1e elementor-widget elementor-widget-image\" data-id=\"c56fe1e\" data-element_type=\"widget\" data-e-type=\"widget\" data-widget_type=\"image.default\">\n\t\t\t\t<div class=\"elementor-widget-container\">\n\t\t\t\t\t\t\t\t\t\t\t\t\t\t\t<img fetchpriority=\"high\" decoding=\"async\" width=\"940\" height=\"626\" src=\"https:\/\/www.cliniqueorl.com\/wp-content\/uploads\/2020\/05\/03_03-1024x682.jpg\" class=\"attachment-large size-large wp-image-2074\" alt=\"young boy screaming\" srcset=\"https:\/\/www.cliniqueorl.com\/wp-content\/uploads\/2020\/05\/03_03-1024x682.jpg 1024w, https:\/\/www.cliniqueorl.com\/wp-content\/uploads\/2020\/05\/03_03-300x200.jpg 300w, https:\/\/www.cliniqueorl.com\/wp-content\/uploads\/2020\/05\/03_03-768x512.jpg 768w, https:\/\/www.cliniqueorl.com\/wp-content\/uploads\/2020\/05\/03_03.jpg 1280w\" sizes=\"(max-width: 940px) 100vw, 940px\" title=\"03_03\" \/>\t\t\t\t\t\t\t\t\t\t\t\t\t\t\t<\/div>\n\t\t\t\t<\/div>\n\t\t\t\t\t<\/div>\n\t\t<\/div>\n\t\t\t\t\t<\/div>\n\t\t<\/section>\n\t\t\t\t<section class=\"elementor-section elementor-top-section elementor-element elementor-element-8dcefbd elementor-section-boxed elementor-section-height-default elementor-section-height-default\" data-id=\"8dcefbd\" data-element_type=\"section\" data-e-type=\"section\">\n\t\t\t\t\t\t<div class=\"elementor-container elementor-column-gap-default\">\n\t\t\t\t\t<div class=\"elementor-column elementor-col-100 elementor-top-column elementor-element elementor-element-4d66026\" data-id=\"4d66026\" data-element_type=\"column\" data-e-type=\"column\">\n\t\t\t<div class=\"elementor-widget-wrap elementor-element-populated\">\n\t\t\t\t\t\t<div class=\"elementor-element elementor-element-4606770 elementor-widget elementor-widget-text-editor\" data-id=\"4606770\" data-element_type=\"widget\" data-e-type=\"widget\" data-widget_type=\"text-editor.default\">\n\t\t\t\t<div class=\"elementor-widget-container\">\n\t\t\t\t\t\t\t\t\t<p>A change in the voice is called dysphonia. Dysphonia can be normal and transient during a respiratory infection, but dysphonia that persists more than two weeks should be evaluated by an Otolaryngologist.<\/p><p><br><\/p><p>Causes of dysphonia can be:<\/p><p>&#8211;<span style=\"white-space:pre\">\t<\/span>neurological, such as vocal cord paralysis<\/p><p>&#8211;<span style=\"white-space:pre\">\t<\/span>inflammatory, such as reflux or an infection<\/p><p>&#8211;<span style=\"white-space:pre\">\t<\/span>tumoral, such as nodules, polyps and sometimes cancers<\/p><p>&#8211;<span style=\"white-space:pre\">\t<\/span>traumatic<\/p><p><br><\/p><p>An ENT specialist will examine your vocal cords with a camera that goes in through your nose. Depending on the cause, sometimes the treatment is medication, sometimes speech therapy, and sometimes surgery.<\/p>\t\t\t\t\t\t\t\t<\/div>\n\t\t\t\t<\/div>\n\t\t\t\t\t<\/div>\n\t\t<\/div>\n\t\t\t\t\t<\/div>\n\t\t<\/section>\n\t\t\t\t<\/div>","protected":false},"excerpt":{"rendered":"<p>L&rsquo;ORL, sp\u00e9cialiste de la voix Le changement de la voix s\u2019appelle de la dysphonie. Un changement de la voix peut \u00eatre normal et transitoire pendant une infection respiratoire, mais une dysphonie persistante au-del\u00e0 de deux semaines doit \u00eatre \u00e9valu\u00e9e en ORL. Les causes peuvent \u00eatre : &#8211; neurologiques, comme une paralysie de cordes vocales &#8211; [&hellip;]<\/p>\n","protected":false},"author":2,"featured_media":0,"parent":1389,"menu_order":0,"comment_status":"closed","ping_status":"closed","template":"","meta":{"footnotes":""},"class_list":["post-1817","page","type-page","status-publish","hentry"],"_links":{"self":[{"href":"https:\/\/www.cliniqueorl.com\/en\/wp-json\/wp\/v2\/pages\/1817","targetHints":{"allow":["GET"]}}],"collection":[{"href":"https:\/\/www.cliniqueorl.com\/en\/wp-json\/wp\/v2\/pages"}],"about":[{"href":"https:\/\/www.cliniqueorl.com\/en\/wp-json\/wp\/v2\/types\/page"}],"author":[{"embeddable":true,"href":"https:\/\/www.cliniqueorl.com\/en\/wp-json\/wp\/v2\/users\/2"}],"replies":[{"embeddable":true,"href":"https:\/\/www.cliniqueorl.com\/en\/wp-json\/wp\/v2\/comments?post=1817"}],"version-history":[{"count":3,"href":"https:\/\/www.cliniqueorl.com\/en\/wp-json\/wp\/v2\/pages\/1817\/revisions"}],"predecessor-version":[{"id":2075,"href":"https:\/\/www.cliniqueorl.com\/en\/wp-json\/wp\/v2\/pages\/1817\/revisions\/2075"}],"up":[{"embeddable":true,"href":"https:\/\/www.cliniqueorl.com\/en\/wp-json\/wp\/v2\/pages\/1389"}],"wp:attachment":[{"href":"https:\/\/www.cliniqueorl.com\/en\/wp-json\/wp\/v2\/media?parent=1817"}],"curies":[{"name":"wp","href":"https:\/\/api.w.org\/{rel}","templated":true}]}}