{"id":1809,"date":"2020-05-07T22:05:06","date_gmt":"2020-05-07T22:05:06","guid":{"rendered":"https:\/\/www.cliniqueorl.com\/?page_id=1809"},"modified":"2020-05-08T21:40:54","modified_gmt":"2020-05-08T21:40:54","slug":"toux-chronique","status":"publish","type":"page","link":"https:\/\/www.cliniqueorl.com\/en\/gorge-et-voix\/toux-chronique\/","title":{"rendered":"Chronic cough"},"content":{"rendered":"<div data-elementor-type=\"wp-page\" data-elementor-id=\"1809\" class=\"elementor elementor-1809\" data-elementor-post-type=\"page\">\n\t\t\t\t\t\t<section class=\"elementor-section elementor-top-section elementor-element elementor-element-61c0423 elementor-section-boxed elementor-section-height-default elementor-section-height-default\" data-id=\"61c0423\" data-element_type=\"section\" data-e-type=\"section\">\n\t\t\t\t\t\t<div class=\"elementor-container elementor-column-gap-default\">\n\t\t\t\t\t<div class=\"elementor-column elementor-col-100 elementor-top-column elementor-element elementor-element-367b883\" data-id=\"367b883\" data-element_type=\"column\" data-e-type=\"column\">\n\t\t\t<div class=\"elementor-widget-wrap elementor-element-populated\">\n\t\t\t\t\t\t<div class=\"elementor-element elementor-element-7f240e5 elementor-widget elementor-widget-heading\" data-id=\"7f240e5\" data-element_type=\"widget\" data-e-type=\"widget\" data-widget_type=\"heading.default\">\n\t\t\t\t<div class=\"elementor-widget-container\">\n\t\t\t\t\t<h2 class=\"elementor-heading-title elementor-size-default\">Can I see an ENT for chronic cough?<\/h2>\t\t\t\t<\/div>\n\t\t\t\t<\/div>\n\t\t\t\t\t<\/div>\n\t\t<\/div>\n\t\t\t\t\t<\/div>\n\t\t<\/section>\n\t\t\t\t<section class=\"elementor-section elementor-top-section elementor-element elementor-element-e8fc063 elementor-section-boxed elementor-section-height-default elementor-section-height-default\" data-id=\"e8fc063\" data-element_type=\"section\" data-e-type=\"section\">\n\t\t\t\t\t\t<div class=\"elementor-container elementor-column-gap-default\">\n\t\t\t\t\t<div class=\"elementor-column elementor-col-100 elementor-top-column elementor-element elementor-element-3337ac7\" data-id=\"3337ac7\" data-element_type=\"column\" data-e-type=\"column\">\n\t\t\t<div class=\"elementor-widget-wrap elementor-element-populated\">\n\t\t\t\t\t\t<div class=\"elementor-element elementor-element-9bc38c8 elementor-widget elementor-widget-image\" data-id=\"9bc38c8\" data-element_type=\"widget\" data-e-type=\"widget\" data-widget_type=\"image.default\">\n\t\t\t\t<div class=\"elementor-widget-container\">\n\t\t\t\t\t\t\t\t\t\t\t\t\t\t\t<img fetchpriority=\"high\" decoding=\"async\" width=\"940\" height=\"626\" src=\"https:\/\/www.cliniqueorl.com\/wp-content\/uploads\/2020\/05\/03_01-1024x682.jpg\" class=\"attachment-large size-large wp-image-2076\" alt=\"woman coughing\" srcset=\"https:\/\/www.cliniqueorl.com\/wp-content\/uploads\/2020\/05\/03_01-1024x682.jpg 1024w, https:\/\/www.cliniqueorl.com\/wp-content\/uploads\/2020\/05\/03_01-300x200.jpg 300w, https:\/\/www.cliniqueorl.com\/wp-content\/uploads\/2020\/05\/03_01-768x512.jpg 768w, https:\/\/www.cliniqueorl.com\/wp-content\/uploads\/2020\/05\/03_01.jpg 1280w\" sizes=\"(max-width: 940px) 100vw, 940px\" title=\"03_01\" \/>\t\t\t\t\t\t\t\t\t\t\t\t\t\t\t<\/div>\n\t\t\t\t<\/div>\n\t\t\t\t\t<\/div>\n\t\t<\/div>\n\t\t\t\t\t<\/div>\n\t\t<\/section>\n\t\t\t\t<section class=\"elementor-section elementor-top-section elementor-element elementor-element-d617e33 elementor-section-boxed elementor-section-height-default elementor-section-height-default\" data-id=\"d617e33\" data-element_type=\"section\" data-e-type=\"section\">\n\t\t\t\t\t\t<div class=\"elementor-container elementor-column-gap-default\">\n\t\t\t\t\t<div class=\"elementor-column elementor-col-100 elementor-top-column elementor-element elementor-element-30b45b3\" data-id=\"30b45b3\" data-element_type=\"column\" data-e-type=\"column\">\n\t\t\t<div class=\"elementor-widget-wrap elementor-element-populated\">\n\t\t\t\t\t\t<div class=\"elementor-element elementor-element-7d2cf73 elementor-widget elementor-widget-text-editor\" data-id=\"7d2cf73\" data-element_type=\"widget\" data-e-type=\"widget\" data-widget_type=\"text-editor.default\">\n\t\t\t\t<div class=\"elementor-widget-container\">\n\t\t\t\t\t\t\t\t\t<p>Chronic cough, lasting for more than 2 months, is a complex problem that often requires a combined approach between an ENT and a pulmonary specialist (respirologist).\u00a0<\/p><p>\u00a0<\/p><p>Multiple problems can cause chronic cough:<\/p><p>&#8211;<span style=\"white-space: pre;\"> <\/span>chronic sinusitis<\/p><p>&#8211;<span style=\"white-space: pre;\"> <\/span>allergies and rhinitis<\/p><p>&#8211;<span style=\"white-space: pre;\"> <\/span>reflux laryngitis (stomach reflux going up to the throat)<\/p><p>&#8211;<span style=\"white-space: pre;\"> <\/span>laryngeal neuropathy<\/p><p>&#8211;<span style=\"white-space: pre;\"> <\/span>bronchial asthma<\/p><p>&#8211;<span style=\"white-space: pre;\"> <\/span>lung cancer<\/p><p>\u00a0<\/p><p>An ENT evaluation includes an endoscopic evaluation (with a camera) of the nose and throat to identify the ENT causes explaining chronic cough. It is possible that your ENT specialist will prescribe treatments for sinusitis or reflux if they think these contribute to your cough. However, often, a consultation with a respirologist will be necessary as well.<\/p>\t\t\t\t\t\t\t\t<\/div>\n\t\t\t\t<\/div>\n\t\t\t\t\t<\/div>\n\t\t<\/div>\n\t\t\t\t\t<\/div>\n\t\t<\/section>\n\t\t\t\t<\/div>","protected":false},"excerpt":{"rendered":"<p>Est-ce que je peux voir un ORL pour un probl\u00e8me de toux? La toux chronique, d\u2019une dur\u00e9e de plus de 2 mois, est un probl\u00e8me souvent complexe qui n\u00e9cessite une approche concert\u00e9e par un ORL et un pneumologue.\u00a0 \u00a0 Plusieurs probl\u00e8mes peuvent causer une toux chronique : &#8211; sinusite chronique &#8211; allergies et rhinite &#8211; [&hellip;]<\/p>\n","protected":false},"author":2,"featured_media":0,"parent":1389,"menu_order":0,"comment_status":"closed","ping_status":"closed","template":"","meta":{"footnotes":""},"class_list":["post-1809","page","type-page","status-publish","hentry"],"_links":{"self":[{"href":"https:\/\/www.cliniqueorl.com\/en\/wp-json\/wp\/v2\/pages\/1809","targetHints":{"allow":["GET"]}}],"collection":[{"href":"https:\/\/www.cliniqueorl.com\/en\/wp-json\/wp\/v2\/pages"}],"about":[{"href":"https:\/\/www.cliniqueorl.com\/en\/wp-json\/wp\/v2\/types\/page"}],"author":[{"embeddable":true,"href":"https:\/\/www.cliniqueorl.com\/en\/wp-json\/wp\/v2\/users\/2"}],"replies":[{"embeddable":true,"href":"https:\/\/www.cliniqueorl.com\/en\/wp-json\/wp\/v2\/comments?post=1809"}],"version-history":[{"count":5,"href":"https:\/\/www.cliniqueorl.com\/en\/wp-json\/wp\/v2\/pages\/1809\/revisions"}],"predecessor-version":[{"id":2077,"href":"https:\/\/www.cliniqueorl.com\/en\/wp-json\/wp\/v2\/pages\/1809\/revisions\/2077"}],"up":[{"embeddable":true,"href":"https:\/\/www.cliniqueorl.com\/en\/wp-json\/wp\/v2\/pages\/1389"}],"wp:attachment":[{"href":"https:\/\/www.cliniqueorl.com\/en\/wp-json\/wp\/v2\/media?parent=1809"}],"curies":[{"name":"wp","href":"https:\/\/api.w.org\/{rel}","templated":true}]}}