{"id":1806,"date":"2020-05-07T22:02:20","date_gmt":"2020-05-07T22:02:20","guid":{"rendered":"https:\/\/www.cliniqueorl.com\/?page_id=1806"},"modified":"2020-05-08T20:45:40","modified_gmt":"2020-05-08T20:45:40","slug":"brulure-dans-la-bouche-et-dans-la-gorge","status":"publish","type":"page","link":"https:\/\/www.cliniqueorl.com\/en\/gorge-et-voix\/brulure-dans-la-bouche-et-dans-la-gorge\/","title":{"rendered":"Burning in the mouth and throat"},"content":{"rendered":"<div data-elementor-type=\"wp-page\" data-elementor-id=\"1806\" class=\"elementor elementor-1806\" data-elementor-post-type=\"page\">\n\t\t\t\t\t\t<section class=\"elementor-section elementor-top-section elementor-element elementor-element-667cfbc elementor-section-boxed elementor-section-height-default elementor-section-height-default\" data-id=\"667cfbc\" data-element_type=\"section\" data-e-type=\"section\">\n\t\t\t\t\t\t<div class=\"elementor-container elementor-column-gap-default\">\n\t\t\t\t\t<div class=\"elementor-column elementor-col-100 elementor-top-column elementor-element elementor-element-7813750\" data-id=\"7813750\" data-element_type=\"column\" data-e-type=\"column\">\n\t\t\t<div class=\"elementor-widget-wrap elementor-element-populated\">\n\t\t\t\t\t\t<div class=\"elementor-element elementor-element-2a041e6 elementor-widget elementor-widget-heading\" data-id=\"2a041e6\" data-element_type=\"widget\" data-e-type=\"widget\" data-widget_type=\"heading.default\">\n\t\t\t\t<div class=\"elementor-widget-container\">\n\t\t\t\t\t<h2 class=\"elementor-heading-title elementor-size-default\">What to do when your mouth or throat are burning?<\/h2>\t\t\t\t<\/div>\n\t\t\t\t<\/div>\n\t\t\t\t\t<\/div>\n\t\t<\/div>\n\t\t\t\t\t<\/div>\n\t\t<\/section>\n\t\t\t\t<section class=\"elementor-section elementor-top-section elementor-element elementor-element-25b099a elementor-section-boxed elementor-section-height-default elementor-section-height-default\" data-id=\"25b099a\" data-element_type=\"section\" data-e-type=\"section\">\n\t\t\t\t\t\t<div class=\"elementor-container elementor-column-gap-default\">\n\t\t\t\t\t<div class=\"elementor-column elementor-col-100 elementor-top-column elementor-element elementor-element-06442f6\" data-id=\"06442f6\" data-element_type=\"column\" data-e-type=\"column\">\n\t\t\t<div class=\"elementor-widget-wrap elementor-element-populated\">\n\t\t\t\t\t\t<div class=\"elementor-element elementor-element-d3fc2fe elementor-widget elementor-widget-image\" data-id=\"d3fc2fe\" data-element_type=\"widget\" data-e-type=\"widget\" data-widget_type=\"image.default\">\n\t\t\t\t<div class=\"elementor-widget-container\">\n\t\t\t\t\t\t\t\t\t\t\t\t\t\t\t<img fetchpriority=\"high\" decoding=\"async\" width=\"724\" height=\"453\" src=\"https:\/\/www.cliniqueorl.com\/wp-content\/uploads\/2020\/05\/03_05.jpg\" class=\"attachment-large size-large wp-image-2061\" alt=\"Burning throat\" srcset=\"https:\/\/www.cliniqueorl.com\/wp-content\/uploads\/2020\/05\/03_05.jpg 724w, https:\/\/www.cliniqueorl.com\/wp-content\/uploads\/2020\/05\/03_05-300x188.jpg 300w\" sizes=\"(max-width: 724px) 100vw, 724px\" title=\"03_05\" \/>\t\t\t\t\t\t\t\t\t\t\t\t\t\t\t<\/div>\n\t\t\t\t<\/div>\n\t\t\t\t\t<\/div>\n\t\t<\/div>\n\t\t\t\t\t<\/div>\n\t\t<\/section>\n\t\t\t\t<section class=\"elementor-section elementor-top-section elementor-element elementor-element-8558f1a elementor-section-boxed elementor-section-height-default elementor-section-height-default\" data-id=\"8558f1a\" data-element_type=\"section\" data-e-type=\"section\">\n\t\t\t\t\t\t<div class=\"elementor-container elementor-column-gap-default\">\n\t\t\t\t\t<div class=\"elementor-column elementor-col-100 elementor-top-column elementor-element elementor-element-9fa9986\" data-id=\"9fa9986\" data-element_type=\"column\" data-e-type=\"column\">\n\t\t\t<div class=\"elementor-widget-wrap elementor-element-populated\">\n\t\t\t\t\t\t<div class=\"elementor-element elementor-element-27fa207 elementor-widget elementor-widget-text-editor\" data-id=\"27fa207\" data-element_type=\"widget\" data-e-type=\"widget\" data-widget_type=\"text-editor.default\">\n\t\t\t\t<div class=\"elementor-widget-container\">\n\t\t\t\t\t\t\t\t\t<p>A burning sensation in the mouth or throat can be explained by multiple diseases, and an evaluation by one of our ENT specialists could help you find the cause.<\/p><p>Some infectious causes, like a Candida infection, can cause burning. Stomach acid traveling towards the throat or mouth can explain it sometimes as well. It is important to rule out mouth or throat tumors or cancers that could present themselves as burning. Burning can sometimes be due to anemia, diabetes or thyroid problems, so talking to your family doctor beforehand can be helpful.<\/p><p>An examination by one of our specialists, which includes an endoscopic evaluation of your throat, can help decide how to treat you or which additional tests you might require.<\/p>\t\t\t\t\t\t\t\t<\/div>\n\t\t\t\t<\/div>\n\t\t\t\t\t<\/div>\n\t\t<\/div>\n\t\t\t\t\t<\/div>\n\t\t<\/section>\n\t\t\t\t<\/div>","protected":false},"excerpt":{"rendered":"<p>Que faire avec une gorge ou une bouche qui br\u00fble? Une sensation de brul\u00fbre au niveau de la bouche ou de la gorge peut \u00eatre expliqu\u00e9e par plusieurs maladies, et une \u00e9valuation par nos sp\u00e9cialistes ORL peut vous aider \u00e0 en trouver la cause. Certaines causes infectieuses, comme une infection \u00e0 Candida au niveau de [&hellip;]<\/p>\n","protected":false},"author":2,"featured_media":0,"parent":1389,"menu_order":0,"comment_status":"closed","ping_status":"closed","template":"","meta":{"footnotes":""},"class_list":["post-1806","page","type-page","status-publish","hentry"],"_links":{"self":[{"href":"https:\/\/www.cliniqueorl.com\/en\/wp-json\/wp\/v2\/pages\/1806","targetHints":{"allow":["GET"]}}],"collection":[{"href":"https:\/\/www.cliniqueorl.com\/en\/wp-json\/wp\/v2\/pages"}],"about":[{"href":"https:\/\/www.cliniqueorl.com\/en\/wp-json\/wp\/v2\/types\/page"}],"author":[{"embeddable":true,"href":"https:\/\/www.cliniqueorl.com\/en\/wp-json\/wp\/v2\/users\/2"}],"replies":[{"embeddable":true,"href":"https:\/\/www.cliniqueorl.com\/en\/wp-json\/wp\/v2\/comments?post=1806"}],"version-history":[{"count":3,"href":"https:\/\/www.cliniqueorl.com\/en\/wp-json\/wp\/v2\/pages\/1806\/revisions"}],"predecessor-version":[{"id":2062,"href":"https:\/\/www.cliniqueorl.com\/en\/wp-json\/wp\/v2\/pages\/1806\/revisions\/2062"}],"up":[{"embeddable":true,"href":"https:\/\/www.cliniqueorl.com\/en\/wp-json\/wp\/v2\/pages\/1389"}],"wp:attachment":[{"href":"https:\/\/www.cliniqueorl.com\/en\/wp-json\/wp\/v2\/media?parent=1806"}],"curies":[{"name":"wp","href":"https:\/\/api.w.org\/{rel}","templated":true}]}}