{"id":1614,"date":"2020-05-06T20:22:49","date_gmt":"2020-05-06T20:22:49","guid":{"rendered":"https:\/\/www.cliniqueorl.com\/?page_id=1614"},"modified":"2020-05-08T21:57:05","modified_gmt":"2020-05-08T21:57:05","slug":"oreille-decollee-enfant","status":"publish","type":"page","link":"https:\/\/www.cliniqueorl.com\/en\/orl-pediatrique\/oreille-decollee-enfant\/","title":{"rendered":"Ear pinning for prominent ears"},"content":{"rendered":"<div data-elementor-type=\"wp-page\" data-elementor-id=\"1614\" class=\"elementor elementor-1614\" data-elementor-post-type=\"page\">\n\t\t\t\t\t\t<section class=\"elementor-section elementor-top-section elementor-element elementor-element-7bf17fb elementor-section-boxed elementor-section-height-default elementor-section-height-default\" data-id=\"7bf17fb\" data-element_type=\"section\" data-e-type=\"section\">\n\t\t\t\t\t\t<div class=\"elementor-container elementor-column-gap-default\">\n\t\t\t\t\t<div class=\"elementor-column elementor-col-100 elementor-top-column elementor-element elementor-element-b940fa3\" data-id=\"b940fa3\" data-element_type=\"column\" data-e-type=\"column\">\n\t\t\t<div class=\"elementor-widget-wrap elementor-element-populated\">\n\t\t\t\t\t\t<div class=\"elementor-element elementor-element-8b9e8a9 elementor-widget elementor-widget-heading\" data-id=\"8b9e8a9\" data-element_type=\"widget\" data-e-type=\"widget\" data-widget_type=\"heading.default\">\n\t\t\t\t<div class=\"elementor-widget-container\">\n\t\t\t\t\t<h2 class=\"elementor-heading-title elementor-size-default\">The ENT surgeon, your specialist for prominent ears<\/h2>\t\t\t\t<\/div>\n\t\t\t\t<\/div>\n\t\t\t\t\t<\/div>\n\t\t<\/div>\n\t\t\t\t\t<\/div>\n\t\t<\/section>\n\t\t\t\t<section class=\"elementor-section elementor-top-section elementor-element elementor-element-2baf280b elementor-section-boxed elementor-section-height-default elementor-section-height-default\" data-id=\"2baf280b\" data-element_type=\"section\" data-e-type=\"section\">\n\t\t\t\t\t\t<div class=\"elementor-container elementor-column-gap-extended\">\n\t\t\t\t\t<div class=\"elementor-column elementor-col-100 elementor-top-column elementor-element elementor-element-157f7787\" data-id=\"157f7787\" data-element_type=\"column\" data-e-type=\"column\">\n\t\t\t<div class=\"elementor-widget-wrap elementor-element-populated\">\n\t\t\t\t\t\t<div class=\"elementor-element elementor-element-5defad98 elementor-widget elementor-widget-text-editor\" data-id=\"5defad98\" data-element_type=\"widget\" data-e-type=\"widget\" data-widget_type=\"text-editor.default\">\n\t\t\t\t<div class=\"elementor-widget-container\">\n\t\t\t\t\t\t\t\t\t<p>The medical term for prominent ears is \"prominauris\". At the Clinic ORL de Mont\u00e9al, our surgeons are specialized in otoplasty (ear pinning surgery) for children. It will be a pleasure for them to take car eof your children. We are a simple phone call away.<\/p>\t\t\t\t\t\t\t\t<\/div>\n\t\t\t\t<\/div>\n\t\t\t\t<div class=\"elementor-element elementor-element-11b735e6 elementor-widget elementor-widget-heading\" data-id=\"11b735e6\" data-element_type=\"widget\" data-e-type=\"widget\" data-widget_type=\"heading.default\">\n\t\t\t\t<div class=\"elementor-widget-container\">\n\t\t\t\t\t<h1 class=\"elementor-heading-title elementor-size-default\">Otoplasty or ear pinning surgery<\/h1>\t\t\t\t<\/div>\n\t\t\t\t<\/div>\n\t\t\t\t<div class=\"elementor-element elementor-element-3d511906 elementor-widget elementor-widget-text-editor\" data-id=\"3d511906\" data-element_type=\"widget\" data-e-type=\"widget\" data-widget_type=\"text-editor.default\">\n\t\t\t\t<div class=\"elementor-widget-container\">\n\t\t\t\t\t\t\t\t\t<p>The most common pediatric facial plastic surgery procedure that we practice is surgery to correct the prominent ears. This procedure is covered by Quebec health insurance for children under 18. Surgery lasts about 2 hours, is a day surgery, with a recovery time of 5-7 days at home.\n\nWe also correct burns or scars on the face or neck.<\/p>\t\t\t\t\t\t\t\t<\/div>\n\t\t\t\t<\/div>\n\t\t\t\t<div class=\"elementor-element elementor-element-76f4bcd5 elementor-widget elementor-widget-image\" data-id=\"76f4bcd5\" data-element_type=\"widget\" data-e-type=\"widget\" data-widget_type=\"image.default\">\n\t\t\t\t<div class=\"elementor-widget-container\">\n\t\t\t\t\t\t\t\t\t\t\t\t\t\t\t<img fetchpriority=\"high\" decoding=\"async\" width=\"940\" height=\"430\" src=\"https:\/\/www.cliniqueorl.com\/wp-content\/uploads\/2020\/05\/04_05-1024x468.jpg\" class=\"attachment-large size-large wp-image-1616\" alt=\"orl pediatrique pour enfant avec les oreilles decollees\" srcset=\"https:\/\/www.cliniqueorl.com\/wp-content\/uploads\/2020\/05\/04_05-1024x468.jpg 1024w, https:\/\/www.cliniqueorl.com\/wp-content\/uploads\/2020\/05\/04_05-300x137.jpg 300w, https:\/\/www.cliniqueorl.com\/wp-content\/uploads\/2020\/05\/04_05-768x351.jpg 768w, https:\/\/www.cliniqueorl.com\/wp-content\/uploads\/2020\/05\/04_05-1536x702.jpg 1536w\" sizes=\"(max-width: 940px) 100vw, 940px\" title=\"oreilles decollees enfant\" \/>\t\t\t\t\t\t\t\t\t\t\t\t\t\t\t<\/div>\n\t\t\t\t<\/div>\n\t\t\t\t<div class=\"elementor-element elementor-element-7433a671 elementor-widget elementor-widget-spacer\" data-id=\"7433a671\" data-element_type=\"widget\" data-e-type=\"widget\" data-widget_type=\"spacer.default\">\n\t\t\t\t<div class=\"elementor-widget-container\">\n\t\t\t\t\t\t\t<div class=\"elementor-spacer\">\n\t\t\t<div class=\"elementor-spacer-inner\"><\/div>\n\t\t<\/div>\n\t\t\t\t\t\t<\/div>\n\t\t\t\t<\/div>\n\t\t\t\t\t<\/div>\n\t\t<\/div>\n\t\t\t\t\t<\/div>\n\t\t<\/section>\n\t\t\t\t<\/div>","protected":false},"excerpt":{"rendered":"<p>L&rsquo;ORL, sp\u00e9cialiste des oreilles d\u00e9coll\u00e9es (prominauris) Le terme m\u00e9dical pour les oreilles d\u00e9coll\u00e9es est prominauris. \u00c0 la Clinique ORL de Montr\u00e9al, nos m\u00e9decins ORL sp\u00e9cialis\u00e9s en otoplastie (chirurgie des oreilles d\u00e9coll\u00e9es) se feront un plaisir de soigner votre enfant. Un appel suffit pour rencontrer un de nos sp\u00e9cialistes. Otoplastie ou cure de prominauris La chirurgie [&hellip;]<\/p>\n","protected":false},"author":2,"featured_media":0,"parent":1606,"menu_order":0,"comment_status":"closed","ping_status":"closed","template":"","meta":{"footnotes":""},"class_list":["post-1614","page","type-page","status-publish","hentry"],"_links":{"self":[{"href":"https:\/\/www.cliniqueorl.com\/en\/wp-json\/wp\/v2\/pages\/1614","targetHints":{"allow":["GET"]}}],"collection":[{"href":"https:\/\/www.cliniqueorl.com\/en\/wp-json\/wp\/v2\/pages"}],"about":[{"href":"https:\/\/www.cliniqueorl.com\/en\/wp-json\/wp\/v2\/types\/page"}],"author":[{"embeddable":true,"href":"https:\/\/www.cliniqueorl.com\/en\/wp-json\/wp\/v2\/users\/2"}],"replies":[{"embeddable":true,"href":"https:\/\/www.cliniqueorl.com\/en\/wp-json\/wp\/v2\/comments?post=1614"}],"version-history":[{"count":7,"href":"https:\/\/www.cliniqueorl.com\/en\/wp-json\/wp\/v2\/pages\/1614\/revisions"}],"predecessor-version":[{"id":2100,"href":"https:\/\/www.cliniqueorl.com\/en\/wp-json\/wp\/v2\/pages\/1614\/revisions\/2100"}],"up":[{"embeddable":true,"href":"https:\/\/www.cliniqueorl.com\/en\/wp-json\/wp\/v2\/pages\/1606"}],"wp:attachment":[{"href":"https:\/\/www.cliniqueorl.com\/en\/wp-json\/wp\/v2\/media?parent=1614"}],"curies":[{"name":"wp","href":"https:\/\/api.w.org\/{rel}","templated":true}]}}