{"id":1389,"date":"2020-04-28T04:53:29","date_gmt":"2020-04-28T04:53:29","guid":{"rendered":"https:\/\/www.cliniqueorl.com\/?page_id=1389"},"modified":"2020-05-08T21:33:04","modified_gmt":"2020-05-08T21:33:04","slug":"gorge-et-voix","status":"publish","type":"page","link":"https:\/\/www.cliniqueorl.com\/en\/gorge-et-voix\/","title":{"rendered":"Throat and voice"},"content":{"rendered":"<div data-elementor-type=\"wp-page\" data-elementor-id=\"1389\" class=\"elementor elementor-1389\" data-elementor-post-type=\"page\">\n\t\t\t\t\t\t<section class=\"elementor-section elementor-top-section elementor-element elementor-element-d412b52 elementor-section-boxed elementor-section-height-default elementor-section-height-default\" data-id=\"d412b52\" data-element_type=\"section\" data-e-type=\"section\">\n\t\t\t\t\t\t<div class=\"elementor-container elementor-column-gap-default\">\n\t\t\t\t\t<div class=\"elementor-column elementor-col-100 elementor-top-column elementor-element elementor-element-9445ade\" data-id=\"9445ade\" data-element_type=\"column\" data-e-type=\"column\">\n\t\t\t<div class=\"elementor-widget-wrap elementor-element-populated\">\n\t\t\t\t\t\t<div class=\"elementor-element elementor-element-0402f48 elementor-widget elementor-widget-heading\" data-id=\"0402f48\" data-element_type=\"widget\" data-e-type=\"widget\" data-widget_type=\"heading.default\">\n\t\t\t\t<div class=\"elementor-widget-container\">\n\t\t\t\t\t<h2 class=\"elementor-heading-title elementor-size-default\">The ENT is the undisputed specialist of the throat<\/h2>\t\t\t\t<\/div>\n\t\t\t\t<\/div>\n\t\t\t\t\t<\/div>\n\t\t<\/div>\n\t\t\t\t\t<\/div>\n\t\t<\/section>\n\t\t\t\t<section class=\"elementor-section elementor-top-section elementor-element elementor-element-799f298 elementor-section-boxed elementor-section-height-default elementor-section-height-default\" data-id=\"799f298\" data-element_type=\"section\" data-e-type=\"section\">\n\t\t\t\t\t\t<div class=\"elementor-container elementor-column-gap-default\">\n\t\t\t\t\t<div class=\"elementor-column elementor-col-100 elementor-top-column elementor-element elementor-element-f2afa77\" data-id=\"f2afa77\" data-element_type=\"column\" data-e-type=\"column\">\n\t\t\t<div class=\"elementor-widget-wrap elementor-element-populated\">\n\t\t\t\t\t\t<div class=\"elementor-element elementor-element-92b1dc3 elementor-widget elementor-widget-image\" data-id=\"92b1dc3\" data-element_type=\"widget\" data-e-type=\"widget\" data-widget_type=\"image.default\">\n\t\t\t\t<div class=\"elementor-widget-container\">\n\t\t\t\t\t\t\t\t\t\t\t\t\t\t\t<img fetchpriority=\"high\" decoding=\"async\" width=\"940\" height=\"940\" src=\"https:\/\/www.cliniqueorl.com\/wp-content\/uploads\/2020\/05\/31-1024x1024.png\" class=\"attachment-large size-large wp-image-2064\" alt=\"orl qui regarde la gorge\" srcset=\"https:\/\/www.cliniqueorl.com\/wp-content\/uploads\/2020\/05\/31-1024x1024.png 1024w, https:\/\/www.cliniqueorl.com\/wp-content\/uploads\/2020\/05\/31-300x300.png 300w, https:\/\/www.cliniqueorl.com\/wp-content\/uploads\/2020\/05\/31-150x150.png 150w, https:\/\/www.cliniqueorl.com\/wp-content\/uploads\/2020\/05\/31-768x768.png 768w, https:\/\/www.cliniqueorl.com\/wp-content\/uploads\/2020\/05\/31-1536x1536.png 1536w\" sizes=\"(max-width: 940px) 100vw, 940px\" title=\"31\" \/>\t\t\t\t\t\t\t\t\t\t\t\t\t\t\t<\/div>\n\t\t\t\t<\/div>\n\t\t\t\t\t<\/div>\n\t\t<\/div>\n\t\t\t\t\t<\/div>\n\t\t<\/section>\n\t\t\t\t<section class=\"elementor-section elementor-top-section elementor-element elementor-element-654c83e elementor-section-boxed elementor-section-height-default elementor-section-height-default\" data-id=\"654c83e\" data-element_type=\"section\" data-e-type=\"section\">\n\t\t\t\t\t\t<div class=\"elementor-container elementor-column-gap-default\">\n\t\t\t\t\t<div class=\"elementor-column elementor-col-100 elementor-top-column elementor-element elementor-element-5ba3be7\" data-id=\"5ba3be7\" data-element_type=\"column\" data-e-type=\"column\">\n\t\t\t<div class=\"elementor-widget-wrap elementor-element-populated\">\n\t\t\t\t\t\t<div class=\"elementor-element elementor-element-f48c419 elementor-widget elementor-widget-text-editor\" data-id=\"f48c419\" data-element_type=\"widget\" data-e-type=\"widget\" data-widget_type=\"text-editor.default\">\n\t\t\t\t<div class=\"elementor-widget-container\">\n\t\t\t\t\t\t\t\t\t<p>An Otolaryngologist-Head and Neck surgery has specialized training and knowledge in laryngology, the discipline that treats all medical and surgical diseases of the upper aerodigestive tract (pharynx and larynx).<\/p>\t\t\t\t\t\t\t\t<\/div>\n\t\t\t\t<\/div>\n\t\t\t\t\t<\/div>\n\t\t<\/div>\n\t\t\t\t\t<\/div>\n\t\t<\/section>\n\t\t\t\t<\/div>","protected":false},"excerpt":{"rendered":"<p>L&rsquo;ORL, sp\u00e9cialiste incontest\u00e9 de la gorge L&rsquo;ORL est particuli\u00e8rement bien form\u00e9 en laryngologie, discipline qui traite des maladies chirurgicales et non chirurgicales des voies a\u00e9rodigestives sup\u00e9rieures (pharynx et larynx).<\/p>","protected":false},"author":2,"featured_media":0,"parent":0,"menu_order":0,"comment_status":"closed","ping_status":"closed","template":"","meta":{"footnotes":""},"class_list":["post-1389","page","type-page","status-publish","hentry"],"_links":{"self":[{"href":"https:\/\/www.cliniqueorl.com\/en\/wp-json\/wp\/v2\/pages\/1389","targetHints":{"allow":["GET"]}}],"collection":[{"href":"https:\/\/www.cliniqueorl.com\/en\/wp-json\/wp\/v2\/pages"}],"about":[{"href":"https:\/\/www.cliniqueorl.com\/en\/wp-json\/wp\/v2\/types\/page"}],"author":[{"embeddable":true,"href":"https:\/\/www.cliniqueorl.com\/en\/wp-json\/wp\/v2\/users\/2"}],"replies":[{"embeddable":true,"href":"https:\/\/www.cliniqueorl.com\/en\/wp-json\/wp\/v2\/comments?post=1389"}],"version-history":[{"count":5,"href":"https:\/\/www.cliniqueorl.com\/en\/wp-json\/wp\/v2\/pages\/1389\/revisions"}],"predecessor-version":[{"id":2065,"href":"https:\/\/www.cliniqueorl.com\/en\/wp-json\/wp\/v2\/pages\/1389\/revisions\/2065"}],"wp:attachment":[{"href":"https:\/\/www.cliniqueorl.com\/en\/wp-json\/wp\/v2\/media?parent=1389"}],"curies":[{"name":"wp","href":"https:\/\/api.w.org\/{rel}","templated":true}]}}