{"id":1383,"date":"2020-04-28T04:50:31","date_gmt":"2020-04-28T04:50:31","guid":{"rendered":"https:\/\/www.cliniqueorl.com\/?page_id=1383"},"modified":"2020-05-08T21:56:23","modified_gmt":"2020-05-08T21:56:23","slug":"ronflement-enfant","status":"publish","type":"page","link":"https:\/\/www.cliniqueorl.com\/en\/orl-pediatrique\/ronflement-enfant\/","title":{"rendered":"Runny nose in children"},"content":{"rendered":"<div data-elementor-type=\"wp-page\" data-elementor-id=\"1383\" class=\"elementor elementor-1383\" data-elementor-post-type=\"page\">\n\t\t\t\t\t\t<section class=\"elementor-section elementor-top-section elementor-element elementor-element-1fa92c4 elementor-section-boxed elementor-section-height-default elementor-section-height-default\" data-id=\"1fa92c4\" data-element_type=\"section\" data-e-type=\"section\">\n\t\t\t\t\t\t<div class=\"elementor-container elementor-column-gap-default\">\n\t\t\t\t\t<div class=\"elementor-column elementor-col-100 elementor-top-column elementor-element elementor-element-a393c66\" data-id=\"a393c66\" data-element_type=\"column\" data-e-type=\"column\">\n\t\t\t<div class=\"elementor-widget-wrap elementor-element-populated\">\n\t\t\t\t\t\t<div class=\"elementor-element elementor-element-f5762c2 elementor-widget elementor-widget-heading\" data-id=\"f5762c2\" data-element_type=\"widget\" data-e-type=\"widget\" data-widget_type=\"heading.default\">\n\t\t\t\t<div class=\"elementor-widget-container\">\n\t\t\t\t\t<h2 class=\"elementor-heading-title elementor-size-default\">What to do you when your child's nose is constantly running<\/h2>\t\t\t\t<\/div>\n\t\t\t\t<\/div>\n\t\t\t\t\t<\/div>\n\t\t<\/div>\n\t\t\t\t\t<\/div>\n\t\t<\/section>\n\t\t\t\t<section class=\"elementor-section elementor-top-section elementor-element elementor-element-69bc19a elementor-section-boxed elementor-section-height-default elementor-section-height-default\" data-id=\"69bc19a\" data-element_type=\"section\" data-e-type=\"section\">\n\t\t\t\t\t\t<div class=\"elementor-container elementor-column-gap-default\">\n\t\t\t\t\t<div class=\"elementor-column elementor-col-100 elementor-top-column elementor-element elementor-element-a094acd\" data-id=\"a094acd\" data-element_type=\"column\" data-e-type=\"column\">\n\t\t\t<div class=\"elementor-widget-wrap elementor-element-populated\">\n\t\t\t\t\t\t<div class=\"elementor-element elementor-element-72f24f7 elementor-widget elementor-widget-image\" data-id=\"72f24f7\" data-element_type=\"widget\" data-e-type=\"widget\" data-widget_type=\"image.default\">\n\t\t\t\t<div class=\"elementor-widget-container\">\n\t\t\t\t\t\t\t\t\t\t\t\t\t\t\t<img fetchpriority=\"high\" decoding=\"async\" width=\"940\" height=\"626\" src=\"https:\/\/www.cliniqueorl.com\/wp-content\/uploads\/2020\/05\/02_05-1024x682.jpg\" class=\"attachment-large size-large wp-image-2098\" alt=\"Child blowing his nose\" srcset=\"https:\/\/www.cliniqueorl.com\/wp-content\/uploads\/2020\/05\/02_05-1024x682.jpg 1024w, https:\/\/www.cliniqueorl.com\/wp-content\/uploads\/2020\/05\/02_05-300x200.jpg 300w, https:\/\/www.cliniqueorl.com\/wp-content\/uploads\/2020\/05\/02_05-768x512.jpg 768w, https:\/\/www.cliniqueorl.com\/wp-content\/uploads\/2020\/05\/02_05.jpg 1280w\" sizes=\"(max-width: 940px) 100vw, 940px\" title=\"02_05\" \/>\t\t\t\t\t\t\t\t\t\t\t\t\t\t\t<\/div>\n\t\t\t\t<\/div>\n\t\t\t\t\t<\/div>\n\t\t<\/div>\n\t\t\t\t\t<\/div>\n\t\t<\/section>\n\t\t\t\t<section class=\"elementor-section elementor-top-section elementor-element elementor-element-74f52e33 elementor-section-boxed elementor-section-height-default elementor-section-height-default\" data-id=\"74f52e33\" data-element_type=\"section\" data-e-type=\"section\">\n\t\t\t\t\t\t<div class=\"elementor-container elementor-column-gap-extended\">\n\t\t\t\t\t<div class=\"elementor-column elementor-col-100 elementor-top-column elementor-element elementor-element-33f3e088\" data-id=\"33f3e088\" data-element_type=\"column\" data-e-type=\"column\">\n\t\t\t<div class=\"elementor-widget-wrap elementor-element-populated\">\n\t\t\t\t\t\t<div class=\"elementor-element elementor-element-7c73de58 elementor-widget elementor-widget-text-editor\" data-id=\"7c73de58\" data-element_type=\"widget\" data-e-type=\"widget\" data-widget_type=\"text-editor.default\">\n\t\t\t\t<div class=\"elementor-widget-container\">\n\t\t\t\t\t\t\t\t\t<p>At the Clinique ORL de Montr\u00e9al, our subspecialist ENT doctors are trained in pediatric ENT and are able to understand, and treat your children. One call is all it takes to meet with your Otolaryngologist.<\/p>\t\t\t\t\t\t\t\t<\/div>\n\t\t\t\t<\/div>\n\t\t\t\t<div class=\"elementor-element elementor-element-78581d3e elementor-widget elementor-widget-heading\" data-id=\"78581d3e\" data-element_type=\"widget\" data-e-type=\"widget\" data-widget_type=\"heading.default\">\n\t\t\t\t<div class=\"elementor-widget-container\">\n\t\t\t\t\t<h1 class=\"elementor-heading-title elementor-size-default\">Why is my child's nose runny?<\/h1>\t\t\t\t<\/div>\n\t\t\t\t<\/div>\n\t\t\t\t<div class=\"elementor-element elementor-element-2537d85b elementor-widget elementor-widget-text-editor\" data-id=\"2537d85b\" data-element_type=\"widget\" data-e-type=\"widget\" data-widget_type=\"text-editor.default\">\n\t\t\t\t<div class=\"elementor-widget-container\">\n\t\t\t\t\t\t\t\t\t<p>Children are often afflicted with the eternal runny nose, especially if they frequent daycare.&nbsp;<\/p><p>The causes of a congested nose in a child are common and varied : viral infection, environmental irritants, allergies, nasal foreign body, or adenoid hypertrophy.&nbsp;<\/p><p>Certain conditions are self-limited, such as viral infection, but other require ENT intervention such as adenoidectomy. An ENT consultation will enable your child to be evaluated and be offered personalized recommendations.<\/p>\t\t\t\t\t\t\t\t<\/div>\n\t\t\t\t<\/div>\n\t\t\t\t\t<\/div>\n\t\t<\/div>\n\t\t\t\t\t<\/div>\n\t\t<\/section>\n\t\t\t\t<\/div>","protected":false},"excerpt":{"rendered":"<p>Que faire avec un enfant dont le nez coule constamment \u00c0 la Clinique ORL de Montr\u00e9al, nos m\u00e9decins ORL sursp\u00e9cialistes sont form\u00e9s en m\u00e9decine ORL p\u00e9diatrique et sont en mesure de comprendre, att\u00e9nuer et traiter vos enfants. Un appel suffit pour rencontrer votre oto-rhino-laryngologiste. Pourquoi le nez de mon enfant coule? Les enfants sont souvent [&hellip;]<\/p>\n","protected":false},"author":2,"featured_media":0,"parent":1606,"menu_order":0,"comment_status":"closed","ping_status":"closed","template":"","meta":{"footnotes":""},"class_list":["post-1383","page","type-page","status-publish","hentry"],"_links":{"self":[{"href":"https:\/\/www.cliniqueorl.com\/en\/wp-json\/wp\/v2\/pages\/1383","targetHints":{"allow":["GET"]}}],"collection":[{"href":"https:\/\/www.cliniqueorl.com\/en\/wp-json\/wp\/v2\/pages"}],"about":[{"href":"https:\/\/www.cliniqueorl.com\/en\/wp-json\/wp\/v2\/types\/page"}],"author":[{"embeddable":true,"href":"https:\/\/www.cliniqueorl.com\/en\/wp-json\/wp\/v2\/users\/2"}],"replies":[{"embeddable":true,"href":"https:\/\/www.cliniqueorl.com\/en\/wp-json\/wp\/v2\/comments?post=1383"}],"version-history":[{"count":13,"href":"https:\/\/www.cliniqueorl.com\/en\/wp-json\/wp\/v2\/pages\/1383\/revisions"}],"predecessor-version":[{"id":2099,"href":"https:\/\/www.cliniqueorl.com\/en\/wp-json\/wp\/v2\/pages\/1383\/revisions\/2099"}],"up":[{"embeddable":true,"href":"https:\/\/www.cliniqueorl.com\/en\/wp-json\/wp\/v2\/pages\/1606"}],"wp:attachment":[{"href":"https:\/\/www.cliniqueorl.com\/en\/wp-json\/wp\/v2\/media?parent=1383"}],"curies":[{"name":"wp","href":"https:\/\/api.w.org\/{rel}","templated":true}]}}