{"id":1368,"date":"2020-04-26T05:10:00","date_gmt":"2020-04-26T05:10:00","guid":{"rendered":"https:\/\/www.cliniqueorl.com\/?page_id=1368"},"modified":"2020-05-08T21:58:11","modified_gmt":"2020-05-08T21:58:11","slug":"otites-surdite-enfant","status":"publish","type":"page","link":"https:\/\/www.cliniqueorl.com\/en\/orl-pediatrique\/otites-surdite-enfant\/","title":{"rendered":"Ear infections and hearing loss in children"},"content":{"rendered":"<div data-elementor-type=\"wp-page\" data-elementor-id=\"1368\" class=\"elementor elementor-1368\" data-elementor-post-type=\"page\">\n\t\t\t\t\t\t<section class=\"elementor-section elementor-top-section elementor-element elementor-element-53e4cc7 elementor-section-boxed elementor-section-height-default elementor-section-height-default\" data-id=\"53e4cc7\" data-element_type=\"section\" data-e-type=\"section\">\n\t\t\t\t\t\t<div class=\"elementor-container elementor-column-gap-default\">\n\t\t\t\t\t<div class=\"elementor-column elementor-col-100 elementor-top-column elementor-element elementor-element-8e3b49f\" data-id=\"8e3b49f\" data-element_type=\"column\" data-e-type=\"column\">\n\t\t\t<div class=\"elementor-widget-wrap elementor-element-populated\">\n\t\t\t\t\t\t<div class=\"elementor-element elementor-element-6126937 elementor-widget elementor-widget-heading\" data-id=\"6126937\" data-element_type=\"widget\" data-e-type=\"widget\" data-widget_type=\"heading.default\">\n\t\t\t\t<div class=\"elementor-widget-container\">\n\t\t\t\t\t<h2 class=\"elementor-heading-title elementor-size-default\">The ENT doctor specializes in hearing loss and ear infections in children<\/h2>\t\t\t\t<\/div>\n\t\t\t\t<\/div>\n\t\t\t\t\t<\/div>\n\t\t<\/div>\n\t\t\t\t\t<\/div>\n\t\t<\/section>\n\t\t\t\t<section class=\"elementor-section elementor-top-section elementor-element elementor-element-baa88ea elementor-section-boxed elementor-section-height-default elementor-section-height-default\" data-id=\"baa88ea\" data-element_type=\"section\" data-e-type=\"section\">\n\t\t\t\t\t\t<div class=\"elementor-container elementor-column-gap-default\">\n\t\t\t\t\t<div class=\"elementor-column elementor-col-100 elementor-top-column elementor-element elementor-element-8988f4a\" data-id=\"8988f4a\" data-element_type=\"column\" data-e-type=\"column\">\n\t\t\t<div class=\"elementor-widget-wrap elementor-element-populated\">\n\t\t\t\t\t\t<div class=\"elementor-element elementor-element-90dc354 elementor-widget elementor-widget-image\" data-id=\"90dc354\" data-element_type=\"widget\" data-e-type=\"widget\" data-widget_type=\"image.default\">\n\t\t\t\t<div class=\"elementor-widget-container\">\n\t\t\t\t\t\t\t\t\t\t\t\t\t\t\t<img fetchpriority=\"high\" decoding=\"async\" width=\"940\" height=\"940\" src=\"https:\/\/www.cliniqueorl.com\/wp-content\/uploads\/2020\/05\/74-1024x1024.png\" class=\"attachment-large size-large wp-image-2101\" alt=\"ENT doctor examining child&#039;s ear\" srcset=\"https:\/\/www.cliniqueorl.com\/wp-content\/uploads\/2020\/05\/74-1024x1024.png 1024w, https:\/\/www.cliniqueorl.com\/wp-content\/uploads\/2020\/05\/74-300x300.png 300w, https:\/\/www.cliniqueorl.com\/wp-content\/uploads\/2020\/05\/74-150x150.png 150w, https:\/\/www.cliniqueorl.com\/wp-content\/uploads\/2020\/05\/74-768x768.png 768w, https:\/\/www.cliniqueorl.com\/wp-content\/uploads\/2020\/05\/74-1536x1536.png 1536w\" sizes=\"(max-width: 940px) 100vw, 940px\" title=\"74\" \/>\t\t\t\t\t\t\t\t\t\t\t\t\t\t\t<\/div>\n\t\t\t\t<\/div>\n\t\t\t\t\t<\/div>\n\t\t<\/div>\n\t\t\t\t\t<\/div>\n\t\t<\/section>\n\t\t\t\t<section class=\"elementor-section elementor-top-section elementor-element elementor-element-35a6c18d elementor-section-boxed elementor-section-height-default elementor-section-height-default\" data-id=\"35a6c18d\" data-element_type=\"section\" data-e-type=\"section\">\n\t\t\t\t\t\t<div class=\"elementor-container elementor-column-gap-extended\">\n\t\t\t\t\t<div class=\"elementor-column elementor-col-100 elementor-top-column elementor-element elementor-element-7a4a7433\" data-id=\"7a4a7433\" data-element_type=\"column\" data-e-type=\"column\">\n\t\t\t<div class=\"elementor-widget-wrap elementor-element-populated\">\n\t\t\t\t\t\t<div class=\"elementor-element elementor-element-3a6b4b8e elementor-widget elementor-widget-text-editor\" data-id=\"3a6b4b8e\" data-element_type=\"widget\" data-e-type=\"widget\" data-widget_type=\"text-editor.default\">\n\t\t\t\t<div class=\"elementor-widget-container\">\n\t\t\t\t\t\t\t\t\t<p>Children can suffer from problems with the ears due to recurrent otitis media or serous otitis media. Serous otitis media can cause hearing loss and speech delay. For these reasons, we often recommend the placement of ear tubes for children. Recurrent otitis media or serous otitis media can sometimes be caused by hypertrophy of the adenoids, which is lymphoid tissue at the back of the nose that blocks the drainage of the ear through the Eustachian tube.<\/p><p>Children can also suffer from hearing loss and vertigo.<\/p><p>Nothing replaces a consultation with an ENT to have your child evaluated and treated in a personalized way.<\/p>\t\t\t\t\t\t\t\t<\/div>\n\t\t\t\t<\/div>\n\t\t\t\t\t<\/div>\n\t\t<\/div>\n\t\t\t\t\t<\/div>\n\t\t<\/section>\n\t\t\t\t<\/div>","protected":false},"excerpt":{"rendered":"<p>L&rsquo;ORL, sp\u00e9cialiste de la sant\u00e9 auditive des enfants Les enfants sont g\u00e9n\u00e9ralement plus souvent atteints d\u2019otites moyennes \u00e0 r\u00e9p\u00e9tition ou d\u2019otites s\u00e9reuses que les adultes. Les otites s\u00e9reuses peuvent causer une perte d\u2019audition et des retards dans le d\u00e9veloppement du langage. C\u2019est pour ces raisons qu\u2019on recommande souvent l\u2019installation de tubes transtympaniques pour les enfants. [&hellip;]<\/p>\n","protected":false},"author":2,"featured_media":0,"parent":1606,"menu_order":0,"comment_status":"closed","ping_status":"closed","template":"","meta":{"footnotes":""},"class_list":["post-1368","page","type-page","status-publish","hentry"],"_links":{"self":[{"href":"https:\/\/www.cliniqueorl.com\/en\/wp-json\/wp\/v2\/pages\/1368","targetHints":{"allow":["GET"]}}],"collection":[{"href":"https:\/\/www.cliniqueorl.com\/en\/wp-json\/wp\/v2\/pages"}],"about":[{"href":"https:\/\/www.cliniqueorl.com\/en\/wp-json\/wp\/v2\/types\/page"}],"author":[{"embeddable":true,"href":"https:\/\/www.cliniqueorl.com\/en\/wp-json\/wp\/v2\/users\/2"}],"replies":[{"embeddable":true,"href":"https:\/\/www.cliniqueorl.com\/en\/wp-json\/wp\/v2\/comments?post=1368"}],"version-history":[{"count":10,"href":"https:\/\/www.cliniqueorl.com\/en\/wp-json\/wp\/v2\/pages\/1368\/revisions"}],"predecessor-version":[{"id":2102,"href":"https:\/\/www.cliniqueorl.com\/en\/wp-json\/wp\/v2\/pages\/1368\/revisions\/2102"}],"up":[{"embeddable":true,"href":"https:\/\/www.cliniqueorl.com\/en\/wp-json\/wp\/v2\/pages\/1606"}],"wp:attachment":[{"href":"https:\/\/www.cliniqueorl.com\/en\/wp-json\/wp\/v2\/media?parent=1368"}],"curies":[{"name":"wp","href":"https:\/\/api.w.org\/{rel}","templated":true}]}}