{"id":1364,"date":"2020-04-26T05:07:52","date_gmt":"2020-04-26T05:07:52","guid":{"rendered":"https:\/\/www.cliniqueorl.com\/?page_id=1364"},"modified":"2020-05-10T17:51:12","modified_gmt":"2020-05-10T17:51:12","slug":"surdite","status":"publish","type":"page","link":"https:\/\/www.cliniqueorl.com\/en\/surdite-et-vertiges\/surdite\/","title":{"rendered":"Hearing Loss"},"content":{"rendered":"<div data-elementor-type=\"wp-page\" data-elementor-id=\"1364\" class=\"elementor elementor-1364\" data-elementor-post-type=\"page\">\n\t\t\t\t\t\t<section class=\"elementor-section elementor-top-section elementor-element elementor-element-1ebfabd elementor-section-boxed elementor-section-height-default elementor-section-height-default\" data-id=\"1ebfabd\" data-element_type=\"section\" data-e-type=\"section\">\n\t\t\t\t\t\t<div class=\"elementor-container elementor-column-gap-default\">\n\t\t\t\t\t<div class=\"elementor-column elementor-col-100 elementor-top-column elementor-element elementor-element-82f005e\" data-id=\"82f005e\" data-element_type=\"column\" data-e-type=\"column\">\n\t\t\t<div class=\"elementor-widget-wrap elementor-element-populated\">\n\t\t\t\t\t\t<div class=\"elementor-element elementor-element-8f01ba2 elementor-widget elementor-widget-heading\" data-id=\"8f01ba2\" data-element_type=\"widget\" data-e-type=\"widget\" data-widget_type=\"heading.default\">\n\t\t\t\t<div class=\"elementor-widget-container\">\n\t\t\t\t\t<h2 class=\"elementor-heading-title elementor-size-default\">The ENT specialist is the director of your hearing assessment and rehabilitation<\/h2>\t\t\t\t<\/div>\n\t\t\t\t<\/div>\n\t\t\t\t\t<\/div>\n\t\t<\/div>\n\t\t\t\t\t<\/div>\n\t\t<\/section>\n\t\t\t\t<section class=\"elementor-section elementor-top-section elementor-element elementor-element-f22b97f elementor-section-boxed elementor-section-height-default elementor-section-height-default\" data-id=\"f22b97f\" data-element_type=\"section\" data-e-type=\"section\">\n\t\t\t\t\t\t<div class=\"elementor-container elementor-column-gap-default\">\n\t\t\t\t\t<div class=\"elementor-column elementor-col-100 elementor-top-column elementor-element elementor-element-d2f9895\" data-id=\"d2f9895\" data-element_type=\"column\" data-e-type=\"column\">\n\t\t\t<div class=\"elementor-widget-wrap elementor-element-populated\">\n\t\t\t\t\t\t<div class=\"elementor-element elementor-element-197bf47 elementor-widget elementor-widget-image\" data-id=\"197bf47\" data-element_type=\"widget\" data-e-type=\"widget\" data-widget_type=\"image.default\">\n\t\t\t\t<div class=\"elementor-widget-container\">\n\t\t\t\t\t\t\t\t\t\t\t\t\t\t\t<img fetchpriority=\"high\" decoding=\"async\" width=\"940\" height=\"627\" src=\"https:\/\/www.cliniqueorl.com\/wp-content\/uploads\/2020\/04\/personne-malentendante.jpg\" class=\"attachment-large size-large wp-image-1443\" alt=\"la perte auditive ou la surdit\u00e9chez les personnes \u00e2g\u00e9es est courante\" srcset=\"https:\/\/www.cliniqueorl.com\/wp-content\/uploads\/2020\/04\/personne-malentendante.jpg 998w, https:\/\/www.cliniqueorl.com\/wp-content\/uploads\/2020\/04\/personne-malentendante-300x200.jpg 300w, https:\/\/www.cliniqueorl.com\/wp-content\/uploads\/2020\/04\/personne-malentendante-768x513.jpg 768w\" sizes=\"(max-width: 940px) 100vw, 940px\" title=\"personne malentendante\" \/>\t\t\t\t\t\t\t\t\t\t\t\t\t\t\t<\/div>\n\t\t\t\t<\/div>\n\t\t\t\t\t<\/div>\n\t\t<\/div>\n\t\t\t\t\t<\/div>\n\t\t<\/section>\n\t\t\t\t<section class=\"elementor-section elementor-top-section elementor-element elementor-element-5edfefa1 elementor-section-boxed elementor-section-height-default elementor-section-height-default\" data-id=\"5edfefa1\" data-element_type=\"section\" data-e-type=\"section\">\n\t\t\t\t\t\t<div class=\"elementor-container elementor-column-gap-extended\">\n\t\t\t\t\t<div class=\"elementor-column elementor-col-100 elementor-top-column elementor-element elementor-element-cffc20f\" data-id=\"cffc20f\" data-element_type=\"column\" data-e-type=\"column\">\n\t\t\t<div class=\"elementor-widget-wrap elementor-element-populated\">\n\t\t\t\t\t\t<div class=\"elementor-element elementor-element-77db644e elementor-widget elementor-widget-text-editor\" data-id=\"77db644e\" data-element_type=\"widget\" data-e-type=\"widget\" data-widget_type=\"text-editor.default\">\n\t\t\t\t<div class=\"elementor-widget-container\">\n\t\t\t\t\t\t\t\t\t<p>At the Clinique ORL, our ENT doctors, in collaboration with audiologists and hearing aid specialists, are able to help you understand, alleviate and treat your hearing problems and other related problems related to hearing health. One call is all it takes to meet with one of our specialists.<\/p>\t\t\t\t\t\t\t\t<\/div>\n\t\t\t\t<\/div>\n\t\t\t\t<div class=\"elementor-element elementor-element-2e37bd0c elementor-widget elementor-widget-heading\" data-id=\"2e37bd0c\" data-element_type=\"widget\" data-e-type=\"widget\" data-widget_type=\"heading.default\">\n\t\t\t\t<div class=\"elementor-widget-container\">\n\t\t\t\t\t<h1 class=\"elementor-heading-title elementor-size-default\">HEARING LOSS<\/h1>\t\t\t\t<\/div>\n\t\t\t\t<\/div>\n\t\t\t\t<div class=\"elementor-element elementor-element-25d3bda9 elementor-widget elementor-widget-text-editor\" data-id=\"25d3bda9\" data-element_type=\"widget\" data-e-type=\"widget\" data-widget_type=\"text-editor.default\">\n\t\t\t\t<div class=\"elementor-widget-container\">\n\t\t\t\t\t\t\t\t\t<p>Hearing loss affects one adult out of twenty. It can have dire consequences on the quality of life of an individual, his or her family and friends, as well as at work. Hearing loss can cause social isolation, depression, and even a decrease in work productivity. Finally, hearing loss can be a sign of a brain tumor, such as cerebellopontine angle tumors. The evaluation of hearing loss starts with a meeting with an Otolaryngology specialist that will assess your ears for easily reversible causes such as ear wax. The doctor will then refer you for a hearing test (audiogram). The audiogram will help us find out if you are suffering from conductive hearing loss, due to a problem with the transmission of sound, or sensorineural hearing loss, due to a problem with the transformation of sound into electrical signals understood by your brain. Depending on the results of the hearing test, your doctor will either refer you for additional testing, recommend surgery, or refer you to a hearing aid specialist.<br \/>handicapantes sur la qualit\u00e9 de vie d\u2019un individu, de sa famille, de ses amis et m\u00eame au niveau de son emploi. Elle peut causer des probl\u00e8mes d\u2019isolement social, de d\u00e9pression, et de diminution de la productivit\u00e9 au travail. De plus, la perte d\u2019audition peut parfois \u00eatre un sympt\u00f4me d\u2019une maladie plus grave comme une tumeur de l\u2019angle pontoc\u00e9r\u00e9belleux. L\u2019\u00e9valuation de la perte d\u2019audition commence par la rencontre avec un ORL qui \u00e9value pour les pertes facilement r\u00e9versibles, comme le c\u00e9rumen. L\u2019ORL vous recommandera ensuite de passer un test d\u2019audition (audiogramme). L\u2019audiogramme permettra de savoir si la surdit\u00e9 est une surdit\u00e9 de conduction, due \u00e0 une probl\u00e8me de transmission des sons, ou bien une surdit\u00e9 de perception, due \u00e0 un probl\u00e8me de transformation du son en signal \u00e9lectrique compris par le cerveau. En fonction des r\u00e9sultats de l\u2019audiogramme, votre sp\u00e9cialiste ORL vous recommandera soit des tests additionnels, soit une chirurgie, soit un appareillage auditif.<\/p><p><strong>Guidelines<\/strong><br \/><a href=\"https:\/\/www.entnet.org\/?q=node\/339\" target=\"_blank\" rel=\"noopener\">AAO-HNS<\/a>\u00a0<br \/><a href=\"https:\/\/www.ramq.gouv.qc.ca\/fr\/citoyens\/programmes-aide\/aides-auditives\/pages\/aides-auditives.aspx\" target=\"_blank\" rel=\"noopener\">Programme d\u2019aides auditives du gouvernement du Qu\u00e9bec<\/a><\/p>\t\t\t\t\t\t\t\t<\/div>\n\t\t\t\t<\/div>\n\t\t\t\t<div class=\"elementor-element elementor-element-34a383b elementor-widget elementor-widget-heading\" data-id=\"34a383b\" data-element_type=\"widget\" data-e-type=\"widget\" data-widget_type=\"heading.default\">\n\t\t\t\t<div class=\"elementor-widget-container\">\n\t\t\t\t\t<h2 class=\"elementor-heading-title elementor-size-default\">SUDDEN HEARING LOSS<\/h2>\t\t\t\t<\/div>\n\t\t\t\t<\/div>\n\t\t\t\t<div class=\"elementor-element elementor-element-9dee401 elementor-widget elementor-widget-text-editor\" data-id=\"9dee401\" data-element_type=\"widget\" data-e-type=\"widget\" data-widget_type=\"text-editor.default\">\n\t\t\t\t<div class=\"elementor-widget-container\">\n\t\t\t\t\t\t\t\t\t<p><strong>Sudden hearing loss<\/strong> is defined as sudden loss of hearing in less than 72 hours. It is a medical emergency and patients should go to the emergency room for evaluation. Treatment consists or oral or intratympanic steroids.<\/p>\t\t\t\t\t\t\t\t<\/div>\n\t\t\t\t<\/div>\n\t\t\t\t<div class=\"elementor-element elementor-element-57518f92 elementor-widget elementor-widget-spacer\" data-id=\"57518f92\" data-element_type=\"widget\" data-e-type=\"widget\" data-widget_type=\"spacer.default\">\n\t\t\t\t<div class=\"elementor-widget-container\">\n\t\t\t\t\t\t\t<div class=\"elementor-spacer\">\n\t\t\t<div class=\"elementor-spacer-inner\"><\/div>\n\t\t<\/div>\n\t\t\t\t\t\t<\/div>\n\t\t\t\t<\/div>\n\t\t\t\t\t<\/div>\n\t\t<\/div>\n\t\t\t\t\t<\/div>\n\t\t<\/section>\n\t\t\t\t<\/div>","protected":false},"excerpt":{"rendered":"<p>L&rsquo;ORL, le chef d&rsquo;orchestre de votre r\u00e9habilitation auditive \u00c0 la Clinique ORL de Montr\u00e9al, nos m\u00e9decins ORL, en collaboration avec les audiologistes et les audioproth\u00e9sistes, sont en mesures de vous aider \u00e0 comprendre, att\u00e9nuer, traiter vos probl\u00e8mes d&rsquo;audition et autres probl\u00e8mes connexes li\u00e9s \u00e0 la sant\u00e9 auditive. Un appel suffit pour rencontrer un de nos [&hellip;]<\/p>\n","protected":false},"author":2,"featured_media":0,"parent":1334,"menu_order":0,"comment_status":"closed","ping_status":"closed","template":"","meta":{"footnotes":""},"class_list":["post-1364","page","type-page","status-publish","hentry"],"_links":{"self":[{"href":"https:\/\/www.cliniqueorl.com\/en\/wp-json\/wp\/v2\/pages\/1364","targetHints":{"allow":["GET"]}}],"collection":[{"href":"https:\/\/www.cliniqueorl.com\/en\/wp-json\/wp\/v2\/pages"}],"about":[{"href":"https:\/\/www.cliniqueorl.com\/en\/wp-json\/wp\/v2\/types\/page"}],"author":[{"embeddable":true,"href":"https:\/\/www.cliniqueorl.com\/en\/wp-json\/wp\/v2\/users\/2"}],"replies":[{"embeddable":true,"href":"https:\/\/www.cliniqueorl.com\/en\/wp-json\/wp\/v2\/comments?post=1364"}],"version-history":[{"count":18,"href":"https:\/\/www.cliniqueorl.com\/en\/wp-json\/wp\/v2\/pages\/1364\/revisions"}],"predecessor-version":[{"id":2241,"href":"https:\/\/www.cliniqueorl.com\/en\/wp-json\/wp\/v2\/pages\/1364\/revisions\/2241"}],"up":[{"embeddable":true,"href":"https:\/\/www.cliniqueorl.com\/en\/wp-json\/wp\/v2\/pages\/1334"}],"wp:attachment":[{"href":"https:\/\/www.cliniqueorl.com\/en\/wp-json\/wp\/v2\/media?parent=1364"}],"curies":[{"name":"wp","href":"https:\/\/api.w.org\/{rel}","templated":true}]}}