{"id":1358,"date":"2020-04-26T05:03:44","date_gmt":"2020-04-26T05:03:44","guid":{"rendered":"https:\/\/www.cliniqueorl.com\/?page_id=1358"},"modified":"2020-05-08T22:13:51","modified_gmt":"2020-05-08T22:13:51","slug":"schwannome-vestibulaire-et-base-du-crane","status":"publish","type":"page","link":"https:\/\/www.cliniqueorl.com\/en\/surdite-et-vertiges\/schwannome-vestibulaire-et-base-du-crane\/","title":{"rendered":"Vestibular schwannoma and base of skull"},"content":{"rendered":"<div data-elementor-type=\"wp-page\" data-elementor-id=\"1358\" class=\"elementor elementor-1358\" data-elementor-post-type=\"page\">\n\t\t\t\t\t\t<section class=\"elementor-section elementor-top-section elementor-element elementor-element-0a301f0 elementor-section-boxed elementor-section-height-default elementor-section-height-default\" data-id=\"0a301f0\" data-element_type=\"section\" data-e-type=\"section\">\n\t\t\t\t\t\t<div class=\"elementor-container elementor-column-gap-default\">\n\t\t\t\t\t<div class=\"elementor-column elementor-col-100 elementor-top-column elementor-element elementor-element-5240c5d\" data-id=\"5240c5d\" data-element_type=\"column\" data-e-type=\"column\">\n\t\t\t<div class=\"elementor-widget-wrap elementor-element-populated\">\n\t\t\t\t\t\t<div class=\"elementor-element elementor-element-2fe680e elementor-widget elementor-widget-heading\" data-id=\"2fe680e\" data-element_type=\"widget\" data-e-type=\"widget\" data-widget_type=\"heading.default\">\n\t\t\t\t<div class=\"elementor-widget-container\">\n\t\t\t\t\t<h2 class=\"elementor-heading-title elementor-size-default\">Vestibular schwannoma and base of skull<\/h2>\t\t\t\t<\/div>\n\t\t\t\t<\/div>\n\t\t\t\t\t<\/div>\n\t\t<\/div>\n\t\t\t\t\t<\/div>\n\t\t<\/section>\n\t\t\t\t<section class=\"elementor-section elementor-top-section elementor-element elementor-element-1c45d2c elementor-section-boxed elementor-section-height-default elementor-section-height-default\" data-id=\"1c45d2c\" data-element_type=\"section\" data-e-type=\"section\">\n\t\t\t\t\t\t<div class=\"elementor-container elementor-column-gap-default\">\n\t\t\t\t\t<div class=\"elementor-column elementor-col-100 elementor-top-column elementor-element elementor-element-325f900\" data-id=\"325f900\" data-element_type=\"column\" data-e-type=\"column\">\n\t\t\t<div class=\"elementor-widget-wrap elementor-element-populated\">\n\t\t\t\t\t\t<div class=\"elementor-element elementor-element-93dc257 elementor-widget elementor-widget-image\" data-id=\"93dc257\" data-element_type=\"widget\" data-e-type=\"widget\" data-widget_type=\"image.default\">\n\t\t\t\t<div class=\"elementor-widget-container\">\n\t\t\t\t\t\t\t\t\t\t\t\t\t\t\t<img fetchpriority=\"high\" decoding=\"async\" width=\"940\" height=\"940\" src=\"https:\/\/www.cliniqueorl.com\/wp-content\/uploads\/2020\/05\/10-1024x1024.png\" class=\"attachment-large size-large wp-image-2119\" alt=\"Woman with ear problem\" srcset=\"https:\/\/www.cliniqueorl.com\/wp-content\/uploads\/2020\/05\/10-1024x1024.png 1024w, https:\/\/www.cliniqueorl.com\/wp-content\/uploads\/2020\/05\/10-300x300.png 300w, https:\/\/www.cliniqueorl.com\/wp-content\/uploads\/2020\/05\/10-150x150.png 150w, https:\/\/www.cliniqueorl.com\/wp-content\/uploads\/2020\/05\/10-768x768.png 768w, https:\/\/www.cliniqueorl.com\/wp-content\/uploads\/2020\/05\/10-1536x1536.png 1536w\" sizes=\"(max-width: 940px) 100vw, 940px\" title=\"10\" \/>\t\t\t\t\t\t\t\t\t\t\t\t\t\t\t<\/div>\n\t\t\t\t<\/div>\n\t\t\t\t\t<\/div>\n\t\t<\/div>\n\t\t\t\t\t<\/div>\n\t\t<\/section>\n\t\t\t\t<section class=\"elementor-section elementor-top-section elementor-element elementor-element-35ac7dc0 elementor-section-boxed elementor-section-height-default elementor-section-height-default\" data-id=\"35ac7dc0\" data-element_type=\"section\" data-e-type=\"section\">\n\t\t\t\t\t\t<div class=\"elementor-container elementor-column-gap-extended\">\n\t\t\t\t\t<div class=\"elementor-column elementor-col-100 elementor-top-column elementor-element elementor-element-70b927ea\" data-id=\"70b927ea\" data-element_type=\"column\" data-e-type=\"column\">\n\t\t\t<div class=\"elementor-widget-wrap elementor-element-populated\">\n\t\t\t\t\t\t<div class=\"elementor-element elementor-element-267db802 elementor-widget elementor-widget-text-editor\" data-id=\"267db802\" data-element_type=\"widget\" data-e-type=\"widget\" data-widget_type=\"text-editor.default\">\n\t\t\t\t<div class=\"elementor-widget-container\">\n\t\t\t\t\t\t\t\t\t<p>Vestibular schwannomas, or acoustic neuromas, are benign tumors that originate from the nerves of hearing or balance. They are usually located at the exit of the hearing and balance nerves from the brain, in a region called the cerebellopontine angle. These tumors do not cause metastases, but they can increase in size and cause hearing loss and compression of the brain. Acoustic neuromas usually manifest themselves with unilateral progressive hearing loss. They can sometimes cause loss of balance.<\/p><p>Diagnosis is with a hearing test and a brain MRI.<\/p><p>Treatments are multiple. For small tumors that do not cause hearing dysfunction, observation is an option because these tumors grow very slowly. Radiation treatments are also possible. Surgical treatment of vestibular schwannomas is possible and offered at the Clinique ORL de Montr\u00e9al. Surgical treatment is performed with complex advanced surgery called skull base surgery for which a particular expertise is required.<\/p><p>Although schwannomas are the most common skull base tumors of the hearing and balance nerves, other tumors can present themselves in the same way and also require treatment, such as meningiomas.<\/p>\t\t\t\t\t\t\t\t<\/div>\n\t\t\t\t<\/div>\n\t\t\t\t\t<\/div>\n\t\t<\/div>\n\t\t\t\t\t<\/div>\n\t\t<\/section>\n\t\t\t\t<\/div>","protected":false},"excerpt":{"rendered":"<p>Schwannome vestibulaire et base du cr\u00e2ne Les schwannomes vestibulaires, ou neurinome acoustiques, sont des tumeurs b\u00e9nignes originant des nerfs de l\u2019audition ou de l\u2019\u00e9quilibre. Ils sont localis\u00e9s \u00e0 la sortie du nerf auditif du cerveau, \u00e0 un endroit nomm\u00e9 angle pontoc\u00e9r\u00e9belleux. Ces tumeurs ne causent g\u00e9n\u00e9ralement pas de m\u00e9tastase, elles peuvent par contre grandir et [&hellip;]<\/p>\n","protected":false},"author":2,"featured_media":0,"parent":1334,"menu_order":0,"comment_status":"closed","ping_status":"closed","template":"","meta":{"footnotes":""},"class_list":["post-1358","page","type-page","status-publish","hentry"],"_links":{"self":[{"href":"https:\/\/www.cliniqueorl.com\/en\/wp-json\/wp\/v2\/pages\/1358","targetHints":{"allow":["GET"]}}],"collection":[{"href":"https:\/\/www.cliniqueorl.com\/en\/wp-json\/wp\/v2\/pages"}],"about":[{"href":"https:\/\/www.cliniqueorl.com\/en\/wp-json\/wp\/v2\/types\/page"}],"author":[{"embeddable":true,"href":"https:\/\/www.cliniqueorl.com\/en\/wp-json\/wp\/v2\/users\/2"}],"replies":[{"embeddable":true,"href":"https:\/\/www.cliniqueorl.com\/en\/wp-json\/wp\/v2\/comments?post=1358"}],"version-history":[{"count":9,"href":"https:\/\/www.cliniqueorl.com\/en\/wp-json\/wp\/v2\/pages\/1358\/revisions"}],"predecessor-version":[{"id":2120,"href":"https:\/\/www.cliniqueorl.com\/en\/wp-json\/wp\/v2\/pages\/1358\/revisions\/2120"}],"up":[{"embeddable":true,"href":"https:\/\/www.cliniqueorl.com\/en\/wp-json\/wp\/v2\/pages\/1334"}],"wp:attachment":[{"href":"https:\/\/www.cliniqueorl.com\/en\/wp-json\/wp\/v2\/media?parent=1358"}],"curies":[{"name":"wp","href":"https:\/\/api.w.org\/{rel}","templated":true}]}}