{"id":1336,"date":"2020-04-26T00:08:25","date_gmt":"2020-04-26T00:08:25","guid":{"rendered":"https:\/\/www.cliniqueorl.com\/?page_id=1336"},"modified":"2020-05-08T13:03:26","modified_gmt":"2020-05-08T13:03:26","slug":"otites-moyennes-externes","status":"publish","type":"page","link":"https:\/\/www.cliniqueorl.com\/en\/surdite-et-vertiges\/otites-moyennes-externes\/","title":{"rendered":"Ear infections"},"content":{"rendered":"<div data-elementor-type=\"wp-page\" data-elementor-id=\"1336\" class=\"elementor elementor-1336\" data-elementor-post-type=\"page\">\n\t\t\t\t\t\t<section class=\"elementor-section elementor-top-section elementor-element elementor-element-4dc72910 elementor-section-boxed elementor-section-height-default elementor-section-height-default\" data-id=\"4dc72910\" data-element_type=\"section\" data-e-type=\"section\">\n\t\t\t\t\t\t<div class=\"elementor-container elementor-column-gap-extended\">\n\t\t\t\t\t<div class=\"elementor-column elementor-col-100 elementor-top-column elementor-element elementor-element-62c90560\" data-id=\"62c90560\" data-element_type=\"column\" data-e-type=\"column\">\n\t\t\t<div class=\"elementor-widget-wrap elementor-element-populated\">\n\t\t\t\t\t\t<div class=\"elementor-element elementor-element-585b2a7 elementor-widget elementor-widget-heading\" data-id=\"585b2a7\" data-element_type=\"widget\" data-e-type=\"widget\" data-widget_type=\"heading.default\">\n\t\t\t\t<div class=\"elementor-widget-container\">\n\t\t\t\t\t<h1 class=\"elementor-heading-title elementor-size-default\">Ear infections (otitis)<\/h1>\t\t\t\t<\/div>\n\t\t\t\t<\/div>\n\t\t\t\t<div class=\"elementor-element elementor-element-43ace52 elementor-widget elementor-widget-text-editor\" data-id=\"43ace52\" data-element_type=\"widget\" data-e-type=\"widget\" data-widget_type=\"text-editor.default\">\n\t\t\t\t<div class=\"elementor-widget-container\">\n\t\t\t\t\t\t\t\t\t<p>Here is a brief informative overview of the different types of otitis.<\/p>\t\t\t\t\t\t\t\t<\/div>\n\t\t\t\t<\/div>\n\t\t\t\t<div class=\"elementor-element elementor-element-68df3093 elementor-widget elementor-widget-heading\" data-id=\"68df3093\" data-element_type=\"widget\" data-e-type=\"widget\" data-widget_type=\"heading.default\">\n\t\t\t\t<div class=\"elementor-widget-container\">\n\t\t\t\t\t<h2 class=\"elementor-heading-title elementor-size-default\">Otitis externa<\/h2>\t\t\t\t<\/div>\n\t\t\t\t<\/div>\n\t\t\t\t<div class=\"elementor-element elementor-element-6fe3db7e elementor-widget elementor-widget-text-editor\" data-id=\"6fe3db7e\" data-element_type=\"widget\" data-e-type=\"widget\" data-widget_type=\"text-editor.default\">\n\t\t\t\t<div class=\"elementor-widget-container\">\n\t\t\t\t\t\t\t\t\t<p>o\tOtitis externa is an infection of the external part of the ear, mainly at the level of the ear canal. It is characterized by pain and sometimes purulent drainage. It rarely causes fever. Swimming and use of ear swabs are risk factors. The treatment is cleaning of the ear under the microscope, the placement of a \u00ab wick \u00bb dressing, and antibiotic drops. Antibiotics by mouth are generally not necessary. In diabetics, otitis exerne can become complicated as malignant otitis externa which is an infection of the bone, and requires treatment with intravenous antibiotics.<\/p>\t\t\t\t\t\t\t\t<\/div>\n\t\t\t\t<\/div>\n\t\t\t\t<div class=\"elementor-element elementor-element-4e6b2a4b elementor-widget elementor-widget-heading\" data-id=\"4e6b2a4b\" data-element_type=\"widget\" data-e-type=\"widget\" data-widget_type=\"heading.default\">\n\t\t\t\t<div class=\"elementor-widget-container\">\n\t\t\t\t\t<h2 class=\"elementor-heading-title elementor-size-default\">Otitis media<\/h2>\t\t\t\t<\/div>\n\t\t\t\t<\/div>\n\t\t\t\t<div class=\"elementor-element elementor-element-14251fac elementor-widget elementor-widget-text-editor\" data-id=\"14251fac\" data-element_type=\"widget\" data-e-type=\"widget\" data-widget_type=\"text-editor.default\">\n\t\t\t\t<div class=\"elementor-widget-container\">\n\t\t\t\t\t\t\t\t\t<p>o\tOtitis media is an infection of the part of the ear behind the eardrum. It is often preceded by a cold and can be accompanied with sinusitis. It produces intense pain, hearing loss, and sometimes purulent discharge due to a perforation in the eardrum. It is much more common in children, but is possible in adults. Examination of the back of the nose using a camera by an Otolaryngologist is necessary to eliminate a mass that blocks the drainage of the middle ear through the Eustachian tube (tube that links the nose to the ear). The treatment is generally antibiotics by mouth if otitis persists more than 48 hours. When otitis media produces complications (such as facial paralysis or meningitis), or when children have repeatd bouts of otitis medial, the treatment can include the surgical placement of myringotomy tubes.<\/p>\t\t\t\t\t\t\t\t<\/div>\n\t\t\t\t<\/div>\n\t\t\t\t<div class=\"elementor-element elementor-element-a99916f elementor-widget elementor-widget-image\" data-id=\"a99916f\" data-element_type=\"widget\" data-e-type=\"widget\" data-widget_type=\"image.default\">\n\t\t\t\t<div class=\"elementor-widget-container\">\n\t\t\t\t\t\t\t\t\t\t\t\t\t\t\t<img fetchpriority=\"high\" decoding=\"async\" width=\"300\" height=\"283\" src=\"https:\/\/www.cliniqueorl.com\/wp-content\/uploads\/2020\/04\/otite-moyenne-sereuse-300x283.jpeg\" class=\"attachment-medium size-medium wp-image-1347\" alt=\"tympan d&#039;une oreille avec otite moyenne s\u00e9reuse\" srcset=\"https:\/\/www.cliniqueorl.com\/wp-content\/uploads\/2020\/04\/otite-moyenne-sereuse-300x283.jpeg 300w, https:\/\/www.cliniqueorl.com\/wp-content\/uploads\/2020\/04\/otite-moyenne-sereuse-768x724.jpeg 768w, https:\/\/www.cliniqueorl.com\/wp-content\/uploads\/2020\/04\/otite-moyenne-sereuse.jpeg 1003w\" sizes=\"(max-width: 300px) 100vw, 300px\" title=\"otite moyenne s\u00e9reuse\" \/>\t\t\t\t\t\t\t\t\t\t\t\t\t\t\t<\/div>\n\t\t\t\t<\/div>\n\t\t\t\t<div class=\"elementor-element elementor-element-57df7479 elementor-widget elementor-widget-heading\" data-id=\"57df7479\" data-element_type=\"widget\" data-e-type=\"widget\" data-widget_type=\"heading.default\">\n\t\t\t\t<div class=\"elementor-widget-container\">\n\t\t\t\t\t<h2 class=\"elementor-heading-title elementor-size-default\">Serous otitis media<\/h2>\t\t\t\t<\/div>\n\t\t\t\t<\/div>\n\t\t\t\t<div class=\"elementor-element elementor-element-69a2e672 elementor-widget elementor-widget-text-editor\" data-id=\"69a2e672\" data-element_type=\"widget\" data-e-type=\"widget\" data-widget_type=\"text-editor.default\">\n\t\t\t\t<div class=\"elementor-widget-container\">\n\t\t\t\t\t\t\t\t\t<p>Serous otitis media is the presence of non-infected fluid behind the eardrum that causes hearing loss. This fluid most often resorbs spontaneously within three months. However, in young children, persistent fluid can cause speech delay. In these cases, we sometimes recommend placement of ear tubes.<\/p><p>Our doctors at the Clinique ORL are available to evaluate and treat you for all these conditions<\/p>\t\t\t\t\t\t\t\t<\/div>\n\t\t\t\t<\/div>\n\t\t\t\t\t<\/div>\n\t\t<\/div>\n\t\t\t\t\t<\/div>\n\t\t<\/section>\n\t\t\t\t<\/div>","protected":false},"excerpt":{"rendered":"<p>Les otites Voici un survol informatif des types d&rsquo;otites. Otite externe L\u2019otite externe est une infection de l\u2019oreille externe, principalement au niveau du conduit auditif de l\u2019oreille. Elle se caract\u00e9rise par une douleur exquise, parfois un \u00e9coulement purulent. Elle donne rarement de la fi\u00e8vre. La baignade et l\u2019utilisation de cotons-tiges sont des facteurs de risque. [&hellip;]<\/p>\n","protected":false},"author":2,"featured_media":0,"parent":1334,"menu_order":0,"comment_status":"closed","ping_status":"closed","template":"","meta":{"footnotes":""},"class_list":["post-1336","page","type-page","status-publish","hentry"],"_links":{"self":[{"href":"https:\/\/www.cliniqueorl.com\/en\/wp-json\/wp\/v2\/pages\/1336","targetHints":{"allow":["GET"]}}],"collection":[{"href":"https:\/\/www.cliniqueorl.com\/en\/wp-json\/wp\/v2\/pages"}],"about":[{"href":"https:\/\/www.cliniqueorl.com\/en\/wp-json\/wp\/v2\/types\/page"}],"author":[{"embeddable":true,"href":"https:\/\/www.cliniqueorl.com\/en\/wp-json\/wp\/v2\/users\/2"}],"replies":[{"embeddable":true,"href":"https:\/\/www.cliniqueorl.com\/en\/wp-json\/wp\/v2\/comments?post=1336"}],"version-history":[{"count":13,"href":"https:\/\/www.cliniqueorl.com\/en\/wp-json\/wp\/v2\/pages\/1336\/revisions"}],"predecessor-version":[{"id":1872,"href":"https:\/\/www.cliniqueorl.com\/en\/wp-json\/wp\/v2\/pages\/1336\/revisions\/1872"}],"up":[{"embeddable":true,"href":"https:\/\/www.cliniqueorl.com\/en\/wp-json\/wp\/v2\/pages\/1334"}],"wp:attachment":[{"href":"https:\/\/www.cliniqueorl.com\/en\/wp-json\/wp\/v2\/media?parent=1336"}],"curies":[{"name":"wp","href":"https:\/\/api.w.org\/{rel}","templated":true}]}}