{"id":1334,"date":"2020-04-26T00:07:10","date_gmt":"2020-04-26T00:07:10","guid":{"rendered":"https:\/\/www.cliniqueorl.com\/?page_id=1334"},"modified":"2020-05-09T15:31:12","modified_gmt":"2020-05-09T15:31:12","slug":"surdite-et-vertiges","status":"publish","type":"page","link":"https:\/\/www.cliniqueorl.com\/en\/surdite-et-vertiges\/","title":{"rendered":"Hearing loss &amp; vertigo"},"content":{"rendered":"<h2>Otology and skull base surgery<\/h2>\n<p><img fetchpriority=\"high\" decoding=\"async\" title=\"26\" src=\"https:\/\/www.cliniqueorl.com\/wp-content\/uploads\/2020\/05\/26-1024x1024.png\" sizes=\"(max-width: 940px) 100vw, 940px\" srcset=\"https:\/\/www.cliniqueorl.com\/wp-content\/uploads\/2020\/05\/26-1024x1024.png 1024w, https:\/\/www.cliniqueorl.com\/wp-content\/uploads\/2020\/05\/26-300x300.png 300w, https:\/\/www.cliniqueorl.com\/wp-content\/uploads\/2020\/05\/26-150x150.png 150w, https:\/\/www.cliniqueorl.com\/wp-content\/uploads\/2020\/05\/26-768x768.png 768w, https:\/\/www.cliniqueorl.com\/wp-content\/uploads\/2020\/05\/26-1536x1536.png 1536w\" alt=\"Examining elderly woman ear\" width=\"940\" height=\"940\" \/><\/p>\n<p>The subspecialty of Otolaryngology that takes care of simple and complex problems with hearing and balance is called Otology and Skull base surgery.<\/p>\n<p>An otologist (skull base surgeon) generally completes medical school (four or five years), a residency in Otolaryngology (five years), then one or two years of subspecialized fellowship.<\/p>","protected":false},"excerpt":{"rendered":"<p>Otologie et chirurgie de la base du cr\u00e2ne La sursp\u00e9cialit\u00e9 de l&rsquo;ORL qui s&rsquo;occupe de traiter les probl\u00e8mes simples et complexes de l&rsquo;appareil auditif et vestibulaire (\u00e9quilibre) se nomme otologie et chirurgie de la base du cr\u00e2ne. Un otologiste (chirurgien de la base du cr\u00e2ne) a g\u00e9n\u00e9ralement compl\u00e9t\u00e9 des \u00e9tudes en m\u00e9decine (quatre ou cinq [&hellip;]<\/p>\n","protected":false},"author":2,"featured_media":0,"parent":0,"menu_order":0,"comment_status":"closed","ping_status":"closed","template":"","meta":{"footnotes":""},"class_list":["post-1334","page","type-page","status-publish","hentry"],"_links":{"self":[{"href":"https:\/\/www.cliniqueorl.com\/en\/wp-json\/wp\/v2\/pages\/1334","targetHints":{"allow":["GET"]}}],"collection":[{"href":"https:\/\/www.cliniqueorl.com\/en\/wp-json\/wp\/v2\/pages"}],"about":[{"href":"https:\/\/www.cliniqueorl.com\/en\/wp-json\/wp\/v2\/types\/page"}],"author":[{"embeddable":true,"href":"https:\/\/www.cliniqueorl.com\/en\/wp-json\/wp\/v2\/users\/2"}],"replies":[{"embeddable":true,"href":"https:\/\/www.cliniqueorl.com\/en\/wp-json\/wp\/v2\/comments?post=1334"}],"version-history":[{"count":8,"href":"https:\/\/www.cliniqueorl.com\/en\/wp-json\/wp\/v2\/pages\/1334\/revisions"}],"predecessor-version":[{"id":2201,"href":"https:\/\/www.cliniqueorl.com\/en\/wp-json\/wp\/v2\/pages\/1334\/revisions\/2201"}],"wp:attachment":[{"href":"https:\/\/www.cliniqueorl.com\/en\/wp-json\/wp\/v2\/media?parent=1334"}],"curies":[{"name":"wp","href":"https:\/\/api.w.org\/{rel}","templated":true}]}}